{"id":4983,"date":"2022-03-19T18:59:17","date_gmt":"2022-03-19T18:59:17","guid":{"rendered":"https:\/\/dekkal-quincaillerie.dz\/fr\/index.php\/produit\/peinture-satinee-vert-pistache-pigma-color\/"},"modified":"2025-03-22T07:16:42","modified_gmt":"2025-03-22T07:16:42","slug":"peinture-satinee-vert-pistache-pigma-color","status":"publish","type":"product","link":"https:\/\/dekkal-quincaillerie.dz\/fr\/produit\/peinture-satinee-vert-pistache-pigma-color\/","title":{"rendered":"Peinture satin\u00e9e vert pistache PIGMA COLOR"},"content":{"rendered":"<h3>Peinture satin\u00e9e vert pistache PIGMA COLOR<\/h3>\n<h4><u>Utilisation:<\/u><\/h4>\n<ul>\n<li>C&rsquo;est une peinture polyvalente, utilisable dans toutes les pi\u00e8ces de la maison ( b\u00e9ton, brique, pl\u00e2tre et enduit).<\/li>\n<li>S&rsquo;applique aussi sur anciennes peintures \u00e0 base d&rsquo;eau.<\/li>\n<\/ul>\n<p>Non seulement elle a un bon pouvoir couvrant mais, en plus, elle est tr\u00e8s facile d&rsquo;entretien. Elle ne craint pas le savon. La peinture satin\u00e9e r\u00e9fl\u00e9chit l\u00e9g\u00e8rement la lumi\u00e8re, ce qui donnera de l&rsquo;\u00e9clat \u00e0 vos murs.<\/p>\n<h4><u>Propri\u00e9t\u00e9 :<\/u><\/h4>\n<ul>\n<li>Tr\u00e8s bonne tenue \u00e0 l\u2019int\u00e9rieur et \u00e0 l\u2019ext\u00e9rieur.<\/li>\n<li>Bonne stabilit\u00e9 au stockage.<\/li>\n<li>Bonne r\u00e9sistance \u00e0 l\u2019eau et au milieu alcalin.<\/li>\n<li>Bonne r\u00e9sistance \u00e0 l\u2019abrasion humide.<\/li>\n<\/ul>\n<p>&nbsp;<\/p>\n","protected":false},"excerpt":{"rendered":"<p>Peinture satin\u00e9e vert pistache PIGMA COLOR Utilisation: C&rsquo;est une peinture polyvalente, utilisable dans toutes les pi\u00e8ces de la maison ( b\u00e9ton, brique, pl\u00e2tre et enduit). S&rsquo;applique aussi sur anciennes peintures \u00e0 base d&rsquo;eau. Non seulement elle a un bon pouvoir couvrant mais, en plus, elle est tr\u00e8s facile d&rsquo;entretien. Elle ne craint pas le savon. [&hellip;]<\/p>\n","protected":false},"featured_media":4984,"template":"","meta":{"jetpack_post_was_ever_published":false,"jetpack_publicize_message":"","jetpack_publicize_feature_enabled":true,"jetpack_social_post_already_shared":false,"jetpack_social_options":{"image_generator_settings":{"template":"highway","default_image_id":0,"font":"","enabled":false},"version":2}},"product_brand":[],"product_cat":[692],"product_tag":[696,238,695,713,693,426],"class_list":{"0":"post-4983","1":"product","2":"type-product","3":"status-publish","4":"has-post-thumbnail","6":"product_cat-peinture-pigma-color","7":"product_tag-color","8":"product_tag-peinture","9":"product_tag-pigma","10":"product_tag-pistache","11":"product_tag-satinee","12":"product_tag-vert","14":"first","15":"instock","16":"purchasable","17":"product-type-simple"},"yoast_head":"<!-- This site is optimized with the Yoast SEO Premium plugin v20.0 (Yoast SEO v27.3) - https:\/\/yoast.com\/product\/yoast-seo-premium-wordpress\/ -->\n<title>Peinture satin\u00e9e vert pistache PIGMA COLOR - DEKKAL<\/title>\n<meta name=\"robots\" content=\"index, follow, max-snippet:-1, max-image-preview:large, max-video-preview:-1\" \/>\n<link rel=\"canonical\" href=\"https:\/\/dekkal-quincaillerie.dz\/fr\/produit\/peinture-satinee-vert-pistache-pigma-color\/\" \/>\n<script type=\"application\/ld+json\" class=\"yoast-schema-graph\">{\"@context\":\"https:\\\/\\\/schema.org\",\"@graph\":[{\"@type\":\"WebPage\",\"@id\":\"https:\\\/\\\/dekkal-quincaillerie.dz\\\/fr\\\/produit\\\/peinture-satinee-vert-pistache-pigma-color\\\/\",\"url\":\"https:\\\/\\\/dekkal-quincaillerie.dz\\\/fr\\\/produit\\\/peinture-satinee-vert-pistache-pigma-color\\\/\",\"name\":\"Peinture satin\u00e9e vert pistache PIGMA COLOR - DEKKAL\",\"isPartOf\":{\"@id\":\"https:\\\/\\\/dekkal-quincaillerie.dz\\\/fr\\\/#website\"},\"primaryImageOfPage\":{\"@id\":\"https:\\\/\\\/dekkal-quincaillerie.dz\\\/fr\\\/produit\\\/peinture-satinee-vert-pistache-pigma-color\\\/#primaryimage\"},\"image\":{\"@id\":\"https:\\\/\\\/dekkal-quincaillerie.dz\\\/fr\\\/produit\\\/peinture-satinee-vert-pistache-pigma-color\\\/#primaryimage\"},\"thumbnailUrl\":\"https:\\\/\\\/dekkal-quincaillerie.dz\\\/fr\\\/wp-content\\\/uploads\\\/2022\\\/03\\\/VERT-PISTACHE.avif\",\"datePublished\":\"2022-03-19T18:59:17+00:00\",\"dateModified\":\"2025-03-22T07:16:42+00:00\",\"breadcrumb\":{\"@id\":\"https:\\\/\\\/dekkal-quincaillerie.dz\\\/fr\\\/produit\\\/peinture-satinee-vert-pistache-pigma-color\\\/#breadcrumb\"},\"inLanguage\":\"fr-FR\",\"potentialAction\":[{\"@type\":\"ReadAction\",\"target\":[\"https:\\\/\\\/dekkal-quincaillerie.dz\\\/fr\\\/produit\\\/peinture-satinee-vert-pistache-pigma-color\\\/\"]}]},{\"@type\":\"ImageObject\",\"inLanguage\":\"fr-FR\",\"@id\":\"https:\\\/\\\/dekkal-quincaillerie.dz\\\/fr\\\/produit\\\/peinture-satinee-vert-pistache-pigma-color\\\/#primaryimage\",\"url\":\"https:\\\/\\\/dekkal-quincaillerie.dz\\\/fr\\\/wp-content\\\/uploads\\\/2022\\\/03\\\/VERT-PISTACHE.avif\",\"contentUrl\":\"https:\\\/\\\/dekkal-quincaillerie.dz\\\/fr\\\/wp-content\\\/uploads\\\/2022\\\/03\\\/VERT-PISTACHE.avif\",\"width\":1927,\"height\":1361},{\"@type\":\"BreadcrumbList\",\"@id\":\"https:\\\/\\\/dekkal-quincaillerie.dz\\\/fr\\\/produit\\\/peinture-satinee-vert-pistache-pigma-color\\\/#breadcrumb\",\"itemListElement\":[{\"@type\":\"ListItem\",\"position\":1,\"name\":\"Accueil\",\"item\":\"https:\\\/\\\/dekkal-quincaillerie.dz\\\/fr\\\/\"},{\"@type\":\"ListItem\",\"position\":2,\"name\":\"Boutique\",\"item\":\"https:\\\/\\\/dekkal-quincaillerie.dz\\\/fr\\\/boutique\\\/\"},{\"@type\":\"ListItem\",\"position\":3,\"name\":\"Peinture satin\u00e9e vert pistache PIGMA COLOR\"}]},{\"@type\":\"WebSite\",\"@id\":\"https:\\\/\\\/dekkal-quincaillerie.dz\\\/fr\\\/#website\",\"url\":\"https:\\\/\\\/dekkal-quincaillerie.dz\\\/fr\\\/\",\"name\":\"DEKKAL\",\"description\":\"\",\"publisher\":{\"@id\":\"https:\\\/\\\/dekkal-quincaillerie.dz\\\/fr\\\/#organization\"},\"potentialAction\":[{\"@type\":\"SearchAction\",\"target\":{\"@type\":\"EntryPoint\",\"urlTemplate\":\"https:\\\/\\\/dekkal-quincaillerie.dz\\\/fr\\\/?s={search_term_string}\"},\"query-input\":{\"@type\":\"PropertyValueSpecification\",\"valueRequired\":true,\"valueName\":\"search_term_string\"}}],\"inLanguage\":\"fr-FR\"},{\"@type\":\"Organization\",\"@id\":\"https:\\\/\\\/dekkal-quincaillerie.dz\\\/fr\\\/#organization\",\"name\":\"DEKKAL QUINCAILLERIE\",\"url\":\"https:\\\/\\\/dekkal-quincaillerie.dz\\\/fr\\\/\",\"logo\":{\"@type\":\"ImageObject\",\"inLanguage\":\"fr-FR\",\"@id\":\"https:\\\/\\\/dekkal-quincaillerie.dz\\\/fr\\\/#\\\/schema\\\/logo\\\/image\\\/\",\"url\":\"https:\\\/\\\/dekkal-quincaillerie.dz\\\/fr\\\/wp-content\\\/uploads\\\/2022\\\/03\\\/image_2022-03-19_172411.png\",\"contentUrl\":\"https:\\\/\\\/dekkal-quincaillerie.dz\\\/fr\\\/wp-content\\\/uploads\\\/2022\\\/03\\\/image_2022-03-19_172411.png\",\"width\":851,\"height\":315,\"caption\":\"DEKKAL QUINCAILLERIE\"},\"image\":{\"@id\":\"https:\\\/\\\/dekkal-quincaillerie.dz\\\/fr\\\/#\\\/schema\\\/logo\\\/image\\\/\"},\"sameAs\":[\"https:\\\/\\\/www.facebook.com\\\/ets.dekkal.1\",\"https:\\\/\\\/www.instagram.com\\\/ets.dekkal\\\/\"]}]}<\/script>\n<!-- \/ Yoast SEO Premium plugin. -->","yoast_head_json":{"title":"Peinture satin\u00e9e vert pistache PIGMA COLOR - DEKKAL","robots":{"index":"index","follow":"follow","max-snippet":"max-snippet:-1","max-image-preview":"max-image-preview:large","max-video-preview":"max-video-preview:-1"},"canonical":"https:\/\/dekkal-quincaillerie.dz\/fr\/produit\/peinture-satinee-vert-pistache-pigma-color\/","schema":{"@context":"https:\/\/schema.org","@graph":[{"@type":"WebPage","@id":"https:\/\/dekkal-quincaillerie.dz\/fr\/produit\/peinture-satinee-vert-pistache-pigma-color\/","url":"https:\/\/dekkal-quincaillerie.dz\/fr\/produit\/peinture-satinee-vert-pistache-pigma-color\/","name":"Peinture satin\u00e9e vert pistache PIGMA COLOR - DEKKAL","isPartOf":{"@id":"https:\/\/dekkal-quincaillerie.dz\/fr\/#website"},"primaryImageOfPage":{"@id":"https:\/\/dekkal-quincaillerie.dz\/fr\/produit\/peinture-satinee-vert-pistache-pigma-color\/#primaryimage"},"image":{"@id":"https:\/\/dekkal-quincaillerie.dz\/fr\/produit\/peinture-satinee-vert-pistache-pigma-color\/#primaryimage"},"thumbnailUrl":"https:\/\/dekkal-quincaillerie.dz\/fr\/wp-content\/uploads\/2022\/03\/VERT-PISTACHE.avif","datePublished":"2022-03-19T18:59:17+00:00","dateModified":"2025-03-22T07:16:42+00:00","breadcrumb":{"@id":"https:\/\/dekkal-quincaillerie.dz\/fr\/produit\/peinture-satinee-vert-pistache-pigma-color\/#breadcrumb"},"inLanguage":"fr-FR","potentialAction":[{"@type":"ReadAction","target":["https:\/\/dekkal-quincaillerie.dz\/fr\/produit\/peinture-satinee-vert-pistache-pigma-color\/"]}]},{"@type":"ImageObject","inLanguage":"fr-FR","@id":"https:\/\/dekkal-quincaillerie.dz\/fr\/produit\/peinture-satinee-vert-pistache-pigma-color\/#primaryimage","url":"https:\/\/dekkal-quincaillerie.dz\/fr\/wp-content\/uploads\/2022\/03\/VERT-PISTACHE.avif","contentUrl":"https:\/\/dekkal-quincaillerie.dz\/fr\/wp-content\/uploads\/2022\/03\/VERT-PISTACHE.avif","width":1927,"height":1361},{"@type":"BreadcrumbList","@id":"https:\/\/dekkal-quincaillerie.dz\/fr\/produit\/peinture-satinee-vert-pistache-pigma-color\/#breadcrumb","itemListElement":[{"@type":"ListItem","position":1,"name":"Accueil","item":"https:\/\/dekkal-quincaillerie.dz\/fr\/"},{"@type":"ListItem","position":2,"name":"Boutique","item":"https:\/\/dekkal-quincaillerie.dz\/fr\/boutique\/"},{"@type":"ListItem","position":3,"name":"Peinture satin\u00e9e vert pistache PIGMA COLOR"}]},{"@type":"WebSite","@id":"https:\/\/dekkal-quincaillerie.dz\/fr\/#website","url":"https:\/\/dekkal-quincaillerie.dz\/fr\/","name":"DEKKAL","description":"","publisher":{"@id":"https:\/\/dekkal-quincaillerie.dz\/fr\/#organization"},"potentialAction":[{"@type":"SearchAction","target":{"@type":"EntryPoint","urlTemplate":"https:\/\/dekkal-quincaillerie.dz\/fr\/?s={search_term_string}"},"query-input":{"@type":"PropertyValueSpecification","valueRequired":true,"valueName":"search_term_string"}}],"inLanguage":"fr-FR"},{"@type":"Organization","@id":"https:\/\/dekkal-quincaillerie.dz\/fr\/#organization","name":"DEKKAL QUINCAILLERIE","url":"https:\/\/dekkal-quincaillerie.dz\/fr\/","logo":{"@type":"ImageObject","inLanguage":"fr-FR","@id":"https:\/\/dekkal-quincaillerie.dz\/fr\/#\/schema\/logo\/image\/","url":"https:\/\/dekkal-quincaillerie.dz\/fr\/wp-content\/uploads\/2022\/03\/image_2022-03-19_172411.png","contentUrl":"https:\/\/dekkal-quincaillerie.dz\/fr\/wp-content\/uploads\/2022\/03\/image_2022-03-19_172411.png","width":851,"height":315,"caption":"DEKKAL QUINCAILLERIE"},"image":{"@id":"https:\/\/dekkal-quincaillerie.dz\/fr\/#\/schema\/logo\/image\/"},"sameAs":["https:\/\/www.facebook.com\/ets.dekkal.1","https:\/\/www.instagram.com\/ets.dekkal\/"]}]}},"jetpack_publicize_connections":[],"jetpack-related-posts":[{"id":4987,"url":"https:\/\/dekkal-quincaillerie.dz\/fr\/produit\/peinture-satinee-vert-turquoise-pigma-color\/","url_meta":{"origin":4983,"position":0},"title":"Peinture satin\u00e9e vert turquoise PIGMA COLOR","author":"admin","date":"mars 19, 2022","format":false,"excerpt":"Utilisation: C'est une peinture polyvalente, utilisable dans toutes les pi\u00e8ces de la maison ( b\u00e9ton, brique, pl\u00e2tre et enduit). S'applique aussi sur anciennes peintures \u00e0 base d'eau. Non seulement elle a un bon pouvoir couvrant mais, en plus, elle est tr\u00e8s facile d'entretien. Elle ne craint pas le savon. La\u2026","rel":"","context":"Article similaire","block_context":{"text":"Article similaire","link":""},"img":{"alt_text":"","src":"https:\/\/dekkal-quincaillerie.dz\/fr\/wp-content\/uploads\/2022\/03\/VERT-TURQUOISE.avif","width":350,"height":200,"srcset":"https:\/\/dekkal-quincaillerie.dz\/fr\/wp-content\/uploads\/2022\/03\/VERT-TURQUOISE.avif 1x, https:\/\/dekkal-quincaillerie.dz\/fr\/wp-content\/uploads\/2022\/03\/VERT-TURQUOISE.avif 1.5x, https:\/\/dekkal-quincaillerie.dz\/fr\/wp-content\/uploads\/2022\/03\/VERT-TURQUOISE.avif 2x, https:\/\/dekkal-quincaillerie.dz\/fr\/wp-content\/uploads\/2022\/03\/VERT-TURQUOISE.avif 3x, https:\/\/dekkal-quincaillerie.dz\/fr\/wp-content\/uploads\/2022\/03\/VERT-TURQUOISE.avif 4x"},"classes":[]},{"id":4953,"url":"https:\/\/dekkal-quincaillerie.dz\/fr\/produit\/peinture-satinee-beige-pigma-color\/","url_meta":{"origin":4983,"position":1},"title":"Peinture satin\u00e9e beige PIGMA COLOR","author":"admin","date":"mars 19, 2022","format":false,"excerpt":"Peinture satin\u00e9e beige PIGMA COLOR Utilisation: C'est une peinture polyvalente, utilisable dans toutes les pi\u00e8ces de la maison ( b\u00e9ton, brique, pl\u00e2tre et enduit). S'applique aussi sur anciennes peintures \u00e0 base d'eau. Non seulement elle a un bon pouvoir couvrant mais, en plus, elle est tr\u00e8s facile d'entretien. Elle ne\u2026","rel":"","context":"Article similaire","block_context":{"text":"Article similaire","link":""},"img":{"alt_text":"","src":"https:\/\/dekkal-quincaillerie.dz\/fr\/wp-content\/uploads\/2022\/03\/BEIGE.avif","width":350,"height":200,"srcset":"https:\/\/dekkal-quincaillerie.dz\/fr\/wp-content\/uploads\/2022\/03\/BEIGE.avif 1x, https:\/\/dekkal-quincaillerie.dz\/fr\/wp-content\/uploads\/2022\/03\/BEIGE.avif 1.5x, https:\/\/dekkal-quincaillerie.dz\/fr\/wp-content\/uploads\/2022\/03\/BEIGE.avif 2x, https:\/\/dekkal-quincaillerie.dz\/fr\/wp-content\/uploads\/2022\/03\/BEIGE.avif 3x, https:\/\/dekkal-quincaillerie.dz\/fr\/wp-content\/uploads\/2022\/03\/BEIGE.avif 4x"},"classes":[]},{"id":4955,"url":"https:\/\/dekkal-quincaillerie.dz\/fr\/produit\/peinture-satinee-blanche-pigma-color\/","url_meta":{"origin":4983,"position":2},"title":"Peinture satin\u00e9e blanche PIGMA COLOR","author":"admin","date":"mars 19, 2022","format":false,"excerpt":"Peinture satin\u00e9e blanche PIGMA COLOR Utilisation: C'est une peinture polyvalente, utilisable dans toutes les pi\u00e8ces de la maison ( b\u00e9ton, brique, pl\u00e2tre et enduit). S'applique aussi sur anciennes peintures \u00e0 base d'eau. Non seulement elle a un bon pouvoir couvrant mais, en plus, elle est tr\u00e8s facile d'entretien. Elle ne\u2026","rel":"","context":"Article similaire","block_context":{"text":"Article similaire","link":""},"img":{"alt_text":"","src":"https:\/\/dekkal-quincaillerie.dz\/fr\/wp-content\/uploads\/2022\/03\/BLANC.avif","width":350,"height":200,"srcset":"https:\/\/dekkal-quincaillerie.dz\/fr\/wp-content\/uploads\/2022\/03\/BLANC.avif 1x, https:\/\/dekkal-quincaillerie.dz\/fr\/wp-content\/uploads\/2022\/03\/BLANC.avif 1.5x, https:\/\/dekkal-quincaillerie.dz\/fr\/wp-content\/uploads\/2022\/03\/BLANC.avif 2x, https:\/\/dekkal-quincaillerie.dz\/fr\/wp-content\/uploads\/2022\/03\/BLANC.avif 3x, https:\/\/dekkal-quincaillerie.dz\/fr\/wp-content\/uploads\/2022\/03\/BLANC.avif 4x"},"classes":[]},{"id":4959,"url":"https:\/\/dekkal-quincaillerie.dz\/fr\/produit\/peinture-satinee-fushia-pigma-color\/","url_meta":{"origin":4983,"position":3},"title":"Peinture satin\u00e9e fushia PIGMA COLOR","author":"admin","date":"mars 19, 2022","format":false,"excerpt":"Peinture satin\u00e9e fushia PIGMA COLOR Utilisation: C'est une peinture polyvalente, utilisable dans toutes les pi\u00e8ces de la maison ( b\u00e9ton, brique, pl\u00e2tre et enduit). S'applique aussi sur anciennes peintures \u00e0 base d'eau. Non seulement elle a un bon pouvoir couvrant mais, en plus, elle est tr\u00e8s facile d'entretien. Elle ne\u2026","rel":"","context":"Article similaire","block_context":{"text":"Article similaire","link":""},"img":{"alt_text":"","src":"https:\/\/dekkal-quincaillerie.dz\/fr\/wp-content\/uploads\/2022\/03\/FUSHIA.avif","width":350,"height":200,"srcset":"https:\/\/dekkal-quincaillerie.dz\/fr\/wp-content\/uploads\/2022\/03\/FUSHIA.avif 1x, https:\/\/dekkal-quincaillerie.dz\/fr\/wp-content\/uploads\/2022\/03\/FUSHIA.avif 1.5x, https:\/\/dekkal-quincaillerie.dz\/fr\/wp-content\/uploads\/2022\/03\/FUSHIA.avif 2x, https:\/\/dekkal-quincaillerie.dz\/fr\/wp-content\/uploads\/2022\/03\/FUSHIA.avif 3x, https:\/\/dekkal-quincaillerie.dz\/fr\/wp-content\/uploads\/2022\/03\/FUSHIA.avif 4x"},"classes":[]},{"id":4961,"url":"https:\/\/dekkal-quincaillerie.dz\/fr\/produit\/peinture-satinee-gris-pigma-color\/","url_meta":{"origin":4983,"position":4},"title":"Peinture satin\u00e9e grise PIGMA COLOR","author":"admin","date":"mars 19, 2022","format":false,"excerpt":"Peinture satin\u00e9e grise PIGMA COLOR Utilisation: C'est une peinture polyvalente, utilisable dans toutes les pi\u00e8ces de la maison ( b\u00e9ton, brique, pl\u00e2tre et enduit). S'applique aussi sur anciennes peintures \u00e0 base d'eau. Non seulement elle a un bon pouvoir couvrant mais, en plus, elle est tr\u00e8s facile d'entretien. Elle ne\u2026","rel":"","context":"Article similaire","block_context":{"text":"Article similaire","link":""},"img":{"alt_text":"","src":"https:\/\/dekkal-quincaillerie.dz\/fr\/wp-content\/uploads\/2022\/03\/GRIS.avif","width":350,"height":200,"srcset":"https:\/\/dekkal-quincaillerie.dz\/fr\/wp-content\/uploads\/2022\/03\/GRIS.avif 1x, https:\/\/dekkal-quincaillerie.dz\/fr\/wp-content\/uploads\/2022\/03\/GRIS.avif 1.5x, https:\/\/dekkal-quincaillerie.dz\/fr\/wp-content\/uploads\/2022\/03\/GRIS.avif 2x, https:\/\/dekkal-quincaillerie.dz\/fr\/wp-content\/uploads\/2022\/03\/GRIS.avif 3x, https:\/\/dekkal-quincaillerie.dz\/fr\/wp-content\/uploads\/2022\/03\/GRIS.avif 4x"},"classes":[]},{"id":4969,"url":"https:\/\/dekkal-quincaillerie.dz\/fr\/produit\/peinture-satinee-noire-pigma-color\/","url_meta":{"origin":4983,"position":5},"title":"Peinture satin\u00e9e noire PIGMA COLOR","author":"admin","date":"mars 19, 2022","format":false,"excerpt":"Peinture satin\u00e9e noire PIGMA COLOR Utilisation: C'est une peinture polyvalente, utilisable dans toutes les pi\u00e8ces de la maison ( b\u00e9ton, brique, pl\u00e2tre et enduit). S'applique aussi sur anciennes peintures \u00e0 base d'eau. Non seulement elle a un bon pouvoir couvrant mais, en plus, elle est tr\u00e8s facile d'entretien. Elle ne\u2026","rel":"","context":"Article similaire","block_context":{"text":"Article similaire","link":""},"img":{"alt_text":"","src":"https:\/\/dekkal-quincaillerie.dz\/fr\/wp-content\/uploads\/2022\/03\/NOIR.avif","width":350,"height":200,"srcset":"https:\/\/dekkal-quincaillerie.dz\/fr\/wp-content\/uploads\/2022\/03\/NOIR.avif 1x, https:\/\/dekkal-quincaillerie.dz\/fr\/wp-content\/uploads\/2022\/03\/NOIR.avif 1.5x, https:\/\/dekkal-quincaillerie.dz\/fr\/wp-content\/uploads\/2022\/03\/NOIR.avif 2x, https:\/\/dekkal-quincaillerie.dz\/fr\/wp-content\/uploads\/2022\/03\/NOIR.avif 3x, https:\/\/dekkal-quincaillerie.dz\/fr\/wp-content\/uploads\/2022\/03\/NOIR.avif 4x"},"classes":[]}],"jetpack_likes_enabled":true,"jetpack_sharing_enabled":true,"_links":{"self":[{"href":"https:\/\/dekkal-quincaillerie.dz\/fr\/wp-json\/wp\/v2\/product\/4983","targetHints":{"allow":["GET"]}}],"collection":[{"href":"https:\/\/dekkal-quincaillerie.dz\/fr\/wp-json\/wp\/v2\/product"}],"about":[{"href":"https:\/\/dekkal-quincaillerie.dz\/fr\/wp-json\/wp\/v2\/types\/product"}],"wp:featuredmedia":[{"embeddable":true,"href":"https:\/\/dekkal-quincaillerie.dz\/fr\/wp-json\/wp\/v2\/media\/4984"}],"wp:attachment":[{"href":"https:\/\/dekkal-quincaillerie.dz\/fr\/wp-json\/wp\/v2\/media?parent=4983"}],"wp:term":[{"taxonomy":"product_brand","embeddable":true,"href":"https:\/\/dekkal-quincaillerie.dz\/fr\/wp-json\/wp\/v2\/product_brand?post=4983"},{"taxonomy":"product_cat","embeddable":true,"href":"https:\/\/dekkal-quincaillerie.dz\/fr\/wp-json\/wp\/v2\/product_cat?post=4983"},{"taxonomy":"product_tag","embeddable":true,"href":"https:\/\/dekkal-quincaillerie.dz\/fr\/wp-json\/wp\/v2\/product_tag?post=4983"}],"curies":[{"name":"wp","href":"https:\/\/api.w.org\/{rel}","templated":true}]}}