{"id":4898,"date":"2022-03-19T18:57:12","date_gmt":"2022-03-19T18:57:12","guid":{"rendered":"https:\/\/dekkal-quincaillerie.dz\/fr\/index.php\/produit\/aspirateur-3-moteurs-utilux-modele-exp330\/"},"modified":"2025-03-22T07:16:41","modified_gmt":"2025-03-22T07:16:41","slug":"aspirateur-3-moteurs-exwp330oti-outilux","status":"publish","type":"product","link":"https:\/\/dekkal-quincaillerie.dz\/fr\/produit\/aspirateur-3-moteurs-exwp330oti-outilux\/","title":{"rendered":"ASPIRATEUR 3 MOTEURS EXWP330OTI OUTILUX"},"content":{"rendered":"<h4>ASPIRATEUR 3 MOTEURS EXWP330OTI OUTILUX<\/h4>\n<p>&nbsp;<\/p>\n<p>L&rsquo;<strong><em>ASPIRATEUR 3 MOTEURS EXWP330OTI OUTILUX<\/em><\/strong>, est un aspirateur puissant avec un r\u00e9servoir d&rsquo;une capacit\u00e9 de 76L. L&rsquo;aspirateur est polyvalent qui peut \u00eatre utilis\u00e9 pour un usage domestique (moquette, tapis, &#8230;) et professionnel (chantier, &#8230;). Il est dot\u00e9 de trois moteurs qui g\u00e9n\u00e8rent une puissance d\u2019aspiration de 3300 watts. C&rsquo;est un produit d&rsquo;origine italienne.<\/p>\n<ul>\n<li>Aspire les liquides et les solides<\/li>\n<li>Filtre HEPA pour une meilleure filtration de l&rsquo;air<\/li>\n<li>Tuyau d\u2019aspiration flexible de 2,5 m\u00e8tres<\/li>\n<li>Brosse pour sols durs<\/li>\n<li>Brosse pour tapis<\/li>\n<li>Suceur plat<\/li>\n<li>Sac \u00e0 poussi\u00e8re<\/li>\n<li>Longueur de c\u00e2bl\u00e9 : 8.40M<\/li>\n<\/ul>\n<h5>CARACTERISTIQUES<\/h5>\n<ul>\n<li>Puissance: 3300W<\/li>\n<li>Tension: 220 &#8211; 240V<\/li>\n<li>Refroidissement by pass<\/li>\n<li>Capacit\u00e9 de la cuve: 76L<\/li>\n<\/ul>\n","protected":false},"excerpt":{"rendered":"<p>ASPIRATEUR 3 MOTEURS EXWP330OTI OUTILUX &nbsp; L&rsquo;ASPIRATEUR 3 MOTEURS EXWP330OTI OUTILUX, est un aspirateur puissant avec un r\u00e9servoir d&rsquo;une capacit\u00e9 de 76L. L&rsquo;aspirateur est polyvalent qui peut \u00eatre utilis\u00e9 pour un usage domestique (moquette, tapis, &#8230;) et professionnel (chantier, &#8230;). Il est dot\u00e9 de trois moteurs qui g\u00e9n\u00e8rent une puissance d\u2019aspiration de 3300 watts. C&rsquo;est [&hellip;]<\/p>\n","protected":false},"featured_media":8314,"template":"","meta":[],"product_brand":[1096],"product_cat":[206],"product_tag":[1244,324,1245,1249],"class_list":{"0":"post-4898","1":"product","2":"type-product","3":"status-publish","4":"has-post-thumbnail","6":"product_brand-outilux","7":"product_cat-industrie-et-equipement","8":"product_tag-3-moteurs","9":"product_tag-aspirateur","10":"product_tag-exwp330oti","11":"product_tag-outilux","13":"first","14":"onbackorder","15":"product-type-simple"},"yoast_head":"<!-- This site is optimized with the Yoast SEO Premium plugin v20.0 (Yoast SEO v27.4) - https:\/\/yoast.com\/product\/yoast-seo-premium-wordpress\/ -->\n<title>ASPIRATEUR 3 MOTEURS EXWP330OTI OUTILUX - DEKKAL<\/title>\n<meta name=\"description\" content=\"ASPIRATEUR 3 MOTEURS EXWP330OTI OUTILUX - TENSION: 220V - PUISSANCE: 3300W - FLUX: 510M3\/H - DEKKAL QUINCAILLERIE - TIZI-OUZOU - TEL.: 0561.79.28.59\" \/>\n<meta name=\"robots\" content=\"index, follow, max-snippet:-1, max-image-preview:large, max-video-preview:-1\" \/>\n<link rel=\"canonical\" href=\"https:\/\/dekkal-quincaillerie.dz\/fr\/produit\/aspirateur-3-moteurs-exwp330oti-outilux\/\" \/>\n<script type=\"application\/ld+json\" class=\"yoast-schema-graph\">{\"@context\":\"https:\\\/\\\/schema.org\",\"@graph\":[{\"@type\":\"WebPage\",\"@id\":\"https:\\\/\\\/dekkal-quincaillerie.dz\\\/fr\\\/produit\\\/aspirateur-3-moteurs-exwp330oti-outilux\\\/\",\"url\":\"https:\\\/\\\/dekkal-quincaillerie.dz\\\/fr\\\/produit\\\/aspirateur-3-moteurs-exwp330oti-outilux\\\/\",\"name\":\"ASPIRATEUR 3 MOTEURS EXWP330OTI OUTILUX - DEKKAL\",\"isPartOf\":{\"@id\":\"https:\\\/\\\/dekkal-quincaillerie.dz\\\/fr\\\/#website\"},\"primaryImageOfPage\":{\"@id\":\"https:\\\/\\\/dekkal-quincaillerie.dz\\\/fr\\\/produit\\\/aspirateur-3-moteurs-exwp330oti-outilux\\\/#primaryimage\"},\"image\":{\"@id\":\"https:\\\/\\\/dekkal-quincaillerie.dz\\\/fr\\\/produit\\\/aspirateur-3-moteurs-exwp330oti-outilux\\\/#primaryimage\"},\"thumbnailUrl\":\"https:\\\/\\\/dekkal-quincaillerie.dz\\\/fr\\\/wp-content\\\/uploads\\\/2022\\\/03\\\/Photoroom-20240508_154945.avif\",\"datePublished\":\"2022-03-19T18:57:12+00:00\",\"dateModified\":\"2025-03-22T07:16:41+00:00\",\"description\":\"ASPIRATEUR 3 MOTEURS EXWP330OTI OUTILUX - TENSION: 220V - PUISSANCE: 3300W - FLUX: 510M3\\\/H - DEKKAL QUINCAILLERIE - TIZI-OUZOU - TEL.: 0561.79.28.59\",\"breadcrumb\":{\"@id\":\"https:\\\/\\\/dekkal-quincaillerie.dz\\\/fr\\\/produit\\\/aspirateur-3-moteurs-exwp330oti-outilux\\\/#breadcrumb\"},\"inLanguage\":\"fr-FR\",\"potentialAction\":[{\"@type\":\"ReadAction\",\"target\":[\"https:\\\/\\\/dekkal-quincaillerie.dz\\\/fr\\\/produit\\\/aspirateur-3-moteurs-exwp330oti-outilux\\\/\"]}]},{\"@type\":\"ImageObject\",\"inLanguage\":\"fr-FR\",\"@id\":\"https:\\\/\\\/dekkal-quincaillerie.dz\\\/fr\\\/produit\\\/aspirateur-3-moteurs-exwp330oti-outilux\\\/#primaryimage\",\"url\":\"https:\\\/\\\/dekkal-quincaillerie.dz\\\/fr\\\/wp-content\\\/uploads\\\/2022\\\/03\\\/Photoroom-20240508_154945.avif\",\"contentUrl\":\"https:\\\/\\\/dekkal-quincaillerie.dz\\\/fr\\\/wp-content\\\/uploads\\\/2022\\\/03\\\/Photoroom-20240508_154945.avif\",\"caption\":\"ASPIRATEUR 3 MOTEURS EXWP330OTI OUTILUX\"},{\"@type\":\"BreadcrumbList\",\"@id\":\"https:\\\/\\\/dekkal-quincaillerie.dz\\\/fr\\\/produit\\\/aspirateur-3-moteurs-exwp330oti-outilux\\\/#breadcrumb\",\"itemListElement\":[{\"@type\":\"ListItem\",\"position\":1,\"name\":\"Accueil\",\"item\":\"https:\\\/\\\/dekkal-quincaillerie.dz\\\/fr\\\/\"},{\"@type\":\"ListItem\",\"position\":2,\"name\":\"Boutique\",\"item\":\"https:\\\/\\\/dekkal-quincaillerie.dz\\\/fr\\\/boutique\\\/\"},{\"@type\":\"ListItem\",\"position\":3,\"name\":\"ASPIRATEUR 3 MOTEURS EXWP330OTI OUTILUX\"}]},{\"@type\":\"WebSite\",\"@id\":\"https:\\\/\\\/dekkal-quincaillerie.dz\\\/fr\\\/#website\",\"url\":\"https:\\\/\\\/dekkal-quincaillerie.dz\\\/fr\\\/\",\"name\":\"DEKKAL\",\"description\":\"\",\"publisher\":{\"@id\":\"https:\\\/\\\/dekkal-quincaillerie.dz\\\/fr\\\/#organization\"},\"potentialAction\":[{\"@type\":\"SearchAction\",\"target\":{\"@type\":\"EntryPoint\",\"urlTemplate\":\"https:\\\/\\\/dekkal-quincaillerie.dz\\\/fr\\\/?s={search_term_string}\"},\"query-input\":{\"@type\":\"PropertyValueSpecification\",\"valueRequired\":true,\"valueName\":\"search_term_string\"}}],\"inLanguage\":\"fr-FR\"},{\"@type\":\"Organization\",\"@id\":\"https:\\\/\\\/dekkal-quincaillerie.dz\\\/fr\\\/#organization\",\"name\":\"DEKKAL QUINCAILLERIE\",\"url\":\"https:\\\/\\\/dekkal-quincaillerie.dz\\\/fr\\\/\",\"logo\":{\"@type\":\"ImageObject\",\"inLanguage\":\"fr-FR\",\"@id\":\"https:\\\/\\\/dekkal-quincaillerie.dz\\\/fr\\\/#\\\/schema\\\/logo\\\/image\\\/\",\"url\":\"https:\\\/\\\/dekkal-quincaillerie.dz\\\/fr\\\/wp-content\\\/uploads\\\/2022\\\/03\\\/image_2022-03-19_172411.png\",\"contentUrl\":\"https:\\\/\\\/dekkal-quincaillerie.dz\\\/fr\\\/wp-content\\\/uploads\\\/2022\\\/03\\\/image_2022-03-19_172411.png\",\"width\":851,\"height\":315,\"caption\":\"DEKKAL QUINCAILLERIE\"},\"image\":{\"@id\":\"https:\\\/\\\/dekkal-quincaillerie.dz\\\/fr\\\/#\\\/schema\\\/logo\\\/image\\\/\"},\"sameAs\":[\"https:\\\/\\\/www.facebook.com\\\/ets.dekkal.1\",\"https:\\\/\\\/www.instagram.com\\\/ets.dekkal\\\/\"]}]}<\/script>\n<!-- \/ Yoast SEO Premium plugin. -->","yoast_head_json":{"title":"ASPIRATEUR 3 MOTEURS EXWP330OTI OUTILUX - DEKKAL","description":"ASPIRATEUR 3 MOTEURS EXWP330OTI OUTILUX - TENSION: 220V - PUISSANCE: 3300W - FLUX: 510M3\/H - DEKKAL QUINCAILLERIE - TIZI-OUZOU - TEL.: 0561.79.28.59","robots":{"index":"index","follow":"follow","max-snippet":"max-snippet:-1","max-image-preview":"max-image-preview:large","max-video-preview":"max-video-preview:-1"},"canonical":"https:\/\/dekkal-quincaillerie.dz\/fr\/produit\/aspirateur-3-moteurs-exwp330oti-outilux\/","schema":{"@context":"https:\/\/schema.org","@graph":[{"@type":"WebPage","@id":"https:\/\/dekkal-quincaillerie.dz\/fr\/produit\/aspirateur-3-moteurs-exwp330oti-outilux\/","url":"https:\/\/dekkal-quincaillerie.dz\/fr\/produit\/aspirateur-3-moteurs-exwp330oti-outilux\/","name":"ASPIRATEUR 3 MOTEURS EXWP330OTI OUTILUX - DEKKAL","isPartOf":{"@id":"https:\/\/dekkal-quincaillerie.dz\/fr\/#website"},"primaryImageOfPage":{"@id":"https:\/\/dekkal-quincaillerie.dz\/fr\/produit\/aspirateur-3-moteurs-exwp330oti-outilux\/#primaryimage"},"image":{"@id":"https:\/\/dekkal-quincaillerie.dz\/fr\/produit\/aspirateur-3-moteurs-exwp330oti-outilux\/#primaryimage"},"thumbnailUrl":"https:\/\/dekkal-quincaillerie.dz\/fr\/wp-content\/uploads\/2022\/03\/Photoroom-20240508_154945.avif","datePublished":"2022-03-19T18:57:12+00:00","dateModified":"2025-03-22T07:16:41+00:00","description":"ASPIRATEUR 3 MOTEURS EXWP330OTI OUTILUX - TENSION: 220V - PUISSANCE: 3300W - FLUX: 510M3\/H - DEKKAL QUINCAILLERIE - TIZI-OUZOU - TEL.: 0561.79.28.59","breadcrumb":{"@id":"https:\/\/dekkal-quincaillerie.dz\/fr\/produit\/aspirateur-3-moteurs-exwp330oti-outilux\/#breadcrumb"},"inLanguage":"fr-FR","potentialAction":[{"@type":"ReadAction","target":["https:\/\/dekkal-quincaillerie.dz\/fr\/produit\/aspirateur-3-moteurs-exwp330oti-outilux\/"]}]},{"@type":"ImageObject","inLanguage":"fr-FR","@id":"https:\/\/dekkal-quincaillerie.dz\/fr\/produit\/aspirateur-3-moteurs-exwp330oti-outilux\/#primaryimage","url":"https:\/\/dekkal-quincaillerie.dz\/fr\/wp-content\/uploads\/2022\/03\/Photoroom-20240508_154945.avif","contentUrl":"https:\/\/dekkal-quincaillerie.dz\/fr\/wp-content\/uploads\/2022\/03\/Photoroom-20240508_154945.avif","caption":"ASPIRATEUR 3 MOTEURS EXWP330OTI OUTILUX"},{"@type":"BreadcrumbList","@id":"https:\/\/dekkal-quincaillerie.dz\/fr\/produit\/aspirateur-3-moteurs-exwp330oti-outilux\/#breadcrumb","itemListElement":[{"@type":"ListItem","position":1,"name":"Accueil","item":"https:\/\/dekkal-quincaillerie.dz\/fr\/"},{"@type":"ListItem","position":2,"name":"Boutique","item":"https:\/\/dekkal-quincaillerie.dz\/fr\/boutique\/"},{"@type":"ListItem","position":3,"name":"ASPIRATEUR 3 MOTEURS EXWP330OTI OUTILUX"}]},{"@type":"WebSite","@id":"https:\/\/dekkal-quincaillerie.dz\/fr\/#website","url":"https:\/\/dekkal-quincaillerie.dz\/fr\/","name":"DEKKAL","description":"","publisher":{"@id":"https:\/\/dekkal-quincaillerie.dz\/fr\/#organization"},"potentialAction":[{"@type":"SearchAction","target":{"@type":"EntryPoint","urlTemplate":"https:\/\/dekkal-quincaillerie.dz\/fr\/?s={search_term_string}"},"query-input":{"@type":"PropertyValueSpecification","valueRequired":true,"valueName":"search_term_string"}}],"inLanguage":"fr-FR"},{"@type":"Organization","@id":"https:\/\/dekkal-quincaillerie.dz\/fr\/#organization","name":"DEKKAL QUINCAILLERIE","url":"https:\/\/dekkal-quincaillerie.dz\/fr\/","logo":{"@type":"ImageObject","inLanguage":"fr-FR","@id":"https:\/\/dekkal-quincaillerie.dz\/fr\/#\/schema\/logo\/image\/","url":"https:\/\/dekkal-quincaillerie.dz\/fr\/wp-content\/uploads\/2022\/03\/image_2022-03-19_172411.png","contentUrl":"https:\/\/dekkal-quincaillerie.dz\/fr\/wp-content\/uploads\/2022\/03\/image_2022-03-19_172411.png","width":851,"height":315,"caption":"DEKKAL QUINCAILLERIE"},"image":{"@id":"https:\/\/dekkal-quincaillerie.dz\/fr\/#\/schema\/logo\/image\/"},"sameAs":["https:\/\/www.facebook.com\/ets.dekkal.1","https:\/\/www.instagram.com\/ets.dekkal\/"]}]}},"_links":{"self":[{"href":"https:\/\/dekkal-quincaillerie.dz\/fr\/wp-json\/wp\/v2\/product\/4898","targetHints":{"allow":["GET"]}}],"collection":[{"href":"https:\/\/dekkal-quincaillerie.dz\/fr\/wp-json\/wp\/v2\/product"}],"about":[{"href":"https:\/\/dekkal-quincaillerie.dz\/fr\/wp-json\/wp\/v2\/types\/product"}],"wp:featuredmedia":[{"embeddable":true,"href":"https:\/\/dekkal-quincaillerie.dz\/fr\/wp-json\/wp\/v2\/media\/8314"}],"wp:attachment":[{"href":"https:\/\/dekkal-quincaillerie.dz\/fr\/wp-json\/wp\/v2\/media?parent=4898"}],"wp:term":[{"taxonomy":"product_brand","embeddable":true,"href":"https:\/\/dekkal-quincaillerie.dz\/fr\/wp-json\/wp\/v2\/product_brand?post=4898"},{"taxonomy":"product_cat","embeddable":true,"href":"https:\/\/dekkal-quincaillerie.dz\/fr\/wp-json\/wp\/v2\/product_cat?post=4898"},{"taxonomy":"product_tag","embeddable":true,"href":"https:\/\/dekkal-quincaillerie.dz\/fr\/wp-json\/wp\/v2\/product_tag?post=4898"}],"curies":[{"name":"wp","href":"https:\/\/api.w.org\/{rel}","templated":true}]}}