{"id":4697,"date":"2022-03-19T18:55:44","date_gmt":"2022-03-19T18:55:44","guid":{"rendered":"https:\/\/dekkal-quincaillerie.dz\/fr\/index.php\/produit\/jeu-de-ciseau-a-bois-4pcs-yt-6260-yato\/"},"modified":"2025-03-22T07:16:37","modified_gmt":"2025-03-22T07:16:37","slug":"jeu-de-ciseau-a-bois-4pcs-yt-6260-yato","status":"publish","type":"product","link":"https:\/\/dekkal-quincaillerie.dz\/fr\/produit\/jeu-de-ciseau-a-bois-4pcs-yt-6260-yato\/","title":{"rendered":"Jeu de ciseau \u00e0 bois 4PCS YT-6260 YATO"},"content":{"rendered":"<h3>Jeu de ciseau \u00e0 bois 4PCS YT-6260 YATO<\/h3>\n<h4>Caract\u00e9ristiques :<\/h4>\n<ul class=\"a-unordered-list a-vertical a-spacing-mini\">\n<li><span class=\"a-list-item\">Duret\u00e9\u202f: 58 \u2013 60 HRC.<\/span><\/li>\n<li><span class=\"a-list-item\">Poids brutto\u202f: 975 G<\/span><\/li>\n<li>Dimensions du colis: 38 x 25 x 2.8 CM; 650 G<\/li>\n<li>Poids: 650 G<\/li>\n<\/ul>\n","protected":false},"excerpt":{"rendered":"<p>Jeu de ciseau \u00e0 bois 4PCS YT-6260 YATO Caract\u00e9ristiques : Duret\u00e9\u202f: 58 \u2013 60 HRC. Poids brutto\u202f: 975 G Dimensions du colis: 38 x 25 x 2.8 CM; 650 G Poids: 650 G<\/p>\n","protected":false},"featured_media":4698,"template":"","meta":{"jetpack_post_was_ever_published":false,"jetpack_publicize_message":"","jetpack_publicize_feature_enabled":true,"jetpack_social_post_already_shared":false,"jetpack_social_options":{"image_generator_settings":{"template":"highway","default_image_id":0,"font":"","enabled":false},"version":2}},"product_brand":[1104],"product_cat":[207],"product_tag":[388,387,359,263],"class_list":{"0":"post-4697","1":"product","2":"type-product","3":"status-publish","4":"has-post-thumbnail","6":"product_brand-yato","7":"product_cat-menuiserie","8":"product_tag-bois","9":"product_tag-ciseau","10":"product_tag-jeu","11":"product_tag-yato","13":"first","14":"outofstock","15":"purchasable","16":"product-type-simple"},"yoast_head":"<!-- This site is optimized with the Yoast SEO Premium plugin v20.0 (Yoast SEO v27.4) - https:\/\/yoast.com\/product\/yoast-seo-premium-wordpress\/ -->\n<title>Jeu de ciseau \u00e0 bois 4PCS YT-6260 YATO - DEKKAL<\/title>\n<meta name=\"robots\" content=\"index, follow, max-snippet:-1, max-image-preview:large, max-video-preview:-1\" \/>\n<link rel=\"canonical\" href=\"https:\/\/dekkal-quincaillerie.dz\/fr\/produit\/jeu-de-ciseau-a-bois-4pcs-yt-6260-yato\/\" \/>\n<script type=\"application\/ld+json\" class=\"yoast-schema-graph\">{\"@context\":\"https:\\\/\\\/schema.org\",\"@graph\":[{\"@type\":\"WebPage\",\"@id\":\"https:\\\/\\\/dekkal-quincaillerie.dz\\\/fr\\\/produit\\\/jeu-de-ciseau-a-bois-4pcs-yt-6260-yato\\\/\",\"url\":\"https:\\\/\\\/dekkal-quincaillerie.dz\\\/fr\\\/produit\\\/jeu-de-ciseau-a-bois-4pcs-yt-6260-yato\\\/\",\"name\":\"Jeu de ciseau \u00e0 bois 4PCS YT-6260 YATO - DEKKAL\",\"isPartOf\":{\"@id\":\"https:\\\/\\\/dekkal-quincaillerie.dz\\\/fr\\\/#website\"},\"primaryImageOfPage\":{\"@id\":\"https:\\\/\\\/dekkal-quincaillerie.dz\\\/fr\\\/produit\\\/jeu-de-ciseau-a-bois-4pcs-yt-6260-yato\\\/#primaryimage\"},\"image\":{\"@id\":\"https:\\\/\\\/dekkal-quincaillerie.dz\\\/fr\\\/produit\\\/jeu-de-ciseau-a-bois-4pcs-yt-6260-yato\\\/#primaryimage\"},\"thumbnailUrl\":\"https:\\\/\\\/dekkal-quincaillerie.dz\\\/fr\\\/wp-content\\\/uploads\\\/2022\\\/03\\\/YT-6260.avif\",\"datePublished\":\"2022-03-19T18:55:44+00:00\",\"dateModified\":\"2025-03-22T07:16:37+00:00\",\"breadcrumb\":{\"@id\":\"https:\\\/\\\/dekkal-quincaillerie.dz\\\/fr\\\/produit\\\/jeu-de-ciseau-a-bois-4pcs-yt-6260-yato\\\/#breadcrumb\"},\"inLanguage\":\"fr-FR\",\"potentialAction\":[{\"@type\":\"ReadAction\",\"target\":[\"https:\\\/\\\/dekkal-quincaillerie.dz\\\/fr\\\/produit\\\/jeu-de-ciseau-a-bois-4pcs-yt-6260-yato\\\/\"]}]},{\"@type\":\"ImageObject\",\"inLanguage\":\"fr-FR\",\"@id\":\"https:\\\/\\\/dekkal-quincaillerie.dz\\\/fr\\\/produit\\\/jeu-de-ciseau-a-bois-4pcs-yt-6260-yato\\\/#primaryimage\",\"url\":\"https:\\\/\\\/dekkal-quincaillerie.dz\\\/fr\\\/wp-content\\\/uploads\\\/2022\\\/03\\\/YT-6260.avif\",\"contentUrl\":\"https:\\\/\\\/dekkal-quincaillerie.dz\\\/fr\\\/wp-content\\\/uploads\\\/2022\\\/03\\\/YT-6260.avif\",\"width\":999,\"height\":571},{\"@type\":\"BreadcrumbList\",\"@id\":\"https:\\\/\\\/dekkal-quincaillerie.dz\\\/fr\\\/produit\\\/jeu-de-ciseau-a-bois-4pcs-yt-6260-yato\\\/#breadcrumb\",\"itemListElement\":[{\"@type\":\"ListItem\",\"position\":1,\"name\":\"Accueil\",\"item\":\"https:\\\/\\\/dekkal-quincaillerie.dz\\\/fr\\\/\"},{\"@type\":\"ListItem\",\"position\":2,\"name\":\"Boutique\",\"item\":\"https:\\\/\\\/dekkal-quincaillerie.dz\\\/fr\\\/boutique\\\/\"},{\"@type\":\"ListItem\",\"position\":3,\"name\":\"Jeu de ciseau \u00e0 bois 4PCS YT-6260 YATO\"}]},{\"@type\":\"WebSite\",\"@id\":\"https:\\\/\\\/dekkal-quincaillerie.dz\\\/fr\\\/#website\",\"url\":\"https:\\\/\\\/dekkal-quincaillerie.dz\\\/fr\\\/\",\"name\":\"DEKKAL\",\"description\":\"\",\"publisher\":{\"@id\":\"https:\\\/\\\/dekkal-quincaillerie.dz\\\/fr\\\/#organization\"},\"potentialAction\":[{\"@type\":\"SearchAction\",\"target\":{\"@type\":\"EntryPoint\",\"urlTemplate\":\"https:\\\/\\\/dekkal-quincaillerie.dz\\\/fr\\\/?s={search_term_string}\"},\"query-input\":{\"@type\":\"PropertyValueSpecification\",\"valueRequired\":true,\"valueName\":\"search_term_string\"}}],\"inLanguage\":\"fr-FR\"},{\"@type\":\"Organization\",\"@id\":\"https:\\\/\\\/dekkal-quincaillerie.dz\\\/fr\\\/#organization\",\"name\":\"DEKKAL QUINCAILLERIE\",\"url\":\"https:\\\/\\\/dekkal-quincaillerie.dz\\\/fr\\\/\",\"logo\":{\"@type\":\"ImageObject\",\"inLanguage\":\"fr-FR\",\"@id\":\"https:\\\/\\\/dekkal-quincaillerie.dz\\\/fr\\\/#\\\/schema\\\/logo\\\/image\\\/\",\"url\":\"https:\\\/\\\/dekkal-quincaillerie.dz\\\/fr\\\/wp-content\\\/uploads\\\/2022\\\/03\\\/image_2022-03-19_172411.png\",\"contentUrl\":\"https:\\\/\\\/dekkal-quincaillerie.dz\\\/fr\\\/wp-content\\\/uploads\\\/2022\\\/03\\\/image_2022-03-19_172411.png\",\"width\":851,\"height\":315,\"caption\":\"DEKKAL QUINCAILLERIE\"},\"image\":{\"@id\":\"https:\\\/\\\/dekkal-quincaillerie.dz\\\/fr\\\/#\\\/schema\\\/logo\\\/image\\\/\"},\"sameAs\":[\"https:\\\/\\\/www.facebook.com\\\/ets.dekkal.1\",\"https:\\\/\\\/www.instagram.com\\\/ets.dekkal\\\/\"]}]}<\/script>\n<!-- \/ Yoast SEO Premium plugin. -->","yoast_head_json":{"title":"Jeu de ciseau \u00e0 bois 4PCS YT-6260 YATO - DEKKAL","robots":{"index":"index","follow":"follow","max-snippet":"max-snippet:-1","max-image-preview":"max-image-preview:large","max-video-preview":"max-video-preview:-1"},"canonical":"https:\/\/dekkal-quincaillerie.dz\/fr\/produit\/jeu-de-ciseau-a-bois-4pcs-yt-6260-yato\/","schema":{"@context":"https:\/\/schema.org","@graph":[{"@type":"WebPage","@id":"https:\/\/dekkal-quincaillerie.dz\/fr\/produit\/jeu-de-ciseau-a-bois-4pcs-yt-6260-yato\/","url":"https:\/\/dekkal-quincaillerie.dz\/fr\/produit\/jeu-de-ciseau-a-bois-4pcs-yt-6260-yato\/","name":"Jeu de ciseau \u00e0 bois 4PCS YT-6260 YATO - DEKKAL","isPartOf":{"@id":"https:\/\/dekkal-quincaillerie.dz\/fr\/#website"},"primaryImageOfPage":{"@id":"https:\/\/dekkal-quincaillerie.dz\/fr\/produit\/jeu-de-ciseau-a-bois-4pcs-yt-6260-yato\/#primaryimage"},"image":{"@id":"https:\/\/dekkal-quincaillerie.dz\/fr\/produit\/jeu-de-ciseau-a-bois-4pcs-yt-6260-yato\/#primaryimage"},"thumbnailUrl":"https:\/\/dekkal-quincaillerie.dz\/fr\/wp-content\/uploads\/2022\/03\/YT-6260.avif","datePublished":"2022-03-19T18:55:44+00:00","dateModified":"2025-03-22T07:16:37+00:00","breadcrumb":{"@id":"https:\/\/dekkal-quincaillerie.dz\/fr\/produit\/jeu-de-ciseau-a-bois-4pcs-yt-6260-yato\/#breadcrumb"},"inLanguage":"fr-FR","potentialAction":[{"@type":"ReadAction","target":["https:\/\/dekkal-quincaillerie.dz\/fr\/produit\/jeu-de-ciseau-a-bois-4pcs-yt-6260-yato\/"]}]},{"@type":"ImageObject","inLanguage":"fr-FR","@id":"https:\/\/dekkal-quincaillerie.dz\/fr\/produit\/jeu-de-ciseau-a-bois-4pcs-yt-6260-yato\/#primaryimage","url":"https:\/\/dekkal-quincaillerie.dz\/fr\/wp-content\/uploads\/2022\/03\/YT-6260.avif","contentUrl":"https:\/\/dekkal-quincaillerie.dz\/fr\/wp-content\/uploads\/2022\/03\/YT-6260.avif","width":999,"height":571},{"@type":"BreadcrumbList","@id":"https:\/\/dekkal-quincaillerie.dz\/fr\/produit\/jeu-de-ciseau-a-bois-4pcs-yt-6260-yato\/#breadcrumb","itemListElement":[{"@type":"ListItem","position":1,"name":"Accueil","item":"https:\/\/dekkal-quincaillerie.dz\/fr\/"},{"@type":"ListItem","position":2,"name":"Boutique","item":"https:\/\/dekkal-quincaillerie.dz\/fr\/boutique\/"},{"@type":"ListItem","position":3,"name":"Jeu de ciseau \u00e0 bois 4PCS YT-6260 YATO"}]},{"@type":"WebSite","@id":"https:\/\/dekkal-quincaillerie.dz\/fr\/#website","url":"https:\/\/dekkal-quincaillerie.dz\/fr\/","name":"DEKKAL","description":"","publisher":{"@id":"https:\/\/dekkal-quincaillerie.dz\/fr\/#organization"},"potentialAction":[{"@type":"SearchAction","target":{"@type":"EntryPoint","urlTemplate":"https:\/\/dekkal-quincaillerie.dz\/fr\/?s={search_term_string}"},"query-input":{"@type":"PropertyValueSpecification","valueRequired":true,"valueName":"search_term_string"}}],"inLanguage":"fr-FR"},{"@type":"Organization","@id":"https:\/\/dekkal-quincaillerie.dz\/fr\/#organization","name":"DEKKAL QUINCAILLERIE","url":"https:\/\/dekkal-quincaillerie.dz\/fr\/","logo":{"@type":"ImageObject","inLanguage":"fr-FR","@id":"https:\/\/dekkal-quincaillerie.dz\/fr\/#\/schema\/logo\/image\/","url":"https:\/\/dekkal-quincaillerie.dz\/fr\/wp-content\/uploads\/2022\/03\/image_2022-03-19_172411.png","contentUrl":"https:\/\/dekkal-quincaillerie.dz\/fr\/wp-content\/uploads\/2022\/03\/image_2022-03-19_172411.png","width":851,"height":315,"caption":"DEKKAL QUINCAILLERIE"},"image":{"@id":"https:\/\/dekkal-quincaillerie.dz\/fr\/#\/schema\/logo\/image\/"},"sameAs":["https:\/\/www.facebook.com\/ets.dekkal.1","https:\/\/www.instagram.com\/ets.dekkal\/"]}]}},"jetpack_publicize_connections":[],"jetpack-related-posts":[{"id":4680,"url":"https:\/\/dekkal-quincaillerie.dz\/fr\/produit\/jeu-de-limes-250mm-3-pcs-yt-6237\/","url_meta":{"origin":4697,"position":0},"title":"Jeu de limes 250 MM 3 PCS YT-6237 YATO","author":"admin","date":"mars 19, 2022","format":false,"excerpt":"Jeu de limes 250 MM 3 PCS YT-6237 YATO Caract\u00e9ristiques : R\u00e9f\u00e9rence: YT-6237 Lot de 3 lames professionnelles en m\u00e9tal de 250 MM Poign\u00e9e souple pour un meilleur confort de travail Deuxi\u00e8me coupe triangulaire, plate et demi-classeurs arrondis Fabriqu\u00e9 en acier au carbone T12 de haute qualit\u00e9 Outils essentiels dans\u2026","rel":"","context":"Article similaire","block_context":{"text":"Article similaire","link":""},"img":{"alt_text":"","src":"https:\/\/dekkal-quincaillerie.dz\/fr\/wp-content\/uploads\/2022\/03\/675360111.yato-reszelo-keszlet-3-reszes-250-mm-yt-6237-szerszamvar.avif","width":350,"height":200,"srcset":"https:\/\/dekkal-quincaillerie.dz\/fr\/wp-content\/uploads\/2022\/03\/675360111.yato-reszelo-keszlet-3-reszes-250-mm-yt-6237-szerszamvar.avif 1x, https:\/\/dekkal-quincaillerie.dz\/fr\/wp-content\/uploads\/2022\/03\/675360111.yato-reszelo-keszlet-3-reszes-250-mm-yt-6237-szerszamvar.avif 1.5x"},"classes":[]},{"id":4670,"url":"https:\/\/dekkal-quincaillerie.dz\/fr\/produit\/cle-a-choc-yato-yt-0952\/","url_meta":{"origin":4697,"position":1},"title":"Cl\u00e9 \u00e0 choc 1\/2&Prime; YT-0952 YATO","author":"admin","date":"mars 19, 2022","format":false,"excerpt":"Cl\u00e9 \u00e0 choc 1\/2\" YT-0952 YATO Caract\u00e9ristiques : Longueur : 180 MM Taille du disque carr\u00e9 1\/2 Fabricant YATO Couple max [NM] 540 Connexion d'air 1\/4 \" Consommation d'air : 105 L\/M R\u00e9volutions : 7000 RPM Poids : 2900 G Pression de service : 6.2 BAR","rel":"","context":"Article similaire","block_context":{"text":"Article similaire","link":""},"img":{"alt_text":"","src":"https:\/\/dekkal-quincaillerie.dz\/fr\/wp-content\/uploads\/2022\/03\/b53_yt_0952-1.avif","width":350,"height":200,"srcset":"https:\/\/dekkal-quincaillerie.dz\/fr\/wp-content\/uploads\/2022\/03\/b53_yt_0952-1.avif 1x, https:\/\/dekkal-quincaillerie.dz\/fr\/wp-content\/uploads\/2022\/03\/b53_yt_0952-1.avif 1.5x"},"classes":[]},{"id":4689,"url":"https:\/\/dekkal-quincaillerie.dz\/fr\/produit\/tournevis-et-set-de-bits-27-pcs-yt-2789\/","url_meta":{"origin":4697,"position":2},"title":"Jeu de tournevis 27 PCS YT-2789 YATO","author":"admin","date":"mars 19, 2022","format":false,"excerpt":"Jeu de tournevis 27 PCS YT-2789 YATO Caract\u00e9ristiques : Fabricant: YATO Dimensions du colis: 49.2 x 36.3 x 4.3 cm;\u00a0 1.11 KG R\u00e9f\u00e9rence: YT-2789 Batterie(s) \/ Pile(s) requise(s): Non Poids: 1.11 KG \u00a0","rel":"","context":"Article similaire","block_context":{"text":"Article similaire","link":""},"img":{"alt_text":"","src":"https:\/\/dekkal-quincaillerie.dz\/fr\/wp-content\/uploads\/2022\/03\/yt-2789.avif","width":350,"height":200,"srcset":"https:\/\/dekkal-quincaillerie.dz\/fr\/wp-content\/uploads\/2022\/03\/yt-2789.avif 1x, https:\/\/dekkal-quincaillerie.dz\/fr\/wp-content\/uploads\/2022\/03\/yt-2789.avif 1.5x"},"classes":[]},{"id":5175,"url":"https:\/\/dekkal-quincaillerie.dz\/fr\/produit\/telemetre-numerique-laser-yato-yt-73125\/","url_meta":{"origin":4697,"position":3},"title":"T\u00e9l\u00e9m\u00e8tre num\u00e9rique laser YT-73125 YATO","author":"admin","date":"mars 19, 2022","format":false,"excerpt":"T\u00e9l\u00e9m\u00e8tre num\u00e9rique laser YT-73125 YATO Caract\u00e9ristiques techniques: Calculs de la surface, volume d'int\u00e9rieur, Gamme de mesure 0,05\u201340 M, Pr\u00e9cision 2 MM, Faible valeur affich\u00e9e 1 MM, Unit\u00e9s de mesure\u202f: m, pieds, pouces, Longueur d'onde 635 NM, Temp\u00e9rature de fonctionnement\u202f: 0\u201350 degr\u00e9s de \u00b0 C, Temp\u00e9rature de stockage -10 \u00e0 50\u2026","rel":"","context":"Article similaire","block_context":{"text":"Article similaire","link":""},"img":{"alt_text":"","src":"https:\/\/dekkal-quincaillerie.dz\/fr\/wp-content\/uploads\/2022\/03\/YT-73125.avif","width":350,"height":200,"srcset":"https:\/\/dekkal-quincaillerie.dz\/fr\/wp-content\/uploads\/2022\/03\/YT-73125.avif 1x, https:\/\/dekkal-quincaillerie.dz\/fr\/wp-content\/uploads\/2022\/03\/YT-73125.avif 1.5x, https:\/\/dekkal-quincaillerie.dz\/fr\/wp-content\/uploads\/2022\/03\/YT-73125.avif 2x"},"classes":[]},{"id":4687,"url":"https:\/\/dekkal-quincaillerie.dz\/fr\/produit\/rallonge-electrique-o-3-x-2-5mm2-40m-yato-yt-8107\/","url_meta":{"origin":4697,"position":4},"title":"Rallonge \u00e9lectrique \u00d8 3 X 2.5 MM2 40M  YT-8107 YATO","author":"admin","date":"mars 19, 2022","format":false,"excerpt":"Jeu de tournevis 27 PCS YT-2789 YATO Caract\u00e9ristiques : Dimensions du colis: 1 x 1 x 1 CM; 9.53 KG Quantit\u00e9 d'articles: 1 Piles incluses ? Non Batterie(s) \/ Pile(s) requise(s) Non Poids: 9.53 KG","rel":"","context":"Article similaire","block_context":{"text":"Article similaire","link":""},"img":{"alt_text":"","src":"https:\/\/dekkal-quincaillerie.dz\/fr\/wp-content\/uploads\/2022\/03\/81dIhigwSkL._AC_SY355_.avif","width":350,"height":200},"classes":[]},{"id":6665,"url":"https:\/\/dekkal-quincaillerie.dz\/fr\/produit\/mano-gonfleur-440mm-yt-2370-yato\/","url_meta":{"origin":4697,"position":5},"title":"MANO GONFLEUR 440MM YT-2370 YATO","author":"webmaster","date":"octobre 29, 2022","format":false,"excerpt":"DESCRIPTION : Le corps en aluminium du pistolet est recouvert d'un mat\u00e9riau antid\u00e9rapant. Manom\u00e8tre fix\u00e9 avec un corps en caoutchouc. Longueur du tuyau 40 cm. Pression maximale\u00a0 0,8 Mp a. Raccordement 1\/4. Poids 330 g. COULEUR : NOIR","rel":"","context":"Article similaire","block_context":{"text":"Article similaire","link":""},"img":{"alt_text":"","src":"https:\/\/dekkal-quincaillerie.dz\/fr\/wp-content\/uploads\/2022\/10\/telechargement-20.avif","width":350,"height":200},"classes":[]}],"jetpack_likes_enabled":true,"jetpack_sharing_enabled":true,"_links":{"self":[{"href":"https:\/\/dekkal-quincaillerie.dz\/fr\/wp-json\/wp\/v2\/product\/4697","targetHints":{"allow":["GET"]}}],"collection":[{"href":"https:\/\/dekkal-quincaillerie.dz\/fr\/wp-json\/wp\/v2\/product"}],"about":[{"href":"https:\/\/dekkal-quincaillerie.dz\/fr\/wp-json\/wp\/v2\/types\/product"}],"wp:featuredmedia":[{"embeddable":true,"href":"https:\/\/dekkal-quincaillerie.dz\/fr\/wp-json\/wp\/v2\/media\/4698"}],"wp:attachment":[{"href":"https:\/\/dekkal-quincaillerie.dz\/fr\/wp-json\/wp\/v2\/media?parent=4697"}],"wp:term":[{"taxonomy":"product_brand","embeddable":true,"href":"https:\/\/dekkal-quincaillerie.dz\/fr\/wp-json\/wp\/v2\/product_brand?post=4697"},{"taxonomy":"product_cat","embeddable":true,"href":"https:\/\/dekkal-quincaillerie.dz\/fr\/wp-json\/wp\/v2\/product_cat?post=4697"},{"taxonomy":"product_tag","embeddable":true,"href":"https:\/\/dekkal-quincaillerie.dz\/fr\/wp-json\/wp\/v2\/product_tag?post=4697"}],"curies":[{"name":"wp","href":"https:\/\/api.w.org\/{rel}","templated":true}]}}