{"id":4608,"date":"2022-03-19T18:55:03","date_gmt":"2022-03-19T18:55:03","guid":{"rendered":"https:\/\/dekkal-quincaillerie.dz\/fr\/index.php\/produit\/pistolet-de-pulverisation\/"},"modified":"2025-03-22T07:16:36","modified_gmt":"2025-03-22T07:16:36","slug":"pistolet-de-pulverisation","status":"publish","type":"product","link":"https:\/\/dekkal-quincaillerie.dz\/fr\/produit\/pistolet-de-pulverisation\/","title":{"rendered":"PISTOLET DE PEINTURE 220 V 600 W CT31014 CROWN"},"content":{"rendered":"<h3>Pistolet de peinture \u00e9lectrique 220 V 600 W CT31014 CROWN<\/h3>\n<h4>Caract\u00e9ristiques :<\/h4>\n<ul>\n<li>Puissance nominale : 600 W<\/li>\n<li>Voltage : 220-230 V<\/li>\n<li>D\u00e9bit de peinture maxi : 1000 ML\/MIN<\/li>\n<li>Max pression de pulv\u00e9risation : 0.1 &#8211; 0.3 BAR<\/li>\n<li>Max viscosit\u00e9 : 100 DIN-S<\/li>\n<li>Diam\u00e8tre de la buse : \u00d8 2.5 MM<\/li>\n<li>Capacit\u00e9 du r\u00e9servoir : 900 ML<\/li>\n<li>Poids :\u00a0 2.9 KG<\/li>\n<\/ul>\n<p>&nbsp;<\/p>\n<h4>Description :<\/h4>\n<p style=\"text-align: left\">D\u00e9bit de peinture variable permet de r\u00e9gler l&rsquo;intensit\u00e9 de l&rsquo;application de peinture en assurant une couverture parfaite.<\/p>\n<p style=\"text-align: left\">Buse r\u00e9glable permet de choisir entre 3 formes de jet diff\u00e9rentes.<\/p>\n<p style=\"text-align: left\">Remplissage facile permet de remplir le r\u00e9servoir sans le d\u00e9monter.<\/p>\n<p style=\"text-align: left\">Nettoyage de s\u00e9curit\u00e9 \u00e9vitez les chocs \u00e9lectriques lors du nettoyage des outils \u00e9lectriques.<\/p>\n<p style=\"text-align: left\">Station int\u00e9gr\u00e9e vous permet de stocker et de transporter en toute s\u00e9curit\u00e9 le pulv\u00e9risateur.<\/p>\n<p style=\"text-align: left\">Prise souple situ\u00e9 sur la poign\u00e9e, il offre un confort suppl\u00e9mentaire aux utilisateurs.<\/p>\n","protected":false},"excerpt":{"rendered":"<p>Pistolet de peinture \u00e9lectrique 220 V 600 W CT31014 CROWN Caract\u00e9ristiques : Puissance nominale : 600 W Voltage : 220-230 V D\u00e9bit de peinture maxi : 1000 ML\/MIN Max pression de pulv\u00e9risation : 0.1 &#8211; 0.3 BAR Max viscosit\u00e9 : 100 DIN-S Diam\u00e8tre de la buse : \u00d8 2.5 MM Capacit\u00e9 du r\u00e9servoir : 900 [&hellip;]<\/p>\n","protected":false},"featured_media":4609,"template":"","meta":{"jetpack_post_was_ever_published":false,"jetpack_publicize_message":"","jetpack_publicize_feature_enabled":true,"jetpack_social_post_already_shared":false,"jetpack_social_options":{"image_generator_settings":{"template":"highway","default_image_id":0,"font":"","enabled":false},"version":2}},"product_brand":[1113],"product_cat":[204],"product_tag":[1139],"class_list":{"0":"post-4608","1":"product","2":"type-product","3":"status-publish","4":"has-post-thumbnail","6":"product_brand-crown","7":"product_cat-batiment","8":"product_tag-pistolet-de-peinture","10":"first","11":"instock","12":"purchasable","13":"product-type-simple"},"yoast_head":"<!-- This site is optimized with the Yoast SEO Premium plugin v20.0 (Yoast SEO v27.4) - https:\/\/yoast.com\/product\/yoast-seo-premium-wordpress\/ -->\n<title>PISTOLET DE PEINTURE 220 V 600 W CT31014 CROWN - DEKKAL<\/title>\n<meta name=\"robots\" content=\"index, follow, max-snippet:-1, max-image-preview:large, max-video-preview:-1\" \/>\n<link rel=\"canonical\" href=\"https:\/\/dekkal-quincaillerie.dz\/fr\/produit\/pistolet-de-pulverisation\/\" \/>\n<script type=\"application\/ld+json\" class=\"yoast-schema-graph\">{\"@context\":\"https:\\\/\\\/schema.org\",\"@graph\":[{\"@type\":\"WebPage\",\"@id\":\"https:\\\/\\\/dekkal-quincaillerie.dz\\\/fr\\\/produit\\\/pistolet-de-pulverisation\\\/\",\"url\":\"https:\\\/\\\/dekkal-quincaillerie.dz\\\/fr\\\/produit\\\/pistolet-de-pulverisation\\\/\",\"name\":\"PISTOLET DE PEINTURE 220 V 600 W CT31014 CROWN - DEKKAL\",\"isPartOf\":{\"@id\":\"https:\\\/\\\/dekkal-quincaillerie.dz\\\/fr\\\/#website\"},\"primaryImageOfPage\":{\"@id\":\"https:\\\/\\\/dekkal-quincaillerie.dz\\\/fr\\\/produit\\\/pistolet-de-pulverisation\\\/#primaryimage\"},\"image\":{\"@id\":\"https:\\\/\\\/dekkal-quincaillerie.dz\\\/fr\\\/produit\\\/pistolet-de-pulverisation\\\/#primaryimage\"},\"thumbnailUrl\":\"https:\\\/\\\/dekkal-quincaillerie.dz\\\/fr\\\/wp-content\\\/uploads\\\/2022\\\/03\\\/115756278_960422171047390_4978861480398571913_n.avif\",\"datePublished\":\"2022-03-19T18:55:03+00:00\",\"dateModified\":\"2025-03-22T07:16:36+00:00\",\"breadcrumb\":{\"@id\":\"https:\\\/\\\/dekkal-quincaillerie.dz\\\/fr\\\/produit\\\/pistolet-de-pulverisation\\\/#breadcrumb\"},\"inLanguage\":\"fr-FR\",\"potentialAction\":[{\"@type\":\"ReadAction\",\"target\":[\"https:\\\/\\\/dekkal-quincaillerie.dz\\\/fr\\\/produit\\\/pistolet-de-pulverisation\\\/\"]}]},{\"@type\":\"ImageObject\",\"inLanguage\":\"fr-FR\",\"@id\":\"https:\\\/\\\/dekkal-quincaillerie.dz\\\/fr\\\/produit\\\/pistolet-de-pulverisation\\\/#primaryimage\",\"url\":\"https:\\\/\\\/dekkal-quincaillerie.dz\\\/fr\\\/wp-content\\\/uploads\\\/2022\\\/03\\\/115756278_960422171047390_4978861480398571913_n.avif\",\"contentUrl\":\"https:\\\/\\\/dekkal-quincaillerie.dz\\\/fr\\\/wp-content\\\/uploads\\\/2022\\\/03\\\/115756278_960422171047390_4978861480398571913_n.avif\",\"width\":600,\"height\":600},{\"@type\":\"BreadcrumbList\",\"@id\":\"https:\\\/\\\/dekkal-quincaillerie.dz\\\/fr\\\/produit\\\/pistolet-de-pulverisation\\\/#breadcrumb\",\"itemListElement\":[{\"@type\":\"ListItem\",\"position\":1,\"name\":\"Accueil\",\"item\":\"https:\\\/\\\/dekkal-quincaillerie.dz\\\/fr\\\/\"},{\"@type\":\"ListItem\",\"position\":2,\"name\":\"Boutique\",\"item\":\"https:\\\/\\\/dekkal-quincaillerie.dz\\\/fr\\\/boutique\\\/\"},{\"@type\":\"ListItem\",\"position\":3,\"name\":\"PISTOLET DE PEINTURE 220 V 600 W CT31014 CROWN\"}]},{\"@type\":\"WebSite\",\"@id\":\"https:\\\/\\\/dekkal-quincaillerie.dz\\\/fr\\\/#website\",\"url\":\"https:\\\/\\\/dekkal-quincaillerie.dz\\\/fr\\\/\",\"name\":\"DEKKAL\",\"description\":\"\",\"publisher\":{\"@id\":\"https:\\\/\\\/dekkal-quincaillerie.dz\\\/fr\\\/#organization\"},\"potentialAction\":[{\"@type\":\"SearchAction\",\"target\":{\"@type\":\"EntryPoint\",\"urlTemplate\":\"https:\\\/\\\/dekkal-quincaillerie.dz\\\/fr\\\/?s={search_term_string}\"},\"query-input\":{\"@type\":\"PropertyValueSpecification\",\"valueRequired\":true,\"valueName\":\"search_term_string\"}}],\"inLanguage\":\"fr-FR\"},{\"@type\":\"Organization\",\"@id\":\"https:\\\/\\\/dekkal-quincaillerie.dz\\\/fr\\\/#organization\",\"name\":\"DEKKAL QUINCAILLERIE\",\"url\":\"https:\\\/\\\/dekkal-quincaillerie.dz\\\/fr\\\/\",\"logo\":{\"@type\":\"ImageObject\",\"inLanguage\":\"fr-FR\",\"@id\":\"https:\\\/\\\/dekkal-quincaillerie.dz\\\/fr\\\/#\\\/schema\\\/logo\\\/image\\\/\",\"url\":\"https:\\\/\\\/dekkal-quincaillerie.dz\\\/fr\\\/wp-content\\\/uploads\\\/2022\\\/03\\\/image_2022-03-19_172411.png\",\"contentUrl\":\"https:\\\/\\\/dekkal-quincaillerie.dz\\\/fr\\\/wp-content\\\/uploads\\\/2022\\\/03\\\/image_2022-03-19_172411.png\",\"width\":851,\"height\":315,\"caption\":\"DEKKAL QUINCAILLERIE\"},\"image\":{\"@id\":\"https:\\\/\\\/dekkal-quincaillerie.dz\\\/fr\\\/#\\\/schema\\\/logo\\\/image\\\/\"},\"sameAs\":[\"https:\\\/\\\/www.facebook.com\\\/ets.dekkal.1\",\"https:\\\/\\\/www.instagram.com\\\/ets.dekkal\\\/\"]}]}<\/script>\n<!-- \/ Yoast SEO Premium plugin. -->","yoast_head_json":{"title":"PISTOLET DE PEINTURE 220 V 600 W CT31014 CROWN - DEKKAL","robots":{"index":"index","follow":"follow","max-snippet":"max-snippet:-1","max-image-preview":"max-image-preview:large","max-video-preview":"max-video-preview:-1"},"canonical":"https:\/\/dekkal-quincaillerie.dz\/fr\/produit\/pistolet-de-pulverisation\/","schema":{"@context":"https:\/\/schema.org","@graph":[{"@type":"WebPage","@id":"https:\/\/dekkal-quincaillerie.dz\/fr\/produit\/pistolet-de-pulverisation\/","url":"https:\/\/dekkal-quincaillerie.dz\/fr\/produit\/pistolet-de-pulverisation\/","name":"PISTOLET DE PEINTURE 220 V 600 W CT31014 CROWN - DEKKAL","isPartOf":{"@id":"https:\/\/dekkal-quincaillerie.dz\/fr\/#website"},"primaryImageOfPage":{"@id":"https:\/\/dekkal-quincaillerie.dz\/fr\/produit\/pistolet-de-pulverisation\/#primaryimage"},"image":{"@id":"https:\/\/dekkal-quincaillerie.dz\/fr\/produit\/pistolet-de-pulverisation\/#primaryimage"},"thumbnailUrl":"https:\/\/dekkal-quincaillerie.dz\/fr\/wp-content\/uploads\/2022\/03\/115756278_960422171047390_4978861480398571913_n.avif","datePublished":"2022-03-19T18:55:03+00:00","dateModified":"2025-03-22T07:16:36+00:00","breadcrumb":{"@id":"https:\/\/dekkal-quincaillerie.dz\/fr\/produit\/pistolet-de-pulverisation\/#breadcrumb"},"inLanguage":"fr-FR","potentialAction":[{"@type":"ReadAction","target":["https:\/\/dekkal-quincaillerie.dz\/fr\/produit\/pistolet-de-pulverisation\/"]}]},{"@type":"ImageObject","inLanguage":"fr-FR","@id":"https:\/\/dekkal-quincaillerie.dz\/fr\/produit\/pistolet-de-pulverisation\/#primaryimage","url":"https:\/\/dekkal-quincaillerie.dz\/fr\/wp-content\/uploads\/2022\/03\/115756278_960422171047390_4978861480398571913_n.avif","contentUrl":"https:\/\/dekkal-quincaillerie.dz\/fr\/wp-content\/uploads\/2022\/03\/115756278_960422171047390_4978861480398571913_n.avif","width":600,"height":600},{"@type":"BreadcrumbList","@id":"https:\/\/dekkal-quincaillerie.dz\/fr\/produit\/pistolet-de-pulverisation\/#breadcrumb","itemListElement":[{"@type":"ListItem","position":1,"name":"Accueil","item":"https:\/\/dekkal-quincaillerie.dz\/fr\/"},{"@type":"ListItem","position":2,"name":"Boutique","item":"https:\/\/dekkal-quincaillerie.dz\/fr\/boutique\/"},{"@type":"ListItem","position":3,"name":"PISTOLET DE PEINTURE 220 V 600 W CT31014 CROWN"}]},{"@type":"WebSite","@id":"https:\/\/dekkal-quincaillerie.dz\/fr\/#website","url":"https:\/\/dekkal-quincaillerie.dz\/fr\/","name":"DEKKAL","description":"","publisher":{"@id":"https:\/\/dekkal-quincaillerie.dz\/fr\/#organization"},"potentialAction":[{"@type":"SearchAction","target":{"@type":"EntryPoint","urlTemplate":"https:\/\/dekkal-quincaillerie.dz\/fr\/?s={search_term_string}"},"query-input":{"@type":"PropertyValueSpecification","valueRequired":true,"valueName":"search_term_string"}}],"inLanguage":"fr-FR"},{"@type":"Organization","@id":"https:\/\/dekkal-quincaillerie.dz\/fr\/#organization","name":"DEKKAL QUINCAILLERIE","url":"https:\/\/dekkal-quincaillerie.dz\/fr\/","logo":{"@type":"ImageObject","inLanguage":"fr-FR","@id":"https:\/\/dekkal-quincaillerie.dz\/fr\/#\/schema\/logo\/image\/","url":"https:\/\/dekkal-quincaillerie.dz\/fr\/wp-content\/uploads\/2022\/03\/image_2022-03-19_172411.png","contentUrl":"https:\/\/dekkal-quincaillerie.dz\/fr\/wp-content\/uploads\/2022\/03\/image_2022-03-19_172411.png","width":851,"height":315,"caption":"DEKKAL QUINCAILLERIE"},"image":{"@id":"https:\/\/dekkal-quincaillerie.dz\/fr\/#\/schema\/logo\/image\/"},"sameAs":["https:\/\/www.facebook.com\/ets.dekkal.1","https:\/\/www.instagram.com\/ets.dekkal\/"]}]}},"jetpack_publicize_connections":[],"jetpack-related-posts":[{"id":4603,"url":"https:\/\/dekkal-quincaillerie.dz\/fr\/produit\/pistolet-de-peinture-electrique\/","url_meta":{"origin":4608,"position":0},"title":"Pistolet \u00e0 peinture \u00e9lectrique 700 W 800 ML CT31010 CROWN","author":"admin","date":"mars 19, 2022","format":false,"excerpt":"Pistolet \u00e0 peinture \u00e9lectrique 700 W 800 ML CT31010 CROWN Caract\u00e9ristiques : Puissance nominale: 700 W Capacit\u00e9 du r\u00e9servoir: 800 ML Max. pression de pulv\u00e9risation: 0.1-0.3 BAR Max. Viscosit\u00e9: 50 DIN-S Diam\u00e8tre \u00d8 de la buse:: 2.5 MM D\u00e9bit peinture maxi: 1200 ML\/MIN","rel":"","context":"Article similaire","block_context":{"text":"Article similaire","link":""},"img":{"alt_text":"","src":"https:\/\/dekkal-quincaillerie.dz\/fr\/wp-content\/uploads\/2022\/03\/CT31014.avif","width":350,"height":200},"classes":[]},{"id":4595,"url":"https:\/\/dekkal-quincaillerie.dz\/fr\/produit\/pistolet-de-peinture-pneumatique-crown-ct38056\/","url_meta":{"origin":4608,"position":1},"title":"PISTOLET DE PEINTURE PNEUMATIQUE 1.5 MM 600 ML CT38056 CROWN","author":"admin","date":"mars 19, 2022","format":false,"excerpt":"Pistolet de peinture pneumatique 1.5 MM 600 ML CT38056 CROWN \u00a0 Le\u00a0pistolet de peinture\u00a0est un outil essentiel pour les projets de peinture, qu\u2019ils soient petits ou grands. Sa conception ergonomique et sa poign\u00e9e antid\u00e9rapante offrent un confort optimal lors de son utilisation. Gr\u00e2ce \u00e0 sa capacit\u00e9 de pulv\u00e9risation uniforme, il\u2026","rel":"","context":"Article similaire","block_context":{"text":"Article similaire","link":""},"img":{"alt_text":"pistolet de peinture","src":"https:\/\/dekkal-quincaillerie.dz\/fr\/wp-content\/uploads\/2022\/03\/CT38056.avif","width":350,"height":200,"srcset":"https:\/\/dekkal-quincaillerie.dz\/fr\/wp-content\/uploads\/2022\/03\/CT38056.avif 1x, https:\/\/dekkal-quincaillerie.dz\/fr\/wp-content\/uploads\/2022\/03\/CT38056.avif 1.5x"},"classes":[]},{"id":4848,"url":"https:\/\/dekkal-quincaillerie.dz\/fr\/produit\/pistolet-electrique-de-peinture-400w-sg001-makute\/","url_meta":{"origin":4608,"position":2},"title":"Pistolet \u00e0 peinture \u00e9lectrique 400 W SG001 MAKUTE","author":"admin","date":"mars 19, 2022","format":false,"excerpt":"Pistolet \u00e0 peinture \u00e9lectrique 400 W SG001 MAKUTE Caract\u00e9ristiques :\u00a0 Capacit\u00e9: 900 L L'approvisionnement en \u00e9lectricit\u00e9: 220 V 240 V Pression: 0.1-0.2 BAR D\u00e9bit de pulv\u00e9risation: 700 ML\/MIN Viscosit\u00e9 maximale: 60 DIN-S Taille: 65*29.5*28 Capacit\u00e9:400 W Diam\u00e8tre de la buse: 2.5 MM \u00a0","rel":"","context":"Article similaire","block_context":{"text":"Article similaire","link":""},"img":{"alt_text":"","src":"https:\/\/dekkal-quincaillerie.dz\/fr\/wp-content\/uploads\/2022\/03\/Makute-400W-Electric-Spray-Gun-SG001-1200x1024-1.avif","width":350,"height":200,"srcset":"https:\/\/dekkal-quincaillerie.dz\/fr\/wp-content\/uploads\/2022\/03\/Makute-400W-Electric-Spray-Gun-SG001-1200x1024-1.avif 1x, https:\/\/dekkal-quincaillerie.dz\/fr\/wp-content\/uploads\/2022\/03\/Makute-400W-Electric-Spray-Gun-SG001-1200x1024-1.avif 1.5x, https:\/\/dekkal-quincaillerie.dz\/fr\/wp-content\/uploads\/2022\/03\/Makute-400W-Electric-Spray-Gun-SG001-1200x1024-1.avif 2x, https:\/\/dekkal-quincaillerie.dz\/fr\/wp-content\/uploads\/2022\/03\/Makute-400W-Electric-Spray-Gun-SG001-1200x1024-1.avif 3x"},"classes":[]},{"id":7917,"url":"https:\/\/dekkal-quincaillerie.dz\/fr\/produit\/pistolet-de-peinture-o-1-4-mm-ct38052-crown\/","url_meta":{"origin":4608,"position":3},"title":"PISTOLET DE PEINTURE \u00d8 1.4 MM CT38052 CROWN","author":"webmaster","date":"d\u00e9cembre 25, 2023","format":false,"excerpt":"PISTOLET DE PEINTURE \u00d8 1.4 MM CT38052 CROWN \u00a0 Le PISTOLET DE PEINTURE \u00d8 1.4MM CT38052 CROWN fonctionne avec de l'air comprim\u00e9. Il est dot\u00e9 d'un corps en alliage avec un r\u00e9servoir de peinture de 600ml et une buse en acier inoxydable, de 1.4mm de diam\u00e8tre. Gr\u00e2ce \u00e0 ce pistolet,\u2026","rel":"","context":"Article similaire","block_context":{"text":"Article similaire","link":""},"img":{"alt_text":"PISTOLET DE PEINTURE \u00d8 1.4MM CT38052 CROWN","src":"https:\/\/dekkal-quincaillerie.dz\/fr\/wp-content\/uploads\/2023\/12\/CT38052.avif","width":350,"height":200},"classes":[]},{"id":7913,"url":"https:\/\/dekkal-quincaillerie.dz\/fr\/produit\/decapeur-de-peinture-thermique-2000w-ct19007-crown\/","url_meta":{"origin":4608,"position":4},"title":"DECAPEUR DE PEINTURE THERMIQUE 2000W CT19007 CROWN","author":"webmaster","date":"d\u00e9cembre 25, 2023","format":false,"excerpt":"DECAPEUR DE PEINTURE THERMIQUE 2000W CT19007 CROWN \u00a0 Le DECAPEUR DE PEINTURE THERMIQUE 2000W CT19007 CROWN est un pistolet \u00e0 air chaud con\u00e7u pour chauffer une surface de travail avec un flux d\u2019air chaud. Il s'utilise pour le d\u00e9capage et le s\u00e9chage de la peinture. Ce d\u00e9capeur convient \u00e9galement pour\u2026","rel":"","context":"Article similaire","block_context":{"text":"Article similaire","link":""},"img":{"alt_text":"DECAPEUR DE PEINTURE THERMIQUE 2000W 220V CT19007 CROWN","src":"https:\/\/dekkal-quincaillerie.dz\/fr\/wp-content\/uploads\/2023\/12\/CT19007.avif","width":350,"height":200},"classes":[]},{"id":7097,"url":"https:\/\/dekkal-quincaillerie.dz\/fr\/produit\/pistolet-de-peinture-electrique-80w-800l-min-crown\/","url_meta":{"origin":4608,"position":5},"title":"PISTOLET DE PEINTURE ELECTRIQUE 80W CT31007 CROWN","author":"webmaster","date":"avril 18, 2023","format":false,"excerpt":"PISTOLET DE PEINTURE ELECTRIQUE CT31007 CROWN Puissance nominale 80W Diam\u00e9tre de la buse \u2205 0.8mm Godet en plastique\u00a0 800ml Jet de peinture maximal 250ml\/min Poids 1.65kg","rel":"","context":"Article similaire","block_context":{"text":"Article similaire","link":""},"img":{"alt_text":"","src":"https:\/\/dekkal-quincaillerie.dz\/fr\/wp-content\/uploads\/2023\/04\/PISTOLET-ELECT-CROWN.avif","width":350,"height":200,"srcset":"https:\/\/dekkal-quincaillerie.dz\/fr\/wp-content\/uploads\/2023\/04\/PISTOLET-ELECT-CROWN.avif 1x, https:\/\/dekkal-quincaillerie.dz\/fr\/wp-content\/uploads\/2023\/04\/PISTOLET-ELECT-CROWN.avif 1.5x, https:\/\/dekkal-quincaillerie.dz\/fr\/wp-content\/uploads\/2023\/04\/PISTOLET-ELECT-CROWN.avif 2x, https:\/\/dekkal-quincaillerie.dz\/fr\/wp-content\/uploads\/2023\/04\/PISTOLET-ELECT-CROWN.avif 3x, https:\/\/dekkal-quincaillerie.dz\/fr\/wp-content\/uploads\/2023\/04\/PISTOLET-ELECT-CROWN.avif 4x"},"classes":[]}],"jetpack_likes_enabled":true,"jetpack_sharing_enabled":true,"_links":{"self":[{"href":"https:\/\/dekkal-quincaillerie.dz\/fr\/wp-json\/wp\/v2\/product\/4608","targetHints":{"allow":["GET"]}}],"collection":[{"href":"https:\/\/dekkal-quincaillerie.dz\/fr\/wp-json\/wp\/v2\/product"}],"about":[{"href":"https:\/\/dekkal-quincaillerie.dz\/fr\/wp-json\/wp\/v2\/types\/product"}],"wp:featuredmedia":[{"embeddable":true,"href":"https:\/\/dekkal-quincaillerie.dz\/fr\/wp-json\/wp\/v2\/media\/4609"}],"wp:attachment":[{"href":"https:\/\/dekkal-quincaillerie.dz\/fr\/wp-json\/wp\/v2\/media?parent=4608"}],"wp:term":[{"taxonomy":"product_brand","embeddable":true,"href":"https:\/\/dekkal-quincaillerie.dz\/fr\/wp-json\/wp\/v2\/product_brand?post=4608"},{"taxonomy":"product_cat","embeddable":true,"href":"https:\/\/dekkal-quincaillerie.dz\/fr\/wp-json\/wp\/v2\/product_cat?post=4608"},{"taxonomy":"product_tag","embeddable":true,"href":"https:\/\/dekkal-quincaillerie.dz\/fr\/wp-json\/wp\/v2\/product_tag?post=4608"}],"curies":[{"name":"wp","href":"https:\/\/api.w.org\/{rel}","templated":true}]}}