{"id":13306,"date":"2025-08-19T13:44:47","date_gmt":"2025-08-19T13:44:47","guid":{"rendered":"https:\/\/dekkal-quincaillerie.dz\/fr\/?post_type=product&#038;p=13306"},"modified":"2025-08-19T13:44:47","modified_gmt":"2025-08-19T13:44:47","slug":"adaptateur-visseuse-coudee-hd-14659-gshonda","status":"publish","type":"product","link":"https:\/\/dekkal-quincaillerie.dz\/fr\/produit\/adaptateur-visseuse-coudee-hd-14659-gshonda\/","title":{"rendered":"ADAPTATEUR VISSEUSE COUDEE HD-14659 GSHONDA"},"content":{"rendered":"<h3 data-start=\"1254\" data-end=\"1311\">\u00a0 \u00a0 \u00a0 \u00a0 \u00a0 \u00a0 \u00a0 L&rsquo;<strong data-start=\"2383\" data-end=\"2430\">ADAPTATEUR VISSEUSE COUD\u00c9E HD\u201114659 GSHONDA<\/strong><br \/>\nest sans doute con\u00e7u pour faciliter les op\u00e9rations de vissage\/per\u00e7age dans les angles ou zones confin\u00e9es. Fabriqu\u00e9 en mat\u00e9riau robuste, avec un embout hexagonal standard et une bonne aimantation, il s\u2019apparente \u00e0 des mod\u00e8les utilis\u00e9s couramment pour ce genre de situations de bricolage<\/h3>\n<ul data-start=\"1479\" data-end=\"1778\">\n<li data-start=\"1479\" data-end=\"1519\">\n<p data-start=\"1481\" data-end=\"1519\"><strong data-start=\"1481\" data-end=\"1519\">Mat\u00e9riau robuste (chrome\u2011vanadium)<\/strong><\/p>\n<\/li>\n<li data-start=\"1520\" data-end=\"1603\">\n<p data-start=\"1522\" data-end=\"1603\"><strong data-start=\"1522\" data-end=\"1552\">Angle coud\u00e9 autour de 105\u00b0<\/strong>, pour acc\u00e9der aux vis dans des endroits difficiles<\/p>\n<\/li>\n<li data-start=\"1604\" data-end=\"1669\">\n<p data-start=\"1606\" data-end=\"1669\"><strong data-start=\"1606\" data-end=\"1640\">Embout hexagonal \u00bc\u2033 (~6,35 mm)<\/strong>, standard pour les visseuses<\/p>\n<\/li>\n<li data-start=\"1670\" data-end=\"1717\">\n<p data-start=\"1672\" data-end=\"1717\"><strong data-start=\"1672\" data-end=\"1717\">Aimantation pour maintien s\u00fbr de l\u2019embout<\/strong><\/p>\n<\/li>\n<li data-start=\"1718\" data-end=\"1778\">\n<p data-start=\"1720\" data-end=\"1778\"><strong data-start=\"1720\" data-end=\"1749\">Longueur adapt\u00e9e (~14\u202fcm)<\/strong> pour une bonne accessibilit\u00e9<\/p>\n<\/li>\n<\/ul>\n","protected":false},"excerpt":{"rendered":"<p>\u00a0 \u00a0 \u00a0 \u00a0 \u00a0 \u00a0 \u00a0 L&rsquo;ADAPTATEUR VISSEUSE COUD\u00c9E HD\u201114659 GSHONDA est sans doute con\u00e7u pour faciliter les op\u00e9rations de vissage\/per\u00e7age dans les angles ou zones confin\u00e9es. Fabriqu\u00e9 en mat\u00e9riau robuste, avec un embout hexagonal standard et une bonne aimantation, il s\u2019apparente \u00e0 des mod\u00e8les utilis\u00e9s couramment pour ce genre de situations de bricolage [&hellip;]<\/p>\n","protected":false},"featured_media":13309,"template":"","meta":[],"product_brand":[1333],"product_cat":[639,1118],"product_tag":[1354,2251],"class_list":{"0":"post-13306","1":"product","2":"type-product","3":"status-publish","4":"has-post-thumbnail","6":"product_brand-gshonda","7":"product_cat-divers","8":"product_cat-outillage","9":"product_tag-robuste","10":"product_tag-standard","12":"first","13":"instock","14":"taxable","15":"shipping-taxable","16":"purchasable","17":"product-type-simple"},"yoast_head":"<!-- This site is optimized with the Yoast SEO Premium plugin v20.0 (Yoast SEO v27.6) - https:\/\/yoast.com\/product\/yoast-seo-premium-wordpress\/ -->\n<title>ADAPTATEUR VISSEUSE COUDEE HD-14659 GSHONDA - DEKKAL<\/title>\n<meta name=\"description\" content=\"Optimisez vos vissages en angle avec l\u2019adaptateur visseuse coud\u00e9e HD-14659 GSHONDA. Compact, robuste et compatible avec la plupart des visseuses.\" \/>\n<meta name=\"robots\" content=\"index, follow, max-snippet:-1, max-image-preview:large, max-video-preview:-1\" \/>\n<link rel=\"canonical\" href=\"https:\/\/dekkal-quincaillerie.dz\/fr\/produit\/adaptateur-visseuse-coudee-hd-14659-gshonda\/\" \/>\n<script type=\"application\/ld+json\" class=\"yoast-schema-graph\">{\"@context\":\"https:\\\/\\\/schema.org\",\"@graph\":[{\"@type\":\"WebPage\",\"@id\":\"https:\\\/\\\/dekkal-quincaillerie.dz\\\/fr\\\/produit\\\/adaptateur-visseuse-coudee-hd-14659-gshonda\\\/\",\"url\":\"https:\\\/\\\/dekkal-quincaillerie.dz\\\/fr\\\/produit\\\/adaptateur-visseuse-coudee-hd-14659-gshonda\\\/\",\"name\":\"ADAPTATEUR VISSEUSE COUDEE HD-14659 GSHONDA - DEKKAL\",\"isPartOf\":{\"@id\":\"https:\\\/\\\/dekkal-quincaillerie.dz\\\/fr\\\/#website\"},\"primaryImageOfPage\":{\"@id\":\"https:\\\/\\\/dekkal-quincaillerie.dz\\\/fr\\\/produit\\\/adaptateur-visseuse-coudee-hd-14659-gshonda\\\/#primaryimage\"},\"image\":{\"@id\":\"https:\\\/\\\/dekkal-quincaillerie.dz\\\/fr\\\/produit\\\/adaptateur-visseuse-coudee-hd-14659-gshonda\\\/#primaryimage\"},\"thumbnailUrl\":\"https:\\\/\\\/dekkal-quincaillerie.dz\\\/fr\\\/wp-content\\\/uploads\\\/2025\\\/08\\\/1000039089.avif\",\"datePublished\":\"2025-08-19T13:44:47+00:00\",\"description\":\"Optimisez vos vissages en angle avec l\u2019adaptateur visseuse coud\u00e9e HD-14659 GSHONDA. Compact, robuste et compatible avec la plupart des visseuses.\",\"breadcrumb\":{\"@id\":\"https:\\\/\\\/dekkal-quincaillerie.dz\\\/fr\\\/produit\\\/adaptateur-visseuse-coudee-hd-14659-gshonda\\\/#breadcrumb\"},\"inLanguage\":\"fr-FR\",\"potentialAction\":[{\"@type\":\"ReadAction\",\"target\":[\"https:\\\/\\\/dekkal-quincaillerie.dz\\\/fr\\\/produit\\\/adaptateur-visseuse-coudee-hd-14659-gshonda\\\/\"]}]},{\"@type\":\"ImageObject\",\"inLanguage\":\"fr-FR\",\"@id\":\"https:\\\/\\\/dekkal-quincaillerie.dz\\\/fr\\\/produit\\\/adaptateur-visseuse-coudee-hd-14659-gshonda\\\/#primaryimage\",\"url\":\"https:\\\/\\\/dekkal-quincaillerie.dz\\\/fr\\\/wp-content\\\/uploads\\\/2025\\\/08\\\/1000039089.avif\",\"contentUrl\":\"https:\\\/\\\/dekkal-quincaillerie.dz\\\/fr\\\/wp-content\\\/uploads\\\/2025\\\/08\\\/1000039089.avif\",\"width\":470,\"height\":470,\"caption\":\"Optimisez vos vissages en angle avec l\u2019adaptateur visseuse coud\u00e9e HD-14659 GSHONDA. Compact, robuste et compatible avec la plupart des visseuses.\"},{\"@type\":\"BreadcrumbList\",\"@id\":\"https:\\\/\\\/dekkal-quincaillerie.dz\\\/fr\\\/produit\\\/adaptateur-visseuse-coudee-hd-14659-gshonda\\\/#breadcrumb\",\"itemListElement\":[{\"@type\":\"ListItem\",\"position\":1,\"name\":\"Accueil\",\"item\":\"https:\\\/\\\/dekkal-quincaillerie.dz\\\/fr\\\/\"},{\"@type\":\"ListItem\",\"position\":2,\"name\":\"Boutique\",\"item\":\"https:\\\/\\\/dekkal-quincaillerie.dz\\\/fr\\\/boutique\\\/\"},{\"@type\":\"ListItem\",\"position\":3,\"name\":\"ADAPTATEUR VISSEUSE COUDEE HD-14659 GSHONDA\"}]},{\"@type\":\"WebSite\",\"@id\":\"https:\\\/\\\/dekkal-quincaillerie.dz\\\/fr\\\/#website\",\"url\":\"https:\\\/\\\/dekkal-quincaillerie.dz\\\/fr\\\/\",\"name\":\"DEKKAL\",\"description\":\"\",\"publisher\":{\"@id\":\"https:\\\/\\\/dekkal-quincaillerie.dz\\\/fr\\\/#organization\"},\"potentialAction\":[{\"@type\":\"SearchAction\",\"target\":{\"@type\":\"EntryPoint\",\"urlTemplate\":\"https:\\\/\\\/dekkal-quincaillerie.dz\\\/fr\\\/?s={search_term_string}\"},\"query-input\":{\"@type\":\"PropertyValueSpecification\",\"valueRequired\":true,\"valueName\":\"search_term_string\"}}],\"inLanguage\":\"fr-FR\"},{\"@type\":\"Organization\",\"@id\":\"https:\\\/\\\/dekkal-quincaillerie.dz\\\/fr\\\/#organization\",\"name\":\"DEKKAL QUINCAILLERIE\",\"url\":\"https:\\\/\\\/dekkal-quincaillerie.dz\\\/fr\\\/\",\"logo\":{\"@type\":\"ImageObject\",\"inLanguage\":\"fr-FR\",\"@id\":\"https:\\\/\\\/dekkal-quincaillerie.dz\\\/fr\\\/#\\\/schema\\\/logo\\\/image\\\/\",\"url\":\"https:\\\/\\\/dekkal-quincaillerie.dz\\\/fr\\\/wp-content\\\/uploads\\\/2022\\\/03\\\/image_2022-03-19_172411.png\",\"contentUrl\":\"https:\\\/\\\/dekkal-quincaillerie.dz\\\/fr\\\/wp-content\\\/uploads\\\/2022\\\/03\\\/image_2022-03-19_172411.png\",\"width\":851,\"height\":315,\"caption\":\"DEKKAL QUINCAILLERIE\"},\"image\":{\"@id\":\"https:\\\/\\\/dekkal-quincaillerie.dz\\\/fr\\\/#\\\/schema\\\/logo\\\/image\\\/\"},\"sameAs\":[\"https:\\\/\\\/www.facebook.com\\\/ets.dekkal.1\",\"https:\\\/\\\/www.instagram.com\\\/ets.dekkal\\\/\"]}]}<\/script>\n<!-- \/ Yoast SEO Premium plugin. -->","yoast_head_json":{"title":"ADAPTATEUR VISSEUSE COUDEE HD-14659 GSHONDA - DEKKAL","description":"Optimisez vos vissages en angle avec l\u2019adaptateur visseuse coud\u00e9e HD-14659 GSHONDA. Compact, robuste et compatible avec la plupart des visseuses.","robots":{"index":"index","follow":"follow","max-snippet":"max-snippet:-1","max-image-preview":"max-image-preview:large","max-video-preview":"max-video-preview:-1"},"canonical":"https:\/\/dekkal-quincaillerie.dz\/fr\/produit\/adaptateur-visseuse-coudee-hd-14659-gshonda\/","schema":{"@context":"https:\/\/schema.org","@graph":[{"@type":"WebPage","@id":"https:\/\/dekkal-quincaillerie.dz\/fr\/produit\/adaptateur-visseuse-coudee-hd-14659-gshonda\/","url":"https:\/\/dekkal-quincaillerie.dz\/fr\/produit\/adaptateur-visseuse-coudee-hd-14659-gshonda\/","name":"ADAPTATEUR VISSEUSE COUDEE HD-14659 GSHONDA - DEKKAL","isPartOf":{"@id":"https:\/\/dekkal-quincaillerie.dz\/fr\/#website"},"primaryImageOfPage":{"@id":"https:\/\/dekkal-quincaillerie.dz\/fr\/produit\/adaptateur-visseuse-coudee-hd-14659-gshonda\/#primaryimage"},"image":{"@id":"https:\/\/dekkal-quincaillerie.dz\/fr\/produit\/adaptateur-visseuse-coudee-hd-14659-gshonda\/#primaryimage"},"thumbnailUrl":"https:\/\/dekkal-quincaillerie.dz\/fr\/wp-content\/uploads\/2025\/08\/1000039089.avif","datePublished":"2025-08-19T13:44:47+00:00","description":"Optimisez vos vissages en angle avec l\u2019adaptateur visseuse coud\u00e9e HD-14659 GSHONDA. Compact, robuste et compatible avec la plupart des visseuses.","breadcrumb":{"@id":"https:\/\/dekkal-quincaillerie.dz\/fr\/produit\/adaptateur-visseuse-coudee-hd-14659-gshonda\/#breadcrumb"},"inLanguage":"fr-FR","potentialAction":[{"@type":"ReadAction","target":["https:\/\/dekkal-quincaillerie.dz\/fr\/produit\/adaptateur-visseuse-coudee-hd-14659-gshonda\/"]}]},{"@type":"ImageObject","inLanguage":"fr-FR","@id":"https:\/\/dekkal-quincaillerie.dz\/fr\/produit\/adaptateur-visseuse-coudee-hd-14659-gshonda\/#primaryimage","url":"https:\/\/dekkal-quincaillerie.dz\/fr\/wp-content\/uploads\/2025\/08\/1000039089.avif","contentUrl":"https:\/\/dekkal-quincaillerie.dz\/fr\/wp-content\/uploads\/2025\/08\/1000039089.avif","width":470,"height":470,"caption":"Optimisez vos vissages en angle avec l\u2019adaptateur visseuse coud\u00e9e HD-14659 GSHONDA. Compact, robuste et compatible avec la plupart des visseuses."},{"@type":"BreadcrumbList","@id":"https:\/\/dekkal-quincaillerie.dz\/fr\/produit\/adaptateur-visseuse-coudee-hd-14659-gshonda\/#breadcrumb","itemListElement":[{"@type":"ListItem","position":1,"name":"Accueil","item":"https:\/\/dekkal-quincaillerie.dz\/fr\/"},{"@type":"ListItem","position":2,"name":"Boutique","item":"https:\/\/dekkal-quincaillerie.dz\/fr\/boutique\/"},{"@type":"ListItem","position":3,"name":"ADAPTATEUR VISSEUSE COUDEE HD-14659 GSHONDA"}]},{"@type":"WebSite","@id":"https:\/\/dekkal-quincaillerie.dz\/fr\/#website","url":"https:\/\/dekkal-quincaillerie.dz\/fr\/","name":"DEKKAL","description":"","publisher":{"@id":"https:\/\/dekkal-quincaillerie.dz\/fr\/#organization"},"potentialAction":[{"@type":"SearchAction","target":{"@type":"EntryPoint","urlTemplate":"https:\/\/dekkal-quincaillerie.dz\/fr\/?s={search_term_string}"},"query-input":{"@type":"PropertyValueSpecification","valueRequired":true,"valueName":"search_term_string"}}],"inLanguage":"fr-FR"},{"@type":"Organization","@id":"https:\/\/dekkal-quincaillerie.dz\/fr\/#organization","name":"DEKKAL QUINCAILLERIE","url":"https:\/\/dekkal-quincaillerie.dz\/fr\/","logo":{"@type":"ImageObject","inLanguage":"fr-FR","@id":"https:\/\/dekkal-quincaillerie.dz\/fr\/#\/schema\/logo\/image\/","url":"https:\/\/dekkal-quincaillerie.dz\/fr\/wp-content\/uploads\/2022\/03\/image_2022-03-19_172411.png","contentUrl":"https:\/\/dekkal-quincaillerie.dz\/fr\/wp-content\/uploads\/2022\/03\/image_2022-03-19_172411.png","width":851,"height":315,"caption":"DEKKAL QUINCAILLERIE"},"image":{"@id":"https:\/\/dekkal-quincaillerie.dz\/fr\/#\/schema\/logo\/image\/"},"sameAs":["https:\/\/www.facebook.com\/ets.dekkal.1","https:\/\/www.instagram.com\/ets.dekkal\/"]}]}},"_links":{"self":[{"href":"https:\/\/dekkal-quincaillerie.dz\/fr\/wp-json\/wp\/v2\/product\/13306","targetHints":{"allow":["GET"]}}],"collection":[{"href":"https:\/\/dekkal-quincaillerie.dz\/fr\/wp-json\/wp\/v2\/product"}],"about":[{"href":"https:\/\/dekkal-quincaillerie.dz\/fr\/wp-json\/wp\/v2\/types\/product"}],"wp:featuredmedia":[{"embeddable":true,"href":"https:\/\/dekkal-quincaillerie.dz\/fr\/wp-json\/wp\/v2\/media\/13309"}],"wp:attachment":[{"href":"https:\/\/dekkal-quincaillerie.dz\/fr\/wp-json\/wp\/v2\/media?parent=13306"}],"wp:term":[{"taxonomy":"product_brand","embeddable":true,"href":"https:\/\/dekkal-quincaillerie.dz\/fr\/wp-json\/wp\/v2\/product_brand?post=13306"},{"taxonomy":"product_cat","embeddable":true,"href":"https:\/\/dekkal-quincaillerie.dz\/fr\/wp-json\/wp\/v2\/product_cat?post=13306"},{"taxonomy":"product_tag","embeddable":true,"href":"https:\/\/dekkal-quincaillerie.dz\/fr\/wp-json\/wp\/v2\/product_tag?post=13306"}],"curies":[{"name":"wp","href":"https:\/\/api.w.org\/{rel}","templated":true}]}}