{"id":12761,"date":"2025-07-17T13:54:54","date_gmt":"2025-07-17T13:54:54","guid":{"rendered":"https:\/\/dekkal-quincaillerie.dz\/fr\/?post_type=product&#038;p=12761"},"modified":"2025-07-17T13:54:55","modified_gmt":"2025-07-17T13:54:55","slug":"colle-mdf-adhesif-algerie","status":"publish","type":"product","link":"https:\/\/dekkal-quincaillerie.dz\/fr\/produit\/colle-mdf-adhesif-algerie\/","title":{"rendered":"COLLE ADHESIVE AVEC DURCISSEUR 400ML 705 AKFIX"},"content":{"rendered":"<h1 data-pm-slice=\"1 1 []\">Colle MDF AVEC DURCISSEUR 400ML 705 AKFIX &#8211; L&rsquo;expert du collage<\/h1>\n<p>La <em><strong>colle bois MDF AKFIX 705<\/strong><\/em> est une solution adh\u00e9sive professionnelle compos\u00e9e d&rsquo;une <strong>colle cyanoacrylate haute<\/strong> viscosit\u00e9 et un <strong>durcisseur en spray<\/strong> de 100g. Con\u00e7ue pour r\u00e9pondre aux exigences des cha\u00eenes de production, des grands ateliers de menuiserie et d&rsquo;unit\u00e9 de fabrications, cette colle assure un <strong>collage instantan\u00e9, puissant et durable<\/strong> sur une vari\u00e9t\u00e9 de surface, dont le <strong>MDF<\/strong>, le bois massif, les panneau de particule et le caoutchouc.<\/p>\n<h2 data-pm-slice=\"1 1 []\">Propri\u00e9t\u00e9s de la colle bois MDF Akfix 705<\/h2>\n<ul>\n<li>Types d&rsquo;adh\u00e9sive : colle bois.<\/li>\n<li>Volume : 400ml.<\/li>\n<li>Temps de prise : collage quasi instantan\u00e9, fixation en quelques secondes.<\/li>\n<li>Compatibilit\u00e9 mat\u00e9rielle : MDF, bois massif, surfaces poreuses.<\/li>\n<li>Renfort par durcisseur : acc\u00e9l\u00e8re la polym\u00e9risation et renforce la liaison.<\/li>\n<li>Application vertical : ne goutte pas, ne coule pas<\/li>\n<\/ul>\n<h3 data-pm-slice=\"1 3 []\">Applications industrielles et artisanales de l&rsquo;adh\u00e9sif 705 AKFIX<\/h3>\n<ul>\n<li>Assemblage de meubles en MDF en grande s\u00e9rie.<\/li>\n<li>Montage d&rsquo;am\u00e9nagements int\u00e9rieurs et de menuiserie technique.<\/li>\n<li>R\u00e9parations express et solides de structures bois\u00e9e en atelier.<\/li>\n<li>Cr\u00e9ation et fixation de d\u00e9cors, moulures et pi\u00e8ces sur mesures.<\/li>\n<\/ul>\n<h3 data-pm-slice=\"1 1 []\">Mode d&#8217;emploi optimis\u00e9 pour un usage intensif<\/h3>\n<ul>\n<li>Pr\u00e9parez et nettoyez les surfaces \u00e0 assembler.<\/li>\n<li>Appliquer la colle sur l&rsquo;une des surfaces.<\/li>\n<li>Pulv\u00e9risez le durcisseur sur la partie correspondante.<\/li>\n<li>Presse les deux surfaces pendant quelque seconde.<\/li>\n<\/ul>\n<p>&nbsp;<\/p>\n","protected":false},"excerpt":{"rendered":"<p>Colle MDF AVEC DURCISSEUR 400ML 705 AKFIX &#8211; L&rsquo;expert du collage La colle bois MDF AKFIX 705 est une solution adh\u00e9sive professionnelle compos\u00e9e d&rsquo;une colle cyanoacrylate haute viscosit\u00e9 et un durcisseur en spray de 100g. Con\u00e7ue pour r\u00e9pondre aux exigences des cha\u00eenes de production, des grands ateliers de menuiserie et d&rsquo;unit\u00e9 de fabrications, cette colle [&hellip;]<\/p>\n","protected":false},"featured_media":12765,"template":"","meta":{"jetpack_post_was_ever_published":false,"jetpack_publicize_message":"","jetpack_publicize_feature_enabled":true,"jetpack_social_post_already_shared":true,"jetpack_social_options":{"image_generator_settings":{"template":"highway","default_image_id":0,"font":"","enabled":false},"version":2}},"product_brand":[2199],"product_cat":[207],"product_tag":[],"class_list":{"0":"post-12761","1":"product","2":"type-product","3":"status-publish","4":"has-post-thumbnail","6":"product_brand-akfix","7":"product_cat-menuiserie","9":"first","10":"instock","11":"taxable","12":"shipping-taxable","13":"purchasable","14":"product-type-simple"},"yoast_head":"<!-- This site is optimized with the Yoast SEO Premium plugin v20.0 (Yoast SEO v27.4) - https:\/\/yoast.com\/product\/yoast-seo-premium-wordpress\/ -->\n<title>colle bois MDF AKFIX 705 avec durcisseur en Alg\u00e9rie<\/title>\n<meta name=\"description\" content=\"D\u00e9couvrez la colle MDF AKFIX 705 400ml avec durcisseur, la solution professionnelle pour le collage ultra-rapide et r\u00e9sistant sur le bois\" \/>\n<meta name=\"robots\" content=\"index, follow, max-snippet:-1, max-image-preview:large, max-video-preview:-1\" \/>\n<link rel=\"canonical\" href=\"https:\/\/dekkal-quincaillerie.dz\/fr\/produit\/colle-mdf-adhesif-algerie\/\" \/>\n<script type=\"application\/ld+json\" class=\"yoast-schema-graph\">{\"@context\":\"https:\\\/\\\/schema.org\",\"@graph\":[{\"@type\":\"WebPage\",\"@id\":\"https:\\\/\\\/dekkal-quincaillerie.dz\\\/fr\\\/produit\\\/colle-mdf-adhesif-algerie\\\/\",\"url\":\"https:\\\/\\\/dekkal-quincaillerie.dz\\\/fr\\\/produit\\\/colle-mdf-adhesif-algerie\\\/\",\"name\":\"colle bois MDF AKFIX 705 avec durcisseur en Alg\u00e9rie\",\"isPartOf\":{\"@id\":\"https:\\\/\\\/dekkal-quincaillerie.dz\\\/fr\\\/#website\"},\"primaryImageOfPage\":{\"@id\":\"https:\\\/\\\/dekkal-quincaillerie.dz\\\/fr\\\/produit\\\/colle-mdf-adhesif-algerie\\\/#primaryimage\"},\"image\":{\"@id\":\"https:\\\/\\\/dekkal-quincaillerie.dz\\\/fr\\\/produit\\\/colle-mdf-adhesif-algerie\\\/#primaryimage\"},\"thumbnailUrl\":\"https:\\\/\\\/dekkal-quincaillerie.dz\\\/fr\\\/wp-content\\\/uploads\\\/2025\\\/07\\\/1000036345.avif\",\"datePublished\":\"2025-07-17T13:54:54+00:00\",\"dateModified\":\"2025-07-17T13:54:55+00:00\",\"description\":\"D\u00e9couvrez la colle MDF AKFIX 705 400ml avec durcisseur, la solution professionnelle pour le collage ultra-rapide et r\u00e9sistant sur le bois\",\"breadcrumb\":{\"@id\":\"https:\\\/\\\/dekkal-quincaillerie.dz\\\/fr\\\/produit\\\/colle-mdf-adhesif-algerie\\\/#breadcrumb\"},\"inLanguage\":\"fr-FR\",\"potentialAction\":[{\"@type\":\"ReadAction\",\"target\":[\"https:\\\/\\\/dekkal-quincaillerie.dz\\\/fr\\\/produit\\\/colle-mdf-adhesif-algerie\\\/\"]}]},{\"@type\":\"ImageObject\",\"inLanguage\":\"fr-FR\",\"@id\":\"https:\\\/\\\/dekkal-quincaillerie.dz\\\/fr\\\/produit\\\/colle-mdf-adhesif-algerie\\\/#primaryimage\",\"url\":\"https:\\\/\\\/dekkal-quincaillerie.dz\\\/fr\\\/wp-content\\\/uploads\\\/2025\\\/07\\\/1000036345.avif\",\"contentUrl\":\"https:\\\/\\\/dekkal-quincaillerie.dz\\\/fr\\\/wp-content\\\/uploads\\\/2025\\\/07\\\/1000036345.avif\",\"width\":470,\"height\":470},{\"@type\":\"BreadcrumbList\",\"@id\":\"https:\\\/\\\/dekkal-quincaillerie.dz\\\/fr\\\/produit\\\/colle-mdf-adhesif-algerie\\\/#breadcrumb\",\"itemListElement\":[{\"@type\":\"ListItem\",\"position\":1,\"name\":\"Accueil\",\"item\":\"https:\\\/\\\/dekkal-quincaillerie.dz\\\/fr\\\/\"},{\"@type\":\"ListItem\",\"position\":2,\"name\":\"Boutique\",\"item\":\"https:\\\/\\\/dekkal-quincaillerie.dz\\\/fr\\\/boutique\\\/\"},{\"@type\":\"ListItem\",\"position\":3,\"name\":\"COLLE ADHESIVE AVEC DURCISSEUR 400ML 705 AKFIX\"}]},{\"@type\":\"WebSite\",\"@id\":\"https:\\\/\\\/dekkal-quincaillerie.dz\\\/fr\\\/#website\",\"url\":\"https:\\\/\\\/dekkal-quincaillerie.dz\\\/fr\\\/\",\"name\":\"DEKKAL\",\"description\":\"\",\"publisher\":{\"@id\":\"https:\\\/\\\/dekkal-quincaillerie.dz\\\/fr\\\/#organization\"},\"potentialAction\":[{\"@type\":\"SearchAction\",\"target\":{\"@type\":\"EntryPoint\",\"urlTemplate\":\"https:\\\/\\\/dekkal-quincaillerie.dz\\\/fr\\\/?s={search_term_string}\"},\"query-input\":{\"@type\":\"PropertyValueSpecification\",\"valueRequired\":true,\"valueName\":\"search_term_string\"}}],\"inLanguage\":\"fr-FR\"},{\"@type\":\"Organization\",\"@id\":\"https:\\\/\\\/dekkal-quincaillerie.dz\\\/fr\\\/#organization\",\"name\":\"DEKKAL QUINCAILLERIE\",\"url\":\"https:\\\/\\\/dekkal-quincaillerie.dz\\\/fr\\\/\",\"logo\":{\"@type\":\"ImageObject\",\"inLanguage\":\"fr-FR\",\"@id\":\"https:\\\/\\\/dekkal-quincaillerie.dz\\\/fr\\\/#\\\/schema\\\/logo\\\/image\\\/\",\"url\":\"https:\\\/\\\/dekkal-quincaillerie.dz\\\/fr\\\/wp-content\\\/uploads\\\/2022\\\/03\\\/image_2022-03-19_172411.png\",\"contentUrl\":\"https:\\\/\\\/dekkal-quincaillerie.dz\\\/fr\\\/wp-content\\\/uploads\\\/2022\\\/03\\\/image_2022-03-19_172411.png\",\"width\":851,\"height\":315,\"caption\":\"DEKKAL QUINCAILLERIE\"},\"image\":{\"@id\":\"https:\\\/\\\/dekkal-quincaillerie.dz\\\/fr\\\/#\\\/schema\\\/logo\\\/image\\\/\"},\"sameAs\":[\"https:\\\/\\\/www.facebook.com\\\/ets.dekkal.1\",\"https:\\\/\\\/www.instagram.com\\\/ets.dekkal\\\/\"]}]}<\/script>\n<!-- \/ Yoast SEO Premium plugin. -->","yoast_head_json":{"title":"colle bois MDF AKFIX 705 avec durcisseur en Alg\u00e9rie","description":"D\u00e9couvrez la colle MDF AKFIX 705 400ml avec durcisseur, la solution professionnelle pour le collage ultra-rapide et r\u00e9sistant sur le bois","robots":{"index":"index","follow":"follow","max-snippet":"max-snippet:-1","max-image-preview":"max-image-preview:large","max-video-preview":"max-video-preview:-1"},"canonical":"https:\/\/dekkal-quincaillerie.dz\/fr\/produit\/colle-mdf-adhesif-algerie\/","schema":{"@context":"https:\/\/schema.org","@graph":[{"@type":"WebPage","@id":"https:\/\/dekkal-quincaillerie.dz\/fr\/produit\/colle-mdf-adhesif-algerie\/","url":"https:\/\/dekkal-quincaillerie.dz\/fr\/produit\/colle-mdf-adhesif-algerie\/","name":"colle bois MDF AKFIX 705 avec durcisseur en Alg\u00e9rie","isPartOf":{"@id":"https:\/\/dekkal-quincaillerie.dz\/fr\/#website"},"primaryImageOfPage":{"@id":"https:\/\/dekkal-quincaillerie.dz\/fr\/produit\/colle-mdf-adhesif-algerie\/#primaryimage"},"image":{"@id":"https:\/\/dekkal-quincaillerie.dz\/fr\/produit\/colle-mdf-adhesif-algerie\/#primaryimage"},"thumbnailUrl":"https:\/\/dekkal-quincaillerie.dz\/fr\/wp-content\/uploads\/2025\/07\/1000036345.avif","datePublished":"2025-07-17T13:54:54+00:00","dateModified":"2025-07-17T13:54:55+00:00","description":"D\u00e9couvrez la colle MDF AKFIX 705 400ml avec durcisseur, la solution professionnelle pour le collage ultra-rapide et r\u00e9sistant sur le bois","breadcrumb":{"@id":"https:\/\/dekkal-quincaillerie.dz\/fr\/produit\/colle-mdf-adhesif-algerie\/#breadcrumb"},"inLanguage":"fr-FR","potentialAction":[{"@type":"ReadAction","target":["https:\/\/dekkal-quincaillerie.dz\/fr\/produit\/colle-mdf-adhesif-algerie\/"]}]},{"@type":"ImageObject","inLanguage":"fr-FR","@id":"https:\/\/dekkal-quincaillerie.dz\/fr\/produit\/colle-mdf-adhesif-algerie\/#primaryimage","url":"https:\/\/dekkal-quincaillerie.dz\/fr\/wp-content\/uploads\/2025\/07\/1000036345.avif","contentUrl":"https:\/\/dekkal-quincaillerie.dz\/fr\/wp-content\/uploads\/2025\/07\/1000036345.avif","width":470,"height":470},{"@type":"BreadcrumbList","@id":"https:\/\/dekkal-quincaillerie.dz\/fr\/produit\/colle-mdf-adhesif-algerie\/#breadcrumb","itemListElement":[{"@type":"ListItem","position":1,"name":"Accueil","item":"https:\/\/dekkal-quincaillerie.dz\/fr\/"},{"@type":"ListItem","position":2,"name":"Boutique","item":"https:\/\/dekkal-quincaillerie.dz\/fr\/boutique\/"},{"@type":"ListItem","position":3,"name":"COLLE ADHESIVE AVEC DURCISSEUR 400ML 705 AKFIX"}]},{"@type":"WebSite","@id":"https:\/\/dekkal-quincaillerie.dz\/fr\/#website","url":"https:\/\/dekkal-quincaillerie.dz\/fr\/","name":"DEKKAL","description":"","publisher":{"@id":"https:\/\/dekkal-quincaillerie.dz\/fr\/#organization"},"potentialAction":[{"@type":"SearchAction","target":{"@type":"EntryPoint","urlTemplate":"https:\/\/dekkal-quincaillerie.dz\/fr\/?s={search_term_string}"},"query-input":{"@type":"PropertyValueSpecification","valueRequired":true,"valueName":"search_term_string"}}],"inLanguage":"fr-FR"},{"@type":"Organization","@id":"https:\/\/dekkal-quincaillerie.dz\/fr\/#organization","name":"DEKKAL QUINCAILLERIE","url":"https:\/\/dekkal-quincaillerie.dz\/fr\/","logo":{"@type":"ImageObject","inLanguage":"fr-FR","@id":"https:\/\/dekkal-quincaillerie.dz\/fr\/#\/schema\/logo\/image\/","url":"https:\/\/dekkal-quincaillerie.dz\/fr\/wp-content\/uploads\/2022\/03\/image_2022-03-19_172411.png","contentUrl":"https:\/\/dekkal-quincaillerie.dz\/fr\/wp-content\/uploads\/2022\/03\/image_2022-03-19_172411.png","width":851,"height":315,"caption":"DEKKAL QUINCAILLERIE"},"image":{"@id":"https:\/\/dekkal-quincaillerie.dz\/fr\/#\/schema\/logo\/image\/"},"sameAs":["https:\/\/www.facebook.com\/ets.dekkal.1","https:\/\/www.instagram.com\/ets.dekkal\/"]}]}},"jetpack_publicize_connections":[],"jetpack-related-posts":[{"id":9444,"url":"https:\/\/dekkal-quincaillerie.dz\/fr\/produit\/colle-adhesif\/","url_meta":{"origin":12761,"position":0},"title":"COLLE ADHESIF SPRY AVEC DURCISSEUR 125G MDF SELSIL","author":"dekkal","date":"octobre 10, 2024","format":false,"excerpt":"COLLE ADHESIF SPRY AVEC DURCISSEUR 125G MDF SELSIL La colle adhesive spray avec durcisseur 125G MDF Selsil est une solution polyvalente et efficace pour tous vos besoins de collage. Gr\u00e2ce \u00e0 sa formule avanc\u00e9e, ce produit garantit une adh\u00e9rence rapide et solide sur diverses surfaces, assurant ainsi une fixation durable\u2026","rel":"","context":"Article similaire","block_context":{"text":"Article similaire","link":""},"img":{"alt_text":"colle adhesive","src":"https:\/\/dekkal-quincaillerie.dz\/fr\/wp-content\/uploads\/2024\/10\/1000016424.avif","width":350,"height":200,"srcset":"https:\/\/dekkal-quincaillerie.dz\/fr\/wp-content\/uploads\/2024\/10\/1000016424.avif 1x, https:\/\/dekkal-quincaillerie.dz\/fr\/wp-content\/uploads\/2024\/10\/1000016424.avif 1.5x, https:\/\/dekkal-quincaillerie.dz\/fr\/wp-content\/uploads\/2024\/10\/1000016424.avif 2x, https:\/\/dekkal-quincaillerie.dz\/fr\/wp-content\/uploads\/2024\/10\/1000016424.avif 3x, https:\/\/dekkal-quincaillerie.dz\/fr\/wp-content\/uploads\/2024\/10\/1000016424.avif 4x"},"classes":[]},{"id":6690,"url":"https:\/\/dekkal-quincaillerie.dz\/fr\/produit\/mastic-a-bois-chene-claire-750g-avec-durcisseur-sk34-slem\/","url_meta":{"origin":12761,"position":1},"title":"MASTIC A BOIS CHENE CLAIR 750G  AVEC DURCISSEUR SK34 SLEM","author":"webmaster","date":"novembre 2, 2022","format":false,"excerpt":"CARACTERISTIQUES: Le Reconstitue Parties Manquantes est compos\u00e9 d'un mastic bi-composants pour r\u00e9parer, restaurer, reconstituer une partie de bois manquante mais aussi boucher, coller le bois et ses d\u00e9riv\u00e9s. Il s'applique facilement avec une bonne r\u00e9sistance m\u00e9canique, une excellente adh\u00e9rence sur bois et une prise rapide. Le Reconstitue Parties Manquantes est\u2026","rel":"","context":"Article similaire","block_context":{"text":"Article similaire","link":""},"img":{"alt_text":"","src":"https:\/\/dekkal-quincaillerie.dz\/fr\/wp-content\/uploads\/2022\/11\/312489924_516916780036308_6177908374882370779_n.avif","width":350,"height":200,"srcset":"https:\/\/dekkal-quincaillerie.dz\/fr\/wp-content\/uploads\/2022\/11\/312489924_516916780036308_6177908374882370779_n.avif 1x, https:\/\/dekkal-quincaillerie.dz\/fr\/wp-content\/uploads\/2022\/11\/312489924_516916780036308_6177908374882370779_n.avif 1.5x, https:\/\/dekkal-quincaillerie.dz\/fr\/wp-content\/uploads\/2022\/11\/312489924_516916780036308_6177908374882370779_n.avif 2x, https:\/\/dekkal-quincaillerie.dz\/fr\/wp-content\/uploads\/2022\/11\/312489924_516916780036308_6177908374882370779_n.avif 3x, https:\/\/dekkal-quincaillerie.dz\/fr\/wp-content\/uploads\/2022\/11\/312489924_516916780036308_6177908374882370779_n.avif 4x"},"classes":[]},{"id":12067,"url":"https:\/\/dekkal-quincaillerie.dz\/fr\/produit\/colle-epoxy-visbella-adhesive-arametale-56-7g\/","url_meta":{"origin":12761,"position":2},"title":"COLLE EPOXY ADHESIVE ARAMETALE 56.7G VISBELLA","author":"webmaster","date":"juillet 14, 2025","format":false,"excerpt":"","rel":"","context":"Article similaire","block_context":{"text":"Article similaire","link":""},"img":{"alt_text":"Colle \u00e9poxy Arametale Visbella 56.7g pour r\u00e9paration m\u00e9tal, aluminium et pi\u00e8ces m\u00e9caniques","src":"https:\/\/dekkal-quincaillerie.dz\/fr\/wp-content\/uploads\/2025\/06\/1000032365.avif","width":350,"height":200,"srcset":"https:\/\/dekkal-quincaillerie.dz\/fr\/wp-content\/uploads\/2025\/06\/1000032365.avif 1x, https:\/\/dekkal-quincaillerie.dz\/fr\/wp-content\/uploads\/2025\/06\/1000032365.avif 1.5x, https:\/\/dekkal-quincaillerie.dz\/fr\/wp-content\/uploads\/2025\/06\/1000032365.avif 2x, https:\/\/dekkal-quincaillerie.dz\/fr\/wp-content\/uploads\/2025\/06\/1000032365.avif 3x, https:\/\/dekkal-quincaillerie.dz\/fr\/wp-content\/uploads\/2025\/06\/1000032365.avif 4x"},"classes":[]},{"id":5160,"url":"https:\/\/dekkal-quincaillerie.dz\/fr\/produit\/colle-fi-x-expert-tkk\/","url_meta":{"origin":12761,"position":3},"title":"COLLE ADHESIVE 290 ML MULTI-USAGE TRANSPARENTE FI-X EXPERT TKK","author":"admin","date":"mars 19, 2022","format":false,"excerpt":"\u00a0 \u00a0","rel":"","context":"Article similaire","block_context":{"text":"Article similaire","link":""},"img":{"alt_text":"","src":"https:\/\/dekkal-quincaillerie.dz\/fr\/wp-content\/uploads\/2022\/03\/PhotoRoom-20210531_093901-2-1.avif","width":350,"height":200,"srcset":"https:\/\/dekkal-quincaillerie.dz\/fr\/wp-content\/uploads\/2022\/03\/PhotoRoom-20210531_093901-2-1.avif 1x, https:\/\/dekkal-quincaillerie.dz\/fr\/wp-content\/uploads\/2022\/03\/PhotoRoom-20210531_093901-2-1.avif 1.5x, https:\/\/dekkal-quincaillerie.dz\/fr\/wp-content\/uploads\/2022\/03\/PhotoRoom-20210531_093901-2-1.avif 2x, https:\/\/dekkal-quincaillerie.dz\/fr\/wp-content\/uploads\/2022\/03\/PhotoRoom-20210531_093901-2-1.avif 3x, https:\/\/dekkal-quincaillerie.dz\/fr\/wp-content\/uploads\/2022\/03\/PhotoRoom-20210531_093901-2-1.avif 4x"},"classes":[]},{"id":10229,"url":"https:\/\/dekkal-quincaillerie.dz\/fr\/produit\/colle-de-contact-750mi-pattex\/","url_meta":{"origin":12761,"position":4},"title":"COLLE DE CONTACT 750MI PATTEX","author":"dekkal","date":"d\u00e9cembre 28, 2024","format":false,"excerpt":"COLLE DE CONTACT 750MI PATTEX Performances et Applications La colle de contact 750ml Pattex est un adh\u00e9sif puissant et polyvalent, indispensable pour les professionnels et les bricoleurs. Cette colle offre une adh\u00e9rence exceptionnelle sur une vari\u00e9t\u00e9 de mat\u00e9riaux tels que le bois, le m\u00e9tal, le caoutchouc, le plastique et les\u2026","rel":"","context":"Article similaire","block_context":{"text":"Article similaire","link":""},"img":{"alt_text":"colle-de-contact-750mi-pattex","src":"https:\/\/dekkal-quincaillerie.dz\/fr\/wp-content\/uploads\/2024\/12\/1000020737-png.avif","width":350,"height":200,"srcset":"https:\/\/dekkal-quincaillerie.dz\/fr\/wp-content\/uploads\/2024\/12\/1000020737-png.avif 1x, https:\/\/dekkal-quincaillerie.dz\/fr\/wp-content\/uploads\/2024\/12\/1000020737-png.avif 1.5x"},"classes":[]},{"id":10216,"url":"https:\/\/dekkal-quincaillerie.dz\/fr\/produit\/colle-ab-glue-70g-meta-kafuteng\/","url_meta":{"origin":12761,"position":5},"title":"COLLE AB GLUE 70G META KAFUTENG","author":"dekkal","date":"d\u00e9cembre 28, 2024","format":false,"excerpt":"COLLE AB GLUE 70G META KAFUTENG Performances et Applications La colle AB Glue 70g Meta Kafuteng est un adh\u00e9sif puissant et polyvalent, id\u00e9al pour une vari\u00e9t\u00e9 d'applications. Con\u00e7ue pour les professionnels et les bricoleurs, cette colle bicomposant offre une adh\u00e9rence exceptionnelle et une solidit\u00e9 remarquable. Elle est parfaite pour coller\u2026","rel":"","context":"Article similaire","block_context":{"text":"Article similaire","link":""},"img":{"alt_text":"colle-ab-glue-70g-meta-kafuteng","src":"https:\/\/dekkal-quincaillerie.dz\/fr\/wp-content\/uploads\/2024\/12\/1000020708-png.avif","width":350,"height":200,"srcset":"https:\/\/dekkal-quincaillerie.dz\/fr\/wp-content\/uploads\/2024\/12\/1000020708-png.avif 1x, https:\/\/dekkal-quincaillerie.dz\/fr\/wp-content\/uploads\/2024\/12\/1000020708-png.avif 1.5x"},"classes":[]}],"jetpack_likes_enabled":true,"jetpack_sharing_enabled":true,"_links":{"self":[{"href":"https:\/\/dekkal-quincaillerie.dz\/fr\/wp-json\/wp\/v2\/product\/12761","targetHints":{"allow":["GET"]}}],"collection":[{"href":"https:\/\/dekkal-quincaillerie.dz\/fr\/wp-json\/wp\/v2\/product"}],"about":[{"href":"https:\/\/dekkal-quincaillerie.dz\/fr\/wp-json\/wp\/v2\/types\/product"}],"wp:featuredmedia":[{"embeddable":true,"href":"https:\/\/dekkal-quincaillerie.dz\/fr\/wp-json\/wp\/v2\/media\/12765"}],"wp:attachment":[{"href":"https:\/\/dekkal-quincaillerie.dz\/fr\/wp-json\/wp\/v2\/media?parent=12761"}],"wp:term":[{"taxonomy":"product_brand","embeddable":true,"href":"https:\/\/dekkal-quincaillerie.dz\/fr\/wp-json\/wp\/v2\/product_brand?post=12761"},{"taxonomy":"product_cat","embeddable":true,"href":"https:\/\/dekkal-quincaillerie.dz\/fr\/wp-json\/wp\/v2\/product_cat?post=12761"},{"taxonomy":"product_tag","embeddable":true,"href":"https:\/\/dekkal-quincaillerie.dz\/fr\/wp-json\/wp\/v2\/product_tag?post=12761"}],"curies":[{"name":"wp","href":"https:\/\/api.w.org\/{rel}","templated":true}]}}