{"id":12516,"date":"2025-07-06T07:58:39","date_gmt":"2025-07-06T07:58:39","guid":{"rendered":"https:\/\/dekkal-quincaillerie.dz\/fr\/?post_type=product&#038;p=12516"},"modified":"2025-07-06T07:58:40","modified_gmt":"2025-07-06T07:58:40","slug":"decapant-peinture-enap-300g-025l-algerie","status":"publish","type":"product","link":"https:\/\/dekkal-quincaillerie.dz\/fr\/produit\/decapant-peinture-enap-300g-025l-algerie\/","title":{"rendered":"DECAPANT DE PEINTURE 250ML DECAPVIT ENAP"},"content":{"rendered":"<h1 data-start=\"167\" data-end=\"254\"><strong data-start=\"167\" data-end=\"252\">D\u00e9capant de peinture dense \u2013 \u00c9limine le vernis et les rev\u00eatements en un seul geste<\/strong><\/h1>\n<p>Le <em><strong>d\u00e9capant de peinture\u00a0 ENAP 250 ml<\/strong><\/em>, est sp\u00e9cialement con\u00e7u pour \u00e9liminer efficacement peintures, vernis, et r\u00e9sidus sur une large gamme de surfaces. Sa consistance \u00e9paisse assure une application propre et ma\u00eetris\u00e9e y compris sur les zones verticales ou complexes.<\/p>\n<p>Parfait pour les <em><strong>projets de r\u00e9novation<\/strong><\/em>, de<em><strong> restauration<\/strong><\/em> ou de <em><strong>bricolage<\/strong><\/em>, ce produit vous garantit un r\u00e9sultat rapide, propre et sans effort et\u00a0 sans l&rsquo;endommager la surface.<\/p>\n<h2>D\u00e9capant haute efficacit\u00e9 pour surfaces multiples<\/h2>\n<p>Ce<em><strong> d\u00e9capant <\/strong><\/em>est id\u00e9al pour enlever les couches de <em><strong>peinture ancienne<\/strong><\/em>, la <em><strong>laque ou les rev\u00eatements synth\u00e9tique<\/strong><\/em>, que ce soit pour les meubles, les ch\u00e2ssis, les cadres ou les \u00e9l\u00e9ments d\u00e9coratifs con\u00e7us \u00e0 partir de :<\/p>\n<ul>\n<li>Bois brut en vernis.<\/li>\n<li>M\u00e9tal recouvert de peinture.<\/li>\n<li>Pierre naturel.<\/li>\n<li>Plastique rigide.<\/li>\n<\/ul>\n<h3>Application du d\u00e9capant ENAP 0,25\u202fL:<\/h3>\n<ol>\n<li>Bien agiter le flacon avant l&rsquo;utilisation.<\/li>\n<li>Appliquer le produit \u00e0 l&rsquo;aide d&rsquo;un pinceau ou d&rsquo;une spatule sur la surface \u00e0 d\u00e9caper.<\/li>\n<li>Laisser agir 5 \u00e0 15 minutes selon le type de rev\u00eatement.<\/li>\n<li>Une fois ramolli, gratter avec un<a href=\"https:\/\/dekkal-quincaillerie.dz\/fr\/?post_type=product&amp;s=grattoir+&amp;product_cat=&amp;post_type=product\"> grattoir de peinture<\/a>.<\/li>\n<li>R\u00e9p\u00e9ter si n\u00e9cessaire pour les couches \u00e9paisses ou multiples.<\/li>\n<li>Nettoyer la surface avec un chiffon humide avant de repeindre.<\/li>\n<\/ol>\n<h3><strong data-start=\"161\" data-end=\"208\">Transformez vos surfaces, d\u00e8s aujourd\u2019hui !<\/strong><\/h3>\n<p>Optez pour l&rsquo;efficacit\u00e9 du d\u00e9capant de peinture liquide ENAP 250 ml et rendez vie \u00e0 vos support en toute simplicit\u00e9. Commandez maintenant et facilitez vos projets de r\u00e9novation !<\/p>\n","protected":false},"excerpt":{"rendered":"<p>D\u00e9capant de peinture dense \u2013 \u00c9limine le vernis et les rev\u00eatements en un seul geste Le d\u00e9capant de peinture\u00a0 ENAP 250 ml, est sp\u00e9cialement con\u00e7u pour \u00e9liminer efficacement peintures, vernis, et r\u00e9sidus sur une large gamme de surfaces. Sa consistance \u00e9paisse assure une application propre et ma\u00eetris\u00e9e y compris sur les zones verticales ou complexes. [&hellip;]<\/p>\n","protected":false},"featured_media":12517,"template":"","meta":[],"product_brand":[1110],"product_cat":[236],"product_tag":[2168,2165,2167],"class_list":{"0":"post-12516","1":"product","2":"type-product","3":"status-publish","4":"has-post-thumbnail","6":"product_brand-enap","7":"product_cat-peinture","8":"product_tag-decapant-algerie","9":"product_tag-decapant-de-peinture-enap","10":"product_tag-decapant-de-vernis","12":"first","13":"instock","14":"taxable","15":"shipping-taxable","16":"purchasable","17":"product-type-simple"},"yoast_head":"<!-- This site is optimized with the Yoast SEO Premium plugin v20.0 (Yoast SEO v27.4) - https:\/\/yoast.com\/product\/yoast-seo-premium-wordpress\/ -->\n<title>d\u00e9capant de peinture ENAP au meilleur prix<\/title>\n<meta name=\"description\" content=\"Besoin d\u2019un d\u00e9capage rapide et propre ? Optez pour le d\u00e9capant de peinture ENAP Commandez d\u00e8s maintenant ou appelez-nous au 0561792859 pour plus d\u2019infos !\" \/>\n<meta name=\"robots\" content=\"index, follow, max-snippet:-1, max-image-preview:large, max-video-preview:-1\" \/>\n<link rel=\"canonical\" href=\"https:\/\/dekkal-quincaillerie.dz\/fr\/produit\/decapant-peinture-enap-300g-025l-algerie\/\" \/>\n<script type=\"application\/ld+json\" class=\"yoast-schema-graph\">{\"@context\":\"https:\\\/\\\/schema.org\",\"@graph\":[{\"@type\":\"WebPage\",\"@id\":\"https:\\\/\\\/dekkal-quincaillerie.dz\\\/fr\\\/produit\\\/decapant-peinture-enap-300g-025l-algerie\\\/\",\"url\":\"https:\\\/\\\/dekkal-quincaillerie.dz\\\/fr\\\/produit\\\/decapant-peinture-enap-300g-025l-algerie\\\/\",\"name\":\"d\u00e9capant de peinture ENAP au meilleur prix\",\"isPartOf\":{\"@id\":\"https:\\\/\\\/dekkal-quincaillerie.dz\\\/fr\\\/#website\"},\"primaryImageOfPage\":{\"@id\":\"https:\\\/\\\/dekkal-quincaillerie.dz\\\/fr\\\/produit\\\/decapant-peinture-enap-300g-025l-algerie\\\/#primaryimage\"},\"image\":{\"@id\":\"https:\\\/\\\/dekkal-quincaillerie.dz\\\/fr\\\/produit\\\/decapant-peinture-enap-300g-025l-algerie\\\/#primaryimage\"},\"thumbnailUrl\":\"https:\\\/\\\/dekkal-quincaillerie.dz\\\/fr\\\/wp-content\\\/uploads\\\/2025\\\/07\\\/1000035409.avif\",\"datePublished\":\"2025-07-06T07:58:39+00:00\",\"dateModified\":\"2025-07-06T07:58:40+00:00\",\"description\":\"Besoin d\u2019un d\u00e9capage rapide et propre ? Optez pour le d\u00e9capant de peinture ENAP Commandez d\u00e8s maintenant ou appelez-nous au 0561792859 pour plus d\u2019infos !\",\"breadcrumb\":{\"@id\":\"https:\\\/\\\/dekkal-quincaillerie.dz\\\/fr\\\/produit\\\/decapant-peinture-enap-300g-025l-algerie\\\/#breadcrumb\"},\"inLanguage\":\"fr-FR\",\"potentialAction\":[{\"@type\":\"ReadAction\",\"target\":[\"https:\\\/\\\/dekkal-quincaillerie.dz\\\/fr\\\/produit\\\/decapant-peinture-enap-300g-025l-algerie\\\/\"]}]},{\"@type\":\"ImageObject\",\"inLanguage\":\"fr-FR\",\"@id\":\"https:\\\/\\\/dekkal-quincaillerie.dz\\\/fr\\\/produit\\\/decapant-peinture-enap-300g-025l-algerie\\\/#primaryimage\",\"url\":\"https:\\\/\\\/dekkal-quincaillerie.dz\\\/fr\\\/wp-content\\\/uploads\\\/2025\\\/07\\\/1000035409.avif\",\"contentUrl\":\"https:\\\/\\\/dekkal-quincaillerie.dz\\\/fr\\\/wp-content\\\/uploads\\\/2025\\\/07\\\/1000035409.avif\",\"width\":470,\"height\":470,\"caption\":\"D\u00e9capant ENAP 300\u202fg \u2013 \u00c9limine peinture et vernis efficacement sur bois, m\u00e9tal et pierre\"},{\"@type\":\"BreadcrumbList\",\"@id\":\"https:\\\/\\\/dekkal-quincaillerie.dz\\\/fr\\\/produit\\\/decapant-peinture-enap-300g-025l-algerie\\\/#breadcrumb\",\"itemListElement\":[{\"@type\":\"ListItem\",\"position\":1,\"name\":\"Accueil\",\"item\":\"https:\\\/\\\/dekkal-quincaillerie.dz\\\/fr\\\/\"},{\"@type\":\"ListItem\",\"position\":2,\"name\":\"Boutique\",\"item\":\"https:\\\/\\\/dekkal-quincaillerie.dz\\\/fr\\\/boutique\\\/\"},{\"@type\":\"ListItem\",\"position\":3,\"name\":\"DECAPANT DE PEINTURE 250ML DECAPVIT ENAP\"}]},{\"@type\":\"WebSite\",\"@id\":\"https:\\\/\\\/dekkal-quincaillerie.dz\\\/fr\\\/#website\",\"url\":\"https:\\\/\\\/dekkal-quincaillerie.dz\\\/fr\\\/\",\"name\":\"DEKKAL\",\"description\":\"\",\"publisher\":{\"@id\":\"https:\\\/\\\/dekkal-quincaillerie.dz\\\/fr\\\/#organization\"},\"potentialAction\":[{\"@type\":\"SearchAction\",\"target\":{\"@type\":\"EntryPoint\",\"urlTemplate\":\"https:\\\/\\\/dekkal-quincaillerie.dz\\\/fr\\\/?s={search_term_string}\"},\"query-input\":{\"@type\":\"PropertyValueSpecification\",\"valueRequired\":true,\"valueName\":\"search_term_string\"}}],\"inLanguage\":\"fr-FR\"},{\"@type\":\"Organization\",\"@id\":\"https:\\\/\\\/dekkal-quincaillerie.dz\\\/fr\\\/#organization\",\"name\":\"DEKKAL QUINCAILLERIE\",\"url\":\"https:\\\/\\\/dekkal-quincaillerie.dz\\\/fr\\\/\",\"logo\":{\"@type\":\"ImageObject\",\"inLanguage\":\"fr-FR\",\"@id\":\"https:\\\/\\\/dekkal-quincaillerie.dz\\\/fr\\\/#\\\/schema\\\/logo\\\/image\\\/\",\"url\":\"https:\\\/\\\/dekkal-quincaillerie.dz\\\/fr\\\/wp-content\\\/uploads\\\/2022\\\/03\\\/image_2022-03-19_172411.png\",\"contentUrl\":\"https:\\\/\\\/dekkal-quincaillerie.dz\\\/fr\\\/wp-content\\\/uploads\\\/2022\\\/03\\\/image_2022-03-19_172411.png\",\"width\":851,\"height\":315,\"caption\":\"DEKKAL QUINCAILLERIE\"},\"image\":{\"@id\":\"https:\\\/\\\/dekkal-quincaillerie.dz\\\/fr\\\/#\\\/schema\\\/logo\\\/image\\\/\"},\"sameAs\":[\"https:\\\/\\\/www.facebook.com\\\/ets.dekkal.1\",\"https:\\\/\\\/www.instagram.com\\\/ets.dekkal\\\/\"]}]}<\/script>\n<!-- \/ Yoast SEO Premium plugin. -->","yoast_head_json":{"title":"d\u00e9capant de peinture ENAP au meilleur prix","description":"Besoin d\u2019un d\u00e9capage rapide et propre ? Optez pour le d\u00e9capant de peinture ENAP Commandez d\u00e8s maintenant ou appelez-nous au 0561792859 pour plus d\u2019infos !","robots":{"index":"index","follow":"follow","max-snippet":"max-snippet:-1","max-image-preview":"max-image-preview:large","max-video-preview":"max-video-preview:-1"},"canonical":"https:\/\/dekkal-quincaillerie.dz\/fr\/produit\/decapant-peinture-enap-300g-025l-algerie\/","schema":{"@context":"https:\/\/schema.org","@graph":[{"@type":"WebPage","@id":"https:\/\/dekkal-quincaillerie.dz\/fr\/produit\/decapant-peinture-enap-300g-025l-algerie\/","url":"https:\/\/dekkal-quincaillerie.dz\/fr\/produit\/decapant-peinture-enap-300g-025l-algerie\/","name":"d\u00e9capant de peinture ENAP au meilleur prix","isPartOf":{"@id":"https:\/\/dekkal-quincaillerie.dz\/fr\/#website"},"primaryImageOfPage":{"@id":"https:\/\/dekkal-quincaillerie.dz\/fr\/produit\/decapant-peinture-enap-300g-025l-algerie\/#primaryimage"},"image":{"@id":"https:\/\/dekkal-quincaillerie.dz\/fr\/produit\/decapant-peinture-enap-300g-025l-algerie\/#primaryimage"},"thumbnailUrl":"https:\/\/dekkal-quincaillerie.dz\/fr\/wp-content\/uploads\/2025\/07\/1000035409.avif","datePublished":"2025-07-06T07:58:39+00:00","dateModified":"2025-07-06T07:58:40+00:00","description":"Besoin d\u2019un d\u00e9capage rapide et propre ? Optez pour le d\u00e9capant de peinture ENAP Commandez d\u00e8s maintenant ou appelez-nous au 0561792859 pour plus d\u2019infos !","breadcrumb":{"@id":"https:\/\/dekkal-quincaillerie.dz\/fr\/produit\/decapant-peinture-enap-300g-025l-algerie\/#breadcrumb"},"inLanguage":"fr-FR","potentialAction":[{"@type":"ReadAction","target":["https:\/\/dekkal-quincaillerie.dz\/fr\/produit\/decapant-peinture-enap-300g-025l-algerie\/"]}]},{"@type":"ImageObject","inLanguage":"fr-FR","@id":"https:\/\/dekkal-quincaillerie.dz\/fr\/produit\/decapant-peinture-enap-300g-025l-algerie\/#primaryimage","url":"https:\/\/dekkal-quincaillerie.dz\/fr\/wp-content\/uploads\/2025\/07\/1000035409.avif","contentUrl":"https:\/\/dekkal-quincaillerie.dz\/fr\/wp-content\/uploads\/2025\/07\/1000035409.avif","width":470,"height":470,"caption":"D\u00e9capant ENAP 300\u202fg \u2013 \u00c9limine peinture et vernis efficacement sur bois, m\u00e9tal et pierre"},{"@type":"BreadcrumbList","@id":"https:\/\/dekkal-quincaillerie.dz\/fr\/produit\/decapant-peinture-enap-300g-025l-algerie\/#breadcrumb","itemListElement":[{"@type":"ListItem","position":1,"name":"Accueil","item":"https:\/\/dekkal-quincaillerie.dz\/fr\/"},{"@type":"ListItem","position":2,"name":"Boutique","item":"https:\/\/dekkal-quincaillerie.dz\/fr\/boutique\/"},{"@type":"ListItem","position":3,"name":"DECAPANT DE PEINTURE 250ML DECAPVIT ENAP"}]},{"@type":"WebSite","@id":"https:\/\/dekkal-quincaillerie.dz\/fr\/#website","url":"https:\/\/dekkal-quincaillerie.dz\/fr\/","name":"DEKKAL","description":"","publisher":{"@id":"https:\/\/dekkal-quincaillerie.dz\/fr\/#organization"},"potentialAction":[{"@type":"SearchAction","target":{"@type":"EntryPoint","urlTemplate":"https:\/\/dekkal-quincaillerie.dz\/fr\/?s={search_term_string}"},"query-input":{"@type":"PropertyValueSpecification","valueRequired":true,"valueName":"search_term_string"}}],"inLanguage":"fr-FR"},{"@type":"Organization","@id":"https:\/\/dekkal-quincaillerie.dz\/fr\/#organization","name":"DEKKAL QUINCAILLERIE","url":"https:\/\/dekkal-quincaillerie.dz\/fr\/","logo":{"@type":"ImageObject","inLanguage":"fr-FR","@id":"https:\/\/dekkal-quincaillerie.dz\/fr\/#\/schema\/logo\/image\/","url":"https:\/\/dekkal-quincaillerie.dz\/fr\/wp-content\/uploads\/2022\/03\/image_2022-03-19_172411.png","contentUrl":"https:\/\/dekkal-quincaillerie.dz\/fr\/wp-content\/uploads\/2022\/03\/image_2022-03-19_172411.png","width":851,"height":315,"caption":"DEKKAL QUINCAILLERIE"},"image":{"@id":"https:\/\/dekkal-quincaillerie.dz\/fr\/#\/schema\/logo\/image\/"},"sameAs":["https:\/\/www.facebook.com\/ets.dekkal.1","https:\/\/www.instagram.com\/ets.dekkal\/"]}]}},"_links":{"self":[{"href":"https:\/\/dekkal-quincaillerie.dz\/fr\/wp-json\/wp\/v2\/product\/12516","targetHints":{"allow":["GET"]}}],"collection":[{"href":"https:\/\/dekkal-quincaillerie.dz\/fr\/wp-json\/wp\/v2\/product"}],"about":[{"href":"https:\/\/dekkal-quincaillerie.dz\/fr\/wp-json\/wp\/v2\/types\/product"}],"wp:featuredmedia":[{"embeddable":true,"href":"https:\/\/dekkal-quincaillerie.dz\/fr\/wp-json\/wp\/v2\/media\/12517"}],"wp:attachment":[{"href":"https:\/\/dekkal-quincaillerie.dz\/fr\/wp-json\/wp\/v2\/media?parent=12516"}],"wp:term":[{"taxonomy":"product_brand","embeddable":true,"href":"https:\/\/dekkal-quincaillerie.dz\/fr\/wp-json\/wp\/v2\/product_brand?post=12516"},{"taxonomy":"product_cat","embeddable":true,"href":"https:\/\/dekkal-quincaillerie.dz\/fr\/wp-json\/wp\/v2\/product_cat?post=12516"},{"taxonomy":"product_tag","embeddable":true,"href":"https:\/\/dekkal-quincaillerie.dz\/fr\/wp-json\/wp\/v2\/product_tag?post=12516"}],"curies":[{"name":"wp","href":"https:\/\/api.w.org\/{rel}","templated":true}]}}