{"id":12510,"date":"2025-07-06T08:17:25","date_gmt":"2025-07-06T08:17:25","guid":{"rendered":"https:\/\/dekkal-quincaillerie.dz\/fr\/?post_type=product&#038;p=12510"},"modified":"2025-07-09T12:36:59","modified_gmt":"2025-07-09T12:36:59","slug":"decapant-peinture-spray-swab-400ml-algerie","status":"publish","type":"product","link":"https:\/\/dekkal-quincaillerie.dz\/fr\/produit\/decapant-peinture-spray-swab-400ml-algerie\/","title":{"rendered":"DECAPANT EN SPRAY 400ML SWAB"},"content":{"rendered":"<h1>D\u00e9capant peinture haute performance pour toutes surfaces<\/h1>\n<p>Le<em><strong> d\u00e9capant de peinture<\/strong> <strong>en spray 400ml SWAB<\/strong><\/em> est le produit indispensable pour r\u00e9ussir vos travaux de r\u00e9novation, de restauration ou de bricolage. Gr\u00e2ce \u00e0 sa formule puissante, il agit rapidement pour ramollir et d\u00e9coller les anciennes couches de peinture sans ab\u00eemer les surfaces, m\u00eame d\u00e9licates.<\/p>\n<p>Facile \u00e0 appliquer et ultra-efficace, ce spray d\u00e9capant vous offre un r\u00e9sultat propre et professionnel en un minimum de temps.<\/p>\n<h2>Caract\u00e9ristiques techniques du d\u00e9capant peinture en spray SWAB:<\/h2>\n<ul>\n<li>Contenance : 400 ml<\/li>\n<li>Type : D\u00e9capant de peinture en spray<\/li>\n<li>Marque : SWAB<\/li>\n<li>Action : Rapide, efficace et sans d\u00e9gradation<\/li>\n<li>Compatibilit\u00e9 : Bois, m\u00e9tal, pierre, plastique, stratifi\u00e9<\/li>\n<li>Utilisation : Int\u00e9rieur\/ext\u00e9rieur<\/li>\n<\/ul>\n<h3>Les avantages du d\u00e9capant peinture SWAB:<\/h3>\n<p>D\u00e9capage facile et rapide sur de multiples surfaces.<\/p>\n<p>Il p\u00e9n\u00e8tre en profondeur pour d\u00e9coller les<em><strong> peintures anciennes, vernis, ou rev\u00eatements r\u00e9sistants<\/strong> <\/em>sans endommager la surface d&rsquo;origine. C&rsquo;est l&rsquo;alli\u00e9 parfait pour les <em><strong>reprises de meubles<\/strong><\/em>, les <em><strong>cadres<\/strong><\/em>, les <em><strong>portes<\/strong><\/em> ou les <em><strong>pi\u00e8ces m\u00e9tallique industrielles<\/strong><\/em>.<\/p>\n<h3>Application du d\u00e9capant peinture SWAB:<\/h3>\n<p>Avant utilisation, agitez vigoureusement l&rsquo;a\u00e9rosol afin d&rsquo;homog\u00e9n\u00e9iser la formule. Pulv\u00e9risez ensuite une couche uniforme du produit directement sur la surface \u00e0 d\u00e9caper. Laissez agir quelques minutes, en fonction de l&rsquo;\u00e9paisseur de la peinture ou du vernis \u00e0 retirer. Une fois que la peinture est ramollie, \u00e9liminez-la facilement \u00e0 l&rsquo;aide d&rsquo;un grattoir ou d&rsquo;un chiffon propre. Pour les surfaces recouvertes de plusieurs couches n&rsquo;h\u00e9sitez pas \u00e0 r\u00e9p\u00e9ter l&rsquo;op\u00e9ration.<\/p>\n<h4>Pr\u00eat \u00e0 d\u00e9caper comme un pro ?<\/h4>\n<p>Ne laissez plus les anciennes peintures freiner vos objectif. Commandez d\u00e8s maintenant votre spray d\u00e9capant SWAB 400 ml et profitez d&rsquo;un d\u00e9capage rapide, net et sans effort\u202f!<\/p>\n","protected":false},"excerpt":{"rendered":"<p>D\u00e9capant peinture haute performance pour toutes surfaces Le d\u00e9capant de peinture en spray 400ml SWAB est le produit indispensable pour r\u00e9ussir vos travaux de r\u00e9novation, de restauration ou de bricolage. Gr\u00e2ce \u00e0 sa formule puissante, il agit rapidement pour ramollir et d\u00e9coller les anciennes couches de peinture sans ab\u00eemer les surfaces, m\u00eame d\u00e9licates. Facile \u00e0 [&hellip;]<\/p>\n","protected":false},"featured_media":12512,"template":"","meta":[],"product_brand":[],"product_cat":[15,251],"product_tag":[2207,2167,2208,2209],"class_list":{"0":"post-12510","1":"product","2":"type-product","3":"status-publish","4":"has-post-thumbnail","6":"product_cat-non-classe","7":"product_cat-plomberie","8":"product_tag-decapant-de-peinture-en-spray","9":"product_tag-decapant-de-vernis","10":"product_tag-decapant-puissant","11":"product_tag-swab","13":"first","14":"instock","15":"taxable","16":"shipping-taxable","17":"purchasable","18":"product-type-simple"},"yoast_head":"<!-- This site is optimized with the Yoast SEO Premium plugin v20.0 (Yoast SEO v27.4) - https:\/\/yoast.com\/product\/yoast-seo-premium-wordpress\/ -->\n<title>d\u00e9capant de peinture en spray en Alg\u00e9rie<\/title>\n<meta name=\"description\" content=\"Gagnez du temps, obtenez un r\u00e9sultat parfait avec notre d\u00e9capant de peinture en spray SWAB 400 ml, efficace et rapide. contactez-nous au 0561792859.\" \/>\n<meta name=\"robots\" content=\"index, follow, max-snippet:-1, max-image-preview:large, max-video-preview:-1\" \/>\n<link rel=\"canonical\" href=\"https:\/\/dekkal-quincaillerie.dz\/fr\/produit\/decapant-peinture-spray-swab-400ml-algerie\/\" \/>\n<script type=\"application\/ld+json\" class=\"yoast-schema-graph\">{\"@context\":\"https:\\\/\\\/schema.org\",\"@graph\":[{\"@type\":\"WebPage\",\"@id\":\"https:\\\/\\\/dekkal-quincaillerie.dz\\\/fr\\\/produit\\\/decapant-peinture-spray-swab-400ml-algerie\\\/\",\"url\":\"https:\\\/\\\/dekkal-quincaillerie.dz\\\/fr\\\/produit\\\/decapant-peinture-spray-swab-400ml-algerie\\\/\",\"name\":\"d\u00e9capant de peinture en spray en Alg\u00e9rie\",\"isPartOf\":{\"@id\":\"https:\\\/\\\/dekkal-quincaillerie.dz\\\/fr\\\/#website\"},\"primaryImageOfPage\":{\"@id\":\"https:\\\/\\\/dekkal-quincaillerie.dz\\\/fr\\\/produit\\\/decapant-peinture-spray-swab-400ml-algerie\\\/#primaryimage\"},\"image\":{\"@id\":\"https:\\\/\\\/dekkal-quincaillerie.dz\\\/fr\\\/produit\\\/decapant-peinture-spray-swab-400ml-algerie\\\/#primaryimage\"},\"thumbnailUrl\":\"https:\\\/\\\/dekkal-quincaillerie.dz\\\/fr\\\/wp-content\\\/uploads\\\/2025\\\/07\\\/1000035385.avif\",\"datePublished\":\"2025-07-06T08:17:25+00:00\",\"dateModified\":\"2025-07-09T12:36:59+00:00\",\"description\":\"Gagnez du temps, obtenez un r\u00e9sultat parfait avec notre d\u00e9capant de peinture en spray SWAB 400 ml, efficace et rapide. contactez-nous au 0561792859.\",\"breadcrumb\":{\"@id\":\"https:\\\/\\\/dekkal-quincaillerie.dz\\\/fr\\\/produit\\\/decapant-peinture-spray-swab-400ml-algerie\\\/#breadcrumb\"},\"inLanguage\":\"fr-FR\",\"potentialAction\":[{\"@type\":\"ReadAction\",\"target\":[\"https:\\\/\\\/dekkal-quincaillerie.dz\\\/fr\\\/produit\\\/decapant-peinture-spray-swab-400ml-algerie\\\/\"]}]},{\"@type\":\"ImageObject\",\"inLanguage\":\"fr-FR\",\"@id\":\"https:\\\/\\\/dekkal-quincaillerie.dz\\\/fr\\\/produit\\\/decapant-peinture-spray-swab-400ml-algerie\\\/#primaryimage\",\"url\":\"https:\\\/\\\/dekkal-quincaillerie.dz\\\/fr\\\/wp-content\\\/uploads\\\/2025\\\/07\\\/1000035385.avif\",\"contentUrl\":\"https:\\\/\\\/dekkal-quincaillerie.dz\\\/fr\\\/wp-content\\\/uploads\\\/2025\\\/07\\\/1000035385.avif\",\"width\":470,\"height\":470,\"caption\":\"A\u00e9rosol 400 ml de d\u00e9capant peinture SWAB \u2013 Pour r\u00e9novations pr\u00e9cises sur bois, m\u00e9tal, pierre ou plastique dur\"},{\"@type\":\"BreadcrumbList\",\"@id\":\"https:\\\/\\\/dekkal-quincaillerie.dz\\\/fr\\\/produit\\\/decapant-peinture-spray-swab-400ml-algerie\\\/#breadcrumb\",\"itemListElement\":[{\"@type\":\"ListItem\",\"position\":1,\"name\":\"Accueil\",\"item\":\"https:\\\/\\\/dekkal-quincaillerie.dz\\\/fr\\\/\"},{\"@type\":\"ListItem\",\"position\":2,\"name\":\"Boutique\",\"item\":\"https:\\\/\\\/dekkal-quincaillerie.dz\\\/fr\\\/boutique\\\/\"},{\"@type\":\"ListItem\",\"position\":3,\"name\":\"DECAPANT EN SPRAY 400ML SWAB\"}]},{\"@type\":\"WebSite\",\"@id\":\"https:\\\/\\\/dekkal-quincaillerie.dz\\\/fr\\\/#website\",\"url\":\"https:\\\/\\\/dekkal-quincaillerie.dz\\\/fr\\\/\",\"name\":\"DEKKAL\",\"description\":\"\",\"publisher\":{\"@id\":\"https:\\\/\\\/dekkal-quincaillerie.dz\\\/fr\\\/#organization\"},\"potentialAction\":[{\"@type\":\"SearchAction\",\"target\":{\"@type\":\"EntryPoint\",\"urlTemplate\":\"https:\\\/\\\/dekkal-quincaillerie.dz\\\/fr\\\/?s={search_term_string}\"},\"query-input\":{\"@type\":\"PropertyValueSpecification\",\"valueRequired\":true,\"valueName\":\"search_term_string\"}}],\"inLanguage\":\"fr-FR\"},{\"@type\":\"Organization\",\"@id\":\"https:\\\/\\\/dekkal-quincaillerie.dz\\\/fr\\\/#organization\",\"name\":\"DEKKAL QUINCAILLERIE\",\"url\":\"https:\\\/\\\/dekkal-quincaillerie.dz\\\/fr\\\/\",\"logo\":{\"@type\":\"ImageObject\",\"inLanguage\":\"fr-FR\",\"@id\":\"https:\\\/\\\/dekkal-quincaillerie.dz\\\/fr\\\/#\\\/schema\\\/logo\\\/image\\\/\",\"url\":\"https:\\\/\\\/dekkal-quincaillerie.dz\\\/fr\\\/wp-content\\\/uploads\\\/2022\\\/03\\\/image_2022-03-19_172411.png\",\"contentUrl\":\"https:\\\/\\\/dekkal-quincaillerie.dz\\\/fr\\\/wp-content\\\/uploads\\\/2022\\\/03\\\/image_2022-03-19_172411.png\",\"width\":851,\"height\":315,\"caption\":\"DEKKAL QUINCAILLERIE\"},\"image\":{\"@id\":\"https:\\\/\\\/dekkal-quincaillerie.dz\\\/fr\\\/#\\\/schema\\\/logo\\\/image\\\/\"},\"sameAs\":[\"https:\\\/\\\/www.facebook.com\\\/ets.dekkal.1\",\"https:\\\/\\\/www.instagram.com\\\/ets.dekkal\\\/\"]}]}<\/script>\n<!-- \/ Yoast SEO Premium plugin. -->","yoast_head_json":{"title":"d\u00e9capant de peinture en spray en Alg\u00e9rie","description":"Gagnez du temps, obtenez un r\u00e9sultat parfait avec notre d\u00e9capant de peinture en spray SWAB 400 ml, efficace et rapide. contactez-nous au 0561792859.","robots":{"index":"index","follow":"follow","max-snippet":"max-snippet:-1","max-image-preview":"max-image-preview:large","max-video-preview":"max-video-preview:-1"},"canonical":"https:\/\/dekkal-quincaillerie.dz\/fr\/produit\/decapant-peinture-spray-swab-400ml-algerie\/","schema":{"@context":"https:\/\/schema.org","@graph":[{"@type":"WebPage","@id":"https:\/\/dekkal-quincaillerie.dz\/fr\/produit\/decapant-peinture-spray-swab-400ml-algerie\/","url":"https:\/\/dekkal-quincaillerie.dz\/fr\/produit\/decapant-peinture-spray-swab-400ml-algerie\/","name":"d\u00e9capant de peinture en spray en Alg\u00e9rie","isPartOf":{"@id":"https:\/\/dekkal-quincaillerie.dz\/fr\/#website"},"primaryImageOfPage":{"@id":"https:\/\/dekkal-quincaillerie.dz\/fr\/produit\/decapant-peinture-spray-swab-400ml-algerie\/#primaryimage"},"image":{"@id":"https:\/\/dekkal-quincaillerie.dz\/fr\/produit\/decapant-peinture-spray-swab-400ml-algerie\/#primaryimage"},"thumbnailUrl":"https:\/\/dekkal-quincaillerie.dz\/fr\/wp-content\/uploads\/2025\/07\/1000035385.avif","datePublished":"2025-07-06T08:17:25+00:00","dateModified":"2025-07-09T12:36:59+00:00","description":"Gagnez du temps, obtenez un r\u00e9sultat parfait avec notre d\u00e9capant de peinture en spray SWAB 400 ml, efficace et rapide. contactez-nous au 0561792859.","breadcrumb":{"@id":"https:\/\/dekkal-quincaillerie.dz\/fr\/produit\/decapant-peinture-spray-swab-400ml-algerie\/#breadcrumb"},"inLanguage":"fr-FR","potentialAction":[{"@type":"ReadAction","target":["https:\/\/dekkal-quincaillerie.dz\/fr\/produit\/decapant-peinture-spray-swab-400ml-algerie\/"]}]},{"@type":"ImageObject","inLanguage":"fr-FR","@id":"https:\/\/dekkal-quincaillerie.dz\/fr\/produit\/decapant-peinture-spray-swab-400ml-algerie\/#primaryimage","url":"https:\/\/dekkal-quincaillerie.dz\/fr\/wp-content\/uploads\/2025\/07\/1000035385.avif","contentUrl":"https:\/\/dekkal-quincaillerie.dz\/fr\/wp-content\/uploads\/2025\/07\/1000035385.avif","width":470,"height":470,"caption":"A\u00e9rosol 400 ml de d\u00e9capant peinture SWAB \u2013 Pour r\u00e9novations pr\u00e9cises sur bois, m\u00e9tal, pierre ou plastique dur"},{"@type":"BreadcrumbList","@id":"https:\/\/dekkal-quincaillerie.dz\/fr\/produit\/decapant-peinture-spray-swab-400ml-algerie\/#breadcrumb","itemListElement":[{"@type":"ListItem","position":1,"name":"Accueil","item":"https:\/\/dekkal-quincaillerie.dz\/fr\/"},{"@type":"ListItem","position":2,"name":"Boutique","item":"https:\/\/dekkal-quincaillerie.dz\/fr\/boutique\/"},{"@type":"ListItem","position":3,"name":"DECAPANT EN SPRAY 400ML SWAB"}]},{"@type":"WebSite","@id":"https:\/\/dekkal-quincaillerie.dz\/fr\/#website","url":"https:\/\/dekkal-quincaillerie.dz\/fr\/","name":"DEKKAL","description":"","publisher":{"@id":"https:\/\/dekkal-quincaillerie.dz\/fr\/#organization"},"potentialAction":[{"@type":"SearchAction","target":{"@type":"EntryPoint","urlTemplate":"https:\/\/dekkal-quincaillerie.dz\/fr\/?s={search_term_string}"},"query-input":{"@type":"PropertyValueSpecification","valueRequired":true,"valueName":"search_term_string"}}],"inLanguage":"fr-FR"},{"@type":"Organization","@id":"https:\/\/dekkal-quincaillerie.dz\/fr\/#organization","name":"DEKKAL QUINCAILLERIE","url":"https:\/\/dekkal-quincaillerie.dz\/fr\/","logo":{"@type":"ImageObject","inLanguage":"fr-FR","@id":"https:\/\/dekkal-quincaillerie.dz\/fr\/#\/schema\/logo\/image\/","url":"https:\/\/dekkal-quincaillerie.dz\/fr\/wp-content\/uploads\/2022\/03\/image_2022-03-19_172411.png","contentUrl":"https:\/\/dekkal-quincaillerie.dz\/fr\/wp-content\/uploads\/2022\/03\/image_2022-03-19_172411.png","width":851,"height":315,"caption":"DEKKAL QUINCAILLERIE"},"image":{"@id":"https:\/\/dekkal-quincaillerie.dz\/fr\/#\/schema\/logo\/image\/"},"sameAs":["https:\/\/www.facebook.com\/ets.dekkal.1","https:\/\/www.instagram.com\/ets.dekkal\/"]}]}},"_links":{"self":[{"href":"https:\/\/dekkal-quincaillerie.dz\/fr\/wp-json\/wp\/v2\/product\/12510","targetHints":{"allow":["GET"]}}],"collection":[{"href":"https:\/\/dekkal-quincaillerie.dz\/fr\/wp-json\/wp\/v2\/product"}],"about":[{"href":"https:\/\/dekkal-quincaillerie.dz\/fr\/wp-json\/wp\/v2\/types\/product"}],"wp:featuredmedia":[{"embeddable":true,"href":"https:\/\/dekkal-quincaillerie.dz\/fr\/wp-json\/wp\/v2\/media\/12512"}],"wp:attachment":[{"href":"https:\/\/dekkal-quincaillerie.dz\/fr\/wp-json\/wp\/v2\/media?parent=12510"}],"wp:term":[{"taxonomy":"product_brand","embeddable":true,"href":"https:\/\/dekkal-quincaillerie.dz\/fr\/wp-json\/wp\/v2\/product_brand?post=12510"},{"taxonomy":"product_cat","embeddable":true,"href":"https:\/\/dekkal-quincaillerie.dz\/fr\/wp-json\/wp\/v2\/product_cat?post=12510"},{"taxonomy":"product_tag","embeddable":true,"href":"https:\/\/dekkal-quincaillerie.dz\/fr\/wp-json\/wp\/v2\/product_tag?post=12510"}],"curies":[{"name":"wp","href":"https:\/\/api.w.org\/{rel}","templated":true}]}}