{"id":12368,"date":"2025-07-17T13:44:29","date_gmt":"2025-07-17T13:44:29","guid":{"rendered":"https:\/\/dekkal-quincaillerie.dz\/fr\/?post_type=product&#038;p=12368"},"modified":"2025-07-17T13:44:30","modified_gmt":"2025-07-17T13:44:30","slug":"prise-stabilisatrice-de-tension-beetro-en-algerie","status":"publish","type":"product","link":"https:\/\/dekkal-quincaillerie.dz\/fr\/produit\/prise-stabilisatrice-de-tension-beetro-en-algerie\/","title":{"rendered":"PRISE DE PROTECTION CONTRE SURTENTION 220V LA338  30A BEETRO"},"content":{"rendered":"<h1>\u26a1\ufe0f Prise stabilisatrice de tension BEETRO LA338 \u2013 S\u00e9curit\u00e9 &amp; fiabilit\u00e9 pour vos appareils \u00e9lectriques<\/h1>\n<p>En Alg\u00e9rie, les coupures de courant, surtensions et baisses brutales de tension sont fr\u00e9quentes en p\u00e9riode estivale. Ce ph\u00e9nom\u00e8ne ab\u00eeme ou d\u00e9truit pr\u00e9matur\u00e9ment vos appareils \u00e9lectriques : Climatiseur, frigo, machine \u00e0 laver, t\u00e9l\u00e9viseur&#8230;La prise stabilisatrice de tension BEETRO LA388 est con\u00e7u pour vous prot\u00e9ger contre ces risques. Elle r\u00e9gule automatiquement la tension fournie \u00e0 vos appareils et coupe le courant en cas de danger. Fiable et simple \u00e0 utiliser, elle est devenu une solution indispensable dans de nombreux foyers et bureaux.<\/p>\n<h2 data-start=\"1200\" data-end=\"1251\">Une s\u00e9curit\u00e9 personnalisable selon vos besoins<\/h2>\n<ul>\n<li>Tension de fonctionnement : 140\u2013270\u202fV AC<\/li>\n<li>Temps de red\u00e9marrage r\u00e9glable : 5 \u00e0 999 secondes<\/li>\n<li>Limite basse ajustable : 140 \u00e0 210\u202fV<\/li>\n<li>Limite haute ajustable : 230 \u00e0 270\u202fV<\/li>\n<li>Affichage LED clair : pour visualiser les valeurs en temps r\u00e9el<\/li>\n<li>Utilisation intuitive et rapide : plug &amp; play<\/li>\n<\/ul>\n<h3>Choisissez le bon d\u00e9lai pour chaque appareil<\/h3>\n<ul>\n<li>D\u00e9lai &gt; 180 s recommand\u00e9 pour : R\u00e9frig\u00e9rateurs, cong\u00e9lateurs, climatiseurs, distributeur d&rsquo;eau<\/li>\n<li>D\u00e9lai &lt; 30 s id\u00e9al pour : T\u00e9l\u00e9viseur, lecteur DVD, syst\u00e8me audio, Pc portable, ventilateurs, lampes etc&#8230;<\/li>\n<li>\u00a0Compatible \u00e9galement avec :<a href=\"https:\/\/dekkal-quincaillerie.dz\/fr\/produit\/aspirateur-3l-1800w-crown\/\"> Aspirateur<\/a>, d\u00e9codeurs satellite, tous les appareil sans compresseur.<\/li>\n<\/ul>\n<h3><strong data-start=\"1372\" data-end=\"1419\">Ce que vous risquez sans cette protection ?<\/strong><\/h3>\n<ul>\n<li>Un climatiseur de 10 millions de centime grill\u00e9 sans retour possible<\/li>\n<li>Un cong\u00e9lateur rempli de viande qui s&rsquo;\u00e9teint en plein nuit<\/li>\n<li>Un t\u00e9l\u00e9viseur ou une box internet br\u00fbl\u00e9s par une tension instable<\/li>\n<li>Du stress, du temps perdu et beaucoup d&rsquo;argent.<\/li>\n<\/ul>\n<h3>\u2764\ufe0f <strong data-start=\"2633\" data-end=\"2695\">La tranquillit\u00e9 d\u2019esprit vaut plus que le prix d\u2019une prise<\/strong><\/h3>\n<p>La prise stabilisatrice de tension, est le choix de ceux qui veulent prot\u00e9ger ce qu&rsquo;ils aiment.<\/p>\n<p>Le choix de ceux qui pr\u00e9f\u00e8rent pr\u00e9venir que r\u00e9parer<\/p>\n<p>Le choix de ceux qui savent que leurs appareils sont trop pr\u00e9cieux pour \u00eatre laiss\u00e9es sans d\u00e9fense.<\/p>\n<h4>Passez \u00e0 l\u2019action \u2013 Prot\u00e9gez vos appareils d\u00e8s aujourd\u2019hui !<\/h4>\n<p>Ne laissez plus le hasard endommager vos \u00e9quipement. Commandez d\u00e8s maintenant votre prise stabilisatrice de tension BETTRO LA388<\/p>\n","protected":false},"excerpt":{"rendered":"<p>\u26a1\ufe0f Prise stabilisatrice de tension BEETRO LA338 \u2013 S\u00e9curit\u00e9 &amp; fiabilit\u00e9 pour vos appareils \u00e9lectriques En Alg\u00e9rie, les coupures de courant, surtensions et baisses brutales de tension sont fr\u00e9quentes en p\u00e9riode estivale. Ce ph\u00e9nom\u00e8ne ab\u00eeme ou d\u00e9truit pr\u00e9matur\u00e9ment vos appareils \u00e9lectriques : Climatiseur, frigo, machine \u00e0 laver, t\u00e9l\u00e9viseur&#8230;La prise stabilisatrice de tension BEETRO LA388 est [&hellip;]<\/p>\n","protected":false},"featured_media":12371,"template":"","meta":[],"product_brand":[1108],"product_cat":[213],"product_tag":[2135,2133,2134],"class_list":{"0":"post-12368","1":"product","2":"type-product","3":"status-publish","4":"has-post-thumbnail","6":"product_brand-beetro","7":"product_cat-electricite","8":"product_tag-beetro-la338","9":"product_tag-prise-de-protection-contre-surtention","10":"product_tag-prise-stabilisatrice-de-tension","12":"first","13":"instock","14":"taxable","15":"shipping-taxable","16":"purchasable","17":"product-type-simple"},"yoast_head":"<!-- This site is optimized with the Yoast SEO Premium plugin v20.0 (Yoast SEO v27.4) - https:\/\/yoast.com\/product\/yoast-seo-premium-wordpress\/ -->\n<title>prise stabilisatrice de tension<\/title>\n<meta name=\"description\" content=\"Prot\u00e9gez vos appareils avec la prise stabilisatrice de tension BEETRO LA388 -140V-270V. commandez d\u00e8s maintenant au contactez-nous au 0561792859.\" \/>\n<meta name=\"robots\" content=\"index, follow, max-snippet:-1, max-image-preview:large, max-video-preview:-1\" \/>\n<link rel=\"canonical\" href=\"https:\/\/dekkal-quincaillerie.dz\/fr\/produit\/prise-stabilisatrice-de-tension-beetro-en-algerie\/\" \/>\n<script type=\"application\/ld+json\" class=\"yoast-schema-graph\">{\"@context\":\"https:\\\/\\\/schema.org\",\"@graph\":[{\"@type\":\"WebPage\",\"@id\":\"https:\\\/\\\/dekkal-quincaillerie.dz\\\/fr\\\/produit\\\/prise-stabilisatrice-de-tension-beetro-en-algerie\\\/\",\"url\":\"https:\\\/\\\/dekkal-quincaillerie.dz\\\/fr\\\/produit\\\/prise-stabilisatrice-de-tension-beetro-en-algerie\\\/\",\"name\":\"prise stabilisatrice de tension\",\"isPartOf\":{\"@id\":\"https:\\\/\\\/dekkal-quincaillerie.dz\\\/fr\\\/#website\"},\"primaryImageOfPage\":{\"@id\":\"https:\\\/\\\/dekkal-quincaillerie.dz\\\/fr\\\/produit\\\/prise-stabilisatrice-de-tension-beetro-en-algerie\\\/#primaryimage\"},\"image\":{\"@id\":\"https:\\\/\\\/dekkal-quincaillerie.dz\\\/fr\\\/produit\\\/prise-stabilisatrice-de-tension-beetro-en-algerie\\\/#primaryimage\"},\"thumbnailUrl\":\"https:\\\/\\\/dekkal-quincaillerie.dz\\\/fr\\\/wp-content\\\/uploads\\\/2025\\\/06\\\/1000034672.avif\",\"datePublished\":\"2025-07-17T13:44:29+00:00\",\"dateModified\":\"2025-07-17T13:44:30+00:00\",\"description\":\"Prot\u00e9gez vos appareils avec la prise stabilisatrice de tension BEETRO LA388 -140V-270V. commandez d\u00e8s maintenant au contactez-nous au 0561792859.\",\"breadcrumb\":{\"@id\":\"https:\\\/\\\/dekkal-quincaillerie.dz\\\/fr\\\/produit\\\/prise-stabilisatrice-de-tension-beetro-en-algerie\\\/#breadcrumb\"},\"inLanguage\":\"fr-FR\",\"potentialAction\":[{\"@type\":\"ReadAction\",\"target\":[\"https:\\\/\\\/dekkal-quincaillerie.dz\\\/fr\\\/produit\\\/prise-stabilisatrice-de-tension-beetro-en-algerie\\\/\"]}]},{\"@type\":\"ImageObject\",\"inLanguage\":\"fr-FR\",\"@id\":\"https:\\\/\\\/dekkal-quincaillerie.dz\\\/fr\\\/produit\\\/prise-stabilisatrice-de-tension-beetro-en-algerie\\\/#primaryimage\",\"url\":\"https:\\\/\\\/dekkal-quincaillerie.dz\\\/fr\\\/wp-content\\\/uploads\\\/2025\\\/06\\\/1000034672.avif\",\"contentUrl\":\"https:\\\/\\\/dekkal-quincaillerie.dz\\\/fr\\\/wp-content\\\/uploads\\\/2025\\\/06\\\/1000034672.avif\",\"width\":470,\"height\":470,\"caption\":\"Prot\u00e9gez vos appareils \u00e9lectrom\u00e9nagers avec la BEETRO LA338 : une prise intelligente, fiable et simple d\u2019utilisation.\"},{\"@type\":\"BreadcrumbList\",\"@id\":\"https:\\\/\\\/dekkal-quincaillerie.dz\\\/fr\\\/produit\\\/prise-stabilisatrice-de-tension-beetro-en-algerie\\\/#breadcrumb\",\"itemListElement\":[{\"@type\":\"ListItem\",\"position\":1,\"name\":\"Accueil\",\"item\":\"https:\\\/\\\/dekkal-quincaillerie.dz\\\/fr\\\/\"},{\"@type\":\"ListItem\",\"position\":2,\"name\":\"Boutique\",\"item\":\"https:\\\/\\\/dekkal-quincaillerie.dz\\\/fr\\\/boutique\\\/\"},{\"@type\":\"ListItem\",\"position\":3,\"name\":\"PRISE DE PROTECTION CONTRE SURTENTION 220V LA338 30A BEETRO\"}]},{\"@type\":\"WebSite\",\"@id\":\"https:\\\/\\\/dekkal-quincaillerie.dz\\\/fr\\\/#website\",\"url\":\"https:\\\/\\\/dekkal-quincaillerie.dz\\\/fr\\\/\",\"name\":\"DEKKAL\",\"description\":\"\",\"publisher\":{\"@id\":\"https:\\\/\\\/dekkal-quincaillerie.dz\\\/fr\\\/#organization\"},\"potentialAction\":[{\"@type\":\"SearchAction\",\"target\":{\"@type\":\"EntryPoint\",\"urlTemplate\":\"https:\\\/\\\/dekkal-quincaillerie.dz\\\/fr\\\/?s={search_term_string}\"},\"query-input\":{\"@type\":\"PropertyValueSpecification\",\"valueRequired\":true,\"valueName\":\"search_term_string\"}}],\"inLanguage\":\"fr-FR\"},{\"@type\":\"Organization\",\"@id\":\"https:\\\/\\\/dekkal-quincaillerie.dz\\\/fr\\\/#organization\",\"name\":\"DEKKAL QUINCAILLERIE\",\"url\":\"https:\\\/\\\/dekkal-quincaillerie.dz\\\/fr\\\/\",\"logo\":{\"@type\":\"ImageObject\",\"inLanguage\":\"fr-FR\",\"@id\":\"https:\\\/\\\/dekkal-quincaillerie.dz\\\/fr\\\/#\\\/schema\\\/logo\\\/image\\\/\",\"url\":\"https:\\\/\\\/dekkal-quincaillerie.dz\\\/fr\\\/wp-content\\\/uploads\\\/2022\\\/03\\\/image_2022-03-19_172411.png\",\"contentUrl\":\"https:\\\/\\\/dekkal-quincaillerie.dz\\\/fr\\\/wp-content\\\/uploads\\\/2022\\\/03\\\/image_2022-03-19_172411.png\",\"width\":851,\"height\":315,\"caption\":\"DEKKAL QUINCAILLERIE\"},\"image\":{\"@id\":\"https:\\\/\\\/dekkal-quincaillerie.dz\\\/fr\\\/#\\\/schema\\\/logo\\\/image\\\/\"},\"sameAs\":[\"https:\\\/\\\/www.facebook.com\\\/ets.dekkal.1\",\"https:\\\/\\\/www.instagram.com\\\/ets.dekkal\\\/\"]}]}<\/script>\n<!-- \/ Yoast SEO Premium plugin. -->","yoast_head_json":{"title":"prise stabilisatrice de tension","description":"Prot\u00e9gez vos appareils avec la prise stabilisatrice de tension BEETRO LA388 -140V-270V. commandez d\u00e8s maintenant au contactez-nous au 0561792859.","robots":{"index":"index","follow":"follow","max-snippet":"max-snippet:-1","max-image-preview":"max-image-preview:large","max-video-preview":"max-video-preview:-1"},"canonical":"https:\/\/dekkal-quincaillerie.dz\/fr\/produit\/prise-stabilisatrice-de-tension-beetro-en-algerie\/","schema":{"@context":"https:\/\/schema.org","@graph":[{"@type":"WebPage","@id":"https:\/\/dekkal-quincaillerie.dz\/fr\/produit\/prise-stabilisatrice-de-tension-beetro-en-algerie\/","url":"https:\/\/dekkal-quincaillerie.dz\/fr\/produit\/prise-stabilisatrice-de-tension-beetro-en-algerie\/","name":"prise stabilisatrice de tension","isPartOf":{"@id":"https:\/\/dekkal-quincaillerie.dz\/fr\/#website"},"primaryImageOfPage":{"@id":"https:\/\/dekkal-quincaillerie.dz\/fr\/produit\/prise-stabilisatrice-de-tension-beetro-en-algerie\/#primaryimage"},"image":{"@id":"https:\/\/dekkal-quincaillerie.dz\/fr\/produit\/prise-stabilisatrice-de-tension-beetro-en-algerie\/#primaryimage"},"thumbnailUrl":"https:\/\/dekkal-quincaillerie.dz\/fr\/wp-content\/uploads\/2025\/06\/1000034672.avif","datePublished":"2025-07-17T13:44:29+00:00","dateModified":"2025-07-17T13:44:30+00:00","description":"Prot\u00e9gez vos appareils avec la prise stabilisatrice de tension BEETRO LA388 -140V-270V. commandez d\u00e8s maintenant au contactez-nous au 0561792859.","breadcrumb":{"@id":"https:\/\/dekkal-quincaillerie.dz\/fr\/produit\/prise-stabilisatrice-de-tension-beetro-en-algerie\/#breadcrumb"},"inLanguage":"fr-FR","potentialAction":[{"@type":"ReadAction","target":["https:\/\/dekkal-quincaillerie.dz\/fr\/produit\/prise-stabilisatrice-de-tension-beetro-en-algerie\/"]}]},{"@type":"ImageObject","inLanguage":"fr-FR","@id":"https:\/\/dekkal-quincaillerie.dz\/fr\/produit\/prise-stabilisatrice-de-tension-beetro-en-algerie\/#primaryimage","url":"https:\/\/dekkal-quincaillerie.dz\/fr\/wp-content\/uploads\/2025\/06\/1000034672.avif","contentUrl":"https:\/\/dekkal-quincaillerie.dz\/fr\/wp-content\/uploads\/2025\/06\/1000034672.avif","width":470,"height":470,"caption":"Prot\u00e9gez vos appareils \u00e9lectrom\u00e9nagers avec la BEETRO LA338 : une prise intelligente, fiable et simple d\u2019utilisation."},{"@type":"BreadcrumbList","@id":"https:\/\/dekkal-quincaillerie.dz\/fr\/produit\/prise-stabilisatrice-de-tension-beetro-en-algerie\/#breadcrumb","itemListElement":[{"@type":"ListItem","position":1,"name":"Accueil","item":"https:\/\/dekkal-quincaillerie.dz\/fr\/"},{"@type":"ListItem","position":2,"name":"Boutique","item":"https:\/\/dekkal-quincaillerie.dz\/fr\/boutique\/"},{"@type":"ListItem","position":3,"name":"PRISE DE PROTECTION CONTRE SURTENTION 220V LA338 30A BEETRO"}]},{"@type":"WebSite","@id":"https:\/\/dekkal-quincaillerie.dz\/fr\/#website","url":"https:\/\/dekkal-quincaillerie.dz\/fr\/","name":"DEKKAL","description":"","publisher":{"@id":"https:\/\/dekkal-quincaillerie.dz\/fr\/#organization"},"potentialAction":[{"@type":"SearchAction","target":{"@type":"EntryPoint","urlTemplate":"https:\/\/dekkal-quincaillerie.dz\/fr\/?s={search_term_string}"},"query-input":{"@type":"PropertyValueSpecification","valueRequired":true,"valueName":"search_term_string"}}],"inLanguage":"fr-FR"},{"@type":"Organization","@id":"https:\/\/dekkal-quincaillerie.dz\/fr\/#organization","name":"DEKKAL QUINCAILLERIE","url":"https:\/\/dekkal-quincaillerie.dz\/fr\/","logo":{"@type":"ImageObject","inLanguage":"fr-FR","@id":"https:\/\/dekkal-quincaillerie.dz\/fr\/#\/schema\/logo\/image\/","url":"https:\/\/dekkal-quincaillerie.dz\/fr\/wp-content\/uploads\/2022\/03\/image_2022-03-19_172411.png","contentUrl":"https:\/\/dekkal-quincaillerie.dz\/fr\/wp-content\/uploads\/2022\/03\/image_2022-03-19_172411.png","width":851,"height":315,"caption":"DEKKAL QUINCAILLERIE"},"image":{"@id":"https:\/\/dekkal-quincaillerie.dz\/fr\/#\/schema\/logo\/image\/"},"sameAs":["https:\/\/www.facebook.com\/ets.dekkal.1","https:\/\/www.instagram.com\/ets.dekkal\/"]}]}},"_links":{"self":[{"href":"https:\/\/dekkal-quincaillerie.dz\/fr\/wp-json\/wp\/v2\/product\/12368","targetHints":{"allow":["GET"]}}],"collection":[{"href":"https:\/\/dekkal-quincaillerie.dz\/fr\/wp-json\/wp\/v2\/product"}],"about":[{"href":"https:\/\/dekkal-quincaillerie.dz\/fr\/wp-json\/wp\/v2\/types\/product"}],"wp:featuredmedia":[{"embeddable":true,"href":"https:\/\/dekkal-quincaillerie.dz\/fr\/wp-json\/wp\/v2\/media\/12371"}],"wp:attachment":[{"href":"https:\/\/dekkal-quincaillerie.dz\/fr\/wp-json\/wp\/v2\/media?parent=12368"}],"wp:term":[{"taxonomy":"product_brand","embeddable":true,"href":"https:\/\/dekkal-quincaillerie.dz\/fr\/wp-json\/wp\/v2\/product_brand?post=12368"},{"taxonomy":"product_cat","embeddable":true,"href":"https:\/\/dekkal-quincaillerie.dz\/fr\/wp-json\/wp\/v2\/product_cat?post=12368"},{"taxonomy":"product_tag","embeddable":true,"href":"https:\/\/dekkal-quincaillerie.dz\/fr\/wp-json\/wp\/v2\/product_tag?post=12368"}],"curies":[{"name":"wp","href":"https:\/\/api.w.org\/{rel}","templated":true}]}}