{"id":11760,"date":"2025-06-05T14:29:12","date_gmt":"2025-06-05T14:29:12","guid":{"rendered":"https:\/\/dekkal-quincaillerie.dz\/fr\/?post_type=product&#038;p=11760"},"modified":"2025-06-11T08:42:21","modified_gmt":"2025-06-11T08:42:21","slug":"motopompe-a-essence-total","status":"publish","type":"product","link":"https:\/\/dekkal-quincaillerie.dz\/fr\/produit\/motopompe-a-essence-total\/","title":{"rendered":"MOTOPOMPE A ESSENCE \u00d8 50 TP3203 TOTAL"},"content":{"rendered":"<h1>\ud83d\udca7 Motopompe \u00e0 essence \u00d8 40 TP3151 TOTAL \u2013 L\u2019outil qu\u2019il vous faut, quand il le faut!<\/h1>\n<p class=\"\" data-start=\"725\" data-end=\"1012\">Besoin de pomper rapidement, efficacement et sans prise de t\u00eate ? La motopompe \u00e0 essence \u00d8 50 TOTAL TP3203 est la solution id\u00e9ale pour tous vos travaux d\u2019\u00e9vacuation d\u2019eau. Performante, compacte et autonome, elle est pens\u00e9e pour les pros comme pour les particuliers exigeants.<\/p>\n<p class=\"\" data-start=\"1014\" data-end=\"1241\">Gr\u00e2ce \u00e0 son moteur thermique puissant, elle vous suit partout : sur chantier, dans votre jardin, ou en pleine campagne. Pas besoin d\u2019\u00e9lectricit\u00e9 : elle fonctionne en totale autonomie, l\u00e0 o\u00f9 vous en avez vraiment besoin.<\/p>\n<h2 data-start=\"1014\" data-end=\"1241\"><strong data-start=\"1255\" data-end=\"1318\">Fiche technique<\/strong><\/h2>\n<ul>\n<li><strong>Nom du produit :<\/strong> Motopompe thermique \u00e0 essence<\/li>\n<li><strong>Fabricant :<\/strong> TOTAL<\/li>\n<li><strong>R\u00e9f\u00e9rence :<\/strong> TP3203<\/li>\n<li><strong>Syst\u00e8me de d\u00e9marrage :<\/strong>Manuel \u00e0 lanceur<\/li>\n<li><strong data-start=\"557\" data-end=\"586\">Capacit\u00e9 d\u2019huile moteur :<\/strong> 0,6 L<\/li>\n<li><strong data-start=\"608\" data-end=\"635\">Lubrifiant recommand\u00e9 :<\/strong> SAE 10W-30<\/li>\n<li><strong>Puissance maximale : <\/strong>7HP<\/li>\n<li><strong>Cylindr\u00e9e : <\/strong>208 cm\u00b3<\/li>\n<li><strong>D\u00e9bit puissant :<\/strong>550 L\/min<\/li>\n<li><strong>\u00a0Hauteur de refoulement max. : <\/strong>31 m<\/li>\n<li><strong>Diam\u00e8tre d&rsquo;aspiration\u00a0 : <\/strong>50 mm<\/li>\n<li><strong>Diam\u00e8tre de refoulement : <\/strong>50 mm<\/li>\n<li><strong>R\u00e9servoir : <\/strong>3,6 L<\/li>\n<\/ul>\n<h2>Pens\u00e9e pour \u00eatre simple, con\u00e7ue pour durer<\/h2>\n<p>Pens\u00e9e pour offrir une utilisation intuitive et une durabilit\u00e9 maximale, la motopompe TOTAL TP3151 s\u00e9duit par sa simplicit\u00e9 d\u2019usage au quotidien. Son ch\u00e2ssis compact et l\u00e9ger permet un transport ais\u00e9, m\u00eame en conditions de terrain difficiles, et sa poign\u00e9e de transport ergonomique assure une excellente prise en main, sans fatigue. Que vous soyez seul ou en d\u00e9placement fr\u00e9quent, elle vous suit partout sans effort. Son d\u00e9marrage rapide vous permet de la mettre en marche en quelques secondes seulement, pour gagner en efficacit\u00e9 sur chaque intervention. C\u00f4t\u00e9 maintenance, sa conception accessible et robuste facilite l\u2019entretien, garantissant une longue dur\u00e9e de vie m\u00eame en usage intensif. Fiable, pratique et con\u00e7ue pour durer, elle devient rapidement un alli\u00e9 indispensable sur le terrain.<\/p>\n<h2>\u26a1 <strong data-start=\"2247\" data-end=\"2304\">Performance : elle ne vous laisse jamais tomber<\/strong><\/h2>\n<p>Avec la motopompe TP3203, TOTAL vous offre bien plus qu\u2019un simple outil : une solution de pompage puissante, fiable et taill\u00e9e pour l\u2019action. Con\u00e7ue pour assurer un d\u00e9bit r\u00e9gulier et performant, m\u00eame dans les environnements les plus exigeants, elle garantit des r\u00e9sultats constants l\u00e0 o\u00f9 d&rsquo;autres flanchent. Solide, endurante et toujours pr\u00eate \u00e0 l\u2019emploi, elle r\u00e9pond aux besoins des professionnels qui ne laissent aucune place \u00e0 l\u2019impr\u00e9vu.<\/p>\n","protected":false},"excerpt":{"rendered":"<p>\ud83d\udca7 Motopompe \u00e0 essence \u00d8 40 TP3151 TOTAL \u2013 L\u2019outil qu\u2019il vous faut, quand il le faut! Besoin de pomper rapidement, efficacement et sans prise de t\u00eate ? La motopompe \u00e0 essence \u00d8 50 TOTAL TP3203 est la solution id\u00e9ale pour tous vos travaux d\u2019\u00e9vacuation d\u2019eau. Performante, compacte et autonome, elle est pens\u00e9e pour les [&hellip;]<\/p>\n","protected":false},"featured_media":11767,"template":"","meta":[],"product_brand":[],"product_cat":[251],"product_tag":[1952,1953],"class_list":{"0":"post-11760","1":"product","2":"type-product","3":"status-publish","4":"has-post-thumbnail","6":"product_cat-plomberie","7":"product_tag-motopompe-a-essence-total-tp3151","8":"product_tag-motopompe-total-puissante","10":"first","11":"instock","12":"taxable","13":"shipping-taxable","14":"purchasable","15":"product-type-simple"},"yoast_head":"<!-- This site is optimized with the Yoast SEO Premium plugin v20.0 (Yoast SEO v27.4) - https:\/\/yoast.com\/product\/yoast-seo-premium-wordpress\/ -->\n<title>motopompe \u00e0 essence TOTAL - DEKKAL<\/title>\n<meta name=\"description\" content=\"D\u00e9couvrez notre motopompe \u00e0 essence TOTAL puissante, mobile et fiable! Commandez d\u00e8s aujourd&#039;hui ou contactez-nous au 0561792859. livraison disponible.\" \/>\n<meta name=\"robots\" content=\"index, follow, max-snippet:-1, max-image-preview:large, max-video-preview:-1\" \/>\n<link rel=\"canonical\" href=\"https:\/\/dekkal-quincaillerie.dz\/fr\/produit\/motopompe-a-essence-total\/\" \/>\n<script type=\"application\/ld+json\" class=\"yoast-schema-graph\">{\"@context\":\"https:\\\/\\\/schema.org\",\"@graph\":[{\"@type\":\"WebPage\",\"@id\":\"https:\\\/\\\/dekkal-quincaillerie.dz\\\/fr\\\/produit\\\/motopompe-a-essence-total\\\/\",\"url\":\"https:\\\/\\\/dekkal-quincaillerie.dz\\\/fr\\\/produit\\\/motopompe-a-essence-total\\\/\",\"name\":\"motopompe \u00e0 essence TOTAL - DEKKAL\",\"isPartOf\":{\"@id\":\"https:\\\/\\\/dekkal-quincaillerie.dz\\\/fr\\\/#website\"},\"primaryImageOfPage\":{\"@id\":\"https:\\\/\\\/dekkal-quincaillerie.dz\\\/fr\\\/produit\\\/motopompe-a-essence-total\\\/#primaryimage\"},\"image\":{\"@id\":\"https:\\\/\\\/dekkal-quincaillerie.dz\\\/fr\\\/produit\\\/motopompe-a-essence-total\\\/#primaryimage\"},\"thumbnailUrl\":\"https:\\\/\\\/dekkal-quincaillerie.dz\\\/fr\\\/wp-content\\\/uploads\\\/2025\\\/05\\\/1000030663.avif\",\"datePublished\":\"2025-06-05T14:29:12+00:00\",\"dateModified\":\"2025-06-11T08:42:21+00:00\",\"description\":\"D\u00e9couvrez notre motopompe \u00e0 essence TOTAL puissante, mobile et fiable! Commandez d\u00e8s aujourd'hui ou contactez-nous au 0561792859. livraison disponible.\",\"breadcrumb\":{\"@id\":\"https:\\\/\\\/dekkal-quincaillerie.dz\\\/fr\\\/produit\\\/motopompe-a-essence-total\\\/#breadcrumb\"},\"inLanguage\":\"fr-FR\",\"potentialAction\":[{\"@type\":\"ReadAction\",\"target\":[\"https:\\\/\\\/dekkal-quincaillerie.dz\\\/fr\\\/produit\\\/motopompe-a-essence-total\\\/\"]}]},{\"@type\":\"ImageObject\",\"inLanguage\":\"fr-FR\",\"@id\":\"https:\\\/\\\/dekkal-quincaillerie.dz\\\/fr\\\/produit\\\/motopompe-a-essence-total\\\/#primaryimage\",\"url\":\"https:\\\/\\\/dekkal-quincaillerie.dz\\\/fr\\\/wp-content\\\/uploads\\\/2025\\\/05\\\/1000030663.avif\",\"contentUrl\":\"https:\\\/\\\/dekkal-quincaillerie.dz\\\/fr\\\/wp-content\\\/uploads\\\/2025\\\/05\\\/1000030663.avif\",\"width\":470,\"height\":470,\"caption\":\"motopompe \u00e0 essence TOTAL\"},{\"@type\":\"BreadcrumbList\",\"@id\":\"https:\\\/\\\/dekkal-quincaillerie.dz\\\/fr\\\/produit\\\/motopompe-a-essence-total\\\/#breadcrumb\",\"itemListElement\":[{\"@type\":\"ListItem\",\"position\":1,\"name\":\"Accueil\",\"item\":\"https:\\\/\\\/dekkal-quincaillerie.dz\\\/fr\\\/\"},{\"@type\":\"ListItem\",\"position\":2,\"name\":\"Boutique\",\"item\":\"https:\\\/\\\/dekkal-quincaillerie.dz\\\/fr\\\/boutique\\\/\"},{\"@type\":\"ListItem\",\"position\":3,\"name\":\"MOTOPOMPE A ESSENCE \u00d8 50 TP3203 TOTAL\"}]},{\"@type\":\"WebSite\",\"@id\":\"https:\\\/\\\/dekkal-quincaillerie.dz\\\/fr\\\/#website\",\"url\":\"https:\\\/\\\/dekkal-quincaillerie.dz\\\/fr\\\/\",\"name\":\"DEKKAL\",\"description\":\"\",\"publisher\":{\"@id\":\"https:\\\/\\\/dekkal-quincaillerie.dz\\\/fr\\\/#organization\"},\"potentialAction\":[{\"@type\":\"SearchAction\",\"target\":{\"@type\":\"EntryPoint\",\"urlTemplate\":\"https:\\\/\\\/dekkal-quincaillerie.dz\\\/fr\\\/?s={search_term_string}\"},\"query-input\":{\"@type\":\"PropertyValueSpecification\",\"valueRequired\":true,\"valueName\":\"search_term_string\"}}],\"inLanguage\":\"fr-FR\"},{\"@type\":\"Organization\",\"@id\":\"https:\\\/\\\/dekkal-quincaillerie.dz\\\/fr\\\/#organization\",\"name\":\"DEKKAL QUINCAILLERIE\",\"url\":\"https:\\\/\\\/dekkal-quincaillerie.dz\\\/fr\\\/\",\"logo\":{\"@type\":\"ImageObject\",\"inLanguage\":\"fr-FR\",\"@id\":\"https:\\\/\\\/dekkal-quincaillerie.dz\\\/fr\\\/#\\\/schema\\\/logo\\\/image\\\/\",\"url\":\"https:\\\/\\\/dekkal-quincaillerie.dz\\\/fr\\\/wp-content\\\/uploads\\\/2022\\\/03\\\/image_2022-03-19_172411.png\",\"contentUrl\":\"https:\\\/\\\/dekkal-quincaillerie.dz\\\/fr\\\/wp-content\\\/uploads\\\/2022\\\/03\\\/image_2022-03-19_172411.png\",\"width\":851,\"height\":315,\"caption\":\"DEKKAL QUINCAILLERIE\"},\"image\":{\"@id\":\"https:\\\/\\\/dekkal-quincaillerie.dz\\\/fr\\\/#\\\/schema\\\/logo\\\/image\\\/\"},\"sameAs\":[\"https:\\\/\\\/www.facebook.com\\\/ets.dekkal.1\",\"https:\\\/\\\/www.instagram.com\\\/ets.dekkal\\\/\"]}]}<\/script>\n<!-- \/ Yoast SEO Premium plugin. -->","yoast_head_json":{"title":"motopompe \u00e0 essence TOTAL - DEKKAL","description":"D\u00e9couvrez notre motopompe \u00e0 essence TOTAL puissante, mobile et fiable! Commandez d\u00e8s aujourd'hui ou contactez-nous au 0561792859. livraison disponible.","robots":{"index":"index","follow":"follow","max-snippet":"max-snippet:-1","max-image-preview":"max-image-preview:large","max-video-preview":"max-video-preview:-1"},"canonical":"https:\/\/dekkal-quincaillerie.dz\/fr\/produit\/motopompe-a-essence-total\/","schema":{"@context":"https:\/\/schema.org","@graph":[{"@type":"WebPage","@id":"https:\/\/dekkal-quincaillerie.dz\/fr\/produit\/motopompe-a-essence-total\/","url":"https:\/\/dekkal-quincaillerie.dz\/fr\/produit\/motopompe-a-essence-total\/","name":"motopompe \u00e0 essence TOTAL - DEKKAL","isPartOf":{"@id":"https:\/\/dekkal-quincaillerie.dz\/fr\/#website"},"primaryImageOfPage":{"@id":"https:\/\/dekkal-quincaillerie.dz\/fr\/produit\/motopompe-a-essence-total\/#primaryimage"},"image":{"@id":"https:\/\/dekkal-quincaillerie.dz\/fr\/produit\/motopompe-a-essence-total\/#primaryimage"},"thumbnailUrl":"https:\/\/dekkal-quincaillerie.dz\/fr\/wp-content\/uploads\/2025\/05\/1000030663.avif","datePublished":"2025-06-05T14:29:12+00:00","dateModified":"2025-06-11T08:42:21+00:00","description":"D\u00e9couvrez notre motopompe \u00e0 essence TOTAL puissante, mobile et fiable! Commandez d\u00e8s aujourd'hui ou contactez-nous au 0561792859. livraison disponible.","breadcrumb":{"@id":"https:\/\/dekkal-quincaillerie.dz\/fr\/produit\/motopompe-a-essence-total\/#breadcrumb"},"inLanguage":"fr-FR","potentialAction":[{"@type":"ReadAction","target":["https:\/\/dekkal-quincaillerie.dz\/fr\/produit\/motopompe-a-essence-total\/"]}]},{"@type":"ImageObject","inLanguage":"fr-FR","@id":"https:\/\/dekkal-quincaillerie.dz\/fr\/produit\/motopompe-a-essence-total\/#primaryimage","url":"https:\/\/dekkal-quincaillerie.dz\/fr\/wp-content\/uploads\/2025\/05\/1000030663.avif","contentUrl":"https:\/\/dekkal-quincaillerie.dz\/fr\/wp-content\/uploads\/2025\/05\/1000030663.avif","width":470,"height":470,"caption":"motopompe \u00e0 essence TOTAL"},{"@type":"BreadcrumbList","@id":"https:\/\/dekkal-quincaillerie.dz\/fr\/produit\/motopompe-a-essence-total\/#breadcrumb","itemListElement":[{"@type":"ListItem","position":1,"name":"Accueil","item":"https:\/\/dekkal-quincaillerie.dz\/fr\/"},{"@type":"ListItem","position":2,"name":"Boutique","item":"https:\/\/dekkal-quincaillerie.dz\/fr\/boutique\/"},{"@type":"ListItem","position":3,"name":"MOTOPOMPE A ESSENCE \u00d8 50 TP3203 TOTAL"}]},{"@type":"WebSite","@id":"https:\/\/dekkal-quincaillerie.dz\/fr\/#website","url":"https:\/\/dekkal-quincaillerie.dz\/fr\/","name":"DEKKAL","description":"","publisher":{"@id":"https:\/\/dekkal-quincaillerie.dz\/fr\/#organization"},"potentialAction":[{"@type":"SearchAction","target":{"@type":"EntryPoint","urlTemplate":"https:\/\/dekkal-quincaillerie.dz\/fr\/?s={search_term_string}"},"query-input":{"@type":"PropertyValueSpecification","valueRequired":true,"valueName":"search_term_string"}}],"inLanguage":"fr-FR"},{"@type":"Organization","@id":"https:\/\/dekkal-quincaillerie.dz\/fr\/#organization","name":"DEKKAL QUINCAILLERIE","url":"https:\/\/dekkal-quincaillerie.dz\/fr\/","logo":{"@type":"ImageObject","inLanguage":"fr-FR","@id":"https:\/\/dekkal-quincaillerie.dz\/fr\/#\/schema\/logo\/image\/","url":"https:\/\/dekkal-quincaillerie.dz\/fr\/wp-content\/uploads\/2022\/03\/image_2022-03-19_172411.png","contentUrl":"https:\/\/dekkal-quincaillerie.dz\/fr\/wp-content\/uploads\/2022\/03\/image_2022-03-19_172411.png","width":851,"height":315,"caption":"DEKKAL QUINCAILLERIE"},"image":{"@id":"https:\/\/dekkal-quincaillerie.dz\/fr\/#\/schema\/logo\/image\/"},"sameAs":["https:\/\/www.facebook.com\/ets.dekkal.1","https:\/\/www.instagram.com\/ets.dekkal\/"]}]}},"_links":{"self":[{"href":"https:\/\/dekkal-quincaillerie.dz\/fr\/wp-json\/wp\/v2\/product\/11760","targetHints":{"allow":["GET"]}}],"collection":[{"href":"https:\/\/dekkal-quincaillerie.dz\/fr\/wp-json\/wp\/v2\/product"}],"about":[{"href":"https:\/\/dekkal-quincaillerie.dz\/fr\/wp-json\/wp\/v2\/types\/product"}],"wp:featuredmedia":[{"embeddable":true,"href":"https:\/\/dekkal-quincaillerie.dz\/fr\/wp-json\/wp\/v2\/media\/11767"}],"wp:attachment":[{"href":"https:\/\/dekkal-quincaillerie.dz\/fr\/wp-json\/wp\/v2\/media?parent=11760"}],"wp:term":[{"taxonomy":"product_brand","embeddable":true,"href":"https:\/\/dekkal-quincaillerie.dz\/fr\/wp-json\/wp\/v2\/product_brand?post=11760"},{"taxonomy":"product_cat","embeddable":true,"href":"https:\/\/dekkal-quincaillerie.dz\/fr\/wp-json\/wp\/v2\/product_cat?post=11760"},{"taxonomy":"product_tag","embeddable":true,"href":"https:\/\/dekkal-quincaillerie.dz\/fr\/wp-json\/wp\/v2\/product_tag?post=11760"}],"curies":[{"name":"wp","href":"https:\/\/api.w.org\/{rel}","templated":true}]}}