{"id":11740,"date":"2025-05-20T07:29:49","date_gmt":"2025-05-20T07:29:49","guid":{"rendered":"https:\/\/dekkal-quincaillerie.dz\/fr\/?post_type=product&#038;p=11740"},"modified":"2025-05-20T07:29:50","modified_gmt":"2025-05-20T07:29:50","slug":"motoculteur-essence-13hp-kibor","status":"publish","type":"product","link":"https:\/\/dekkal-quincaillerie.dz\/fr\/produit\/motoculteur-essence-13hp-kibor\/","title":{"rendered":"MOTOCULTEUR ESSENCE 13HP RC9600 WX-390 KIBOR"},"content":{"rendered":"<h1>\ud83d\ude9c Motoculteur essence KIBOR \u2013 La puissance au service de vos terres<\/h1>\n<p class=\"\" data-start=\"665\" data-end=\"1024\">Con\u00e7u pour les <strong data-start=\"680\" data-end=\"711\">travaux agricoles intensifs<\/strong>, le <strong data-start=\"716\" data-end=\"766\">motoculteur essence KIBOR 13HP RC9600 WX-390<\/strong> est l\u2019alli\u00e9 id\u00e9al pour <strong data-start=\"790\" data-end=\"834\">retourner, ameublir et pr\u00e9parer vos sols<\/strong> rapidement et efficacement. Son moteur essence de 13 chevaux d\u00e9livre une <strong data-start=\"908\" data-end=\"936\">force de traction \u00e9lev\u00e9e<\/strong>, parfaite pour affronter les terrains les plus compacts, m\u00eame en conditions difficiles.<\/p>\n<p class=\"\" data-start=\"1026\" data-end=\"1234\">Que vous soyez <strong data-start=\"1041\" data-end=\"1113\">exploitant agricole, jardinier professionnel ou particulier exigeant<\/strong>, ce motoculteur vous offre <strong data-start=\"1141\" data-end=\"1180\">autonomie, efficacit\u00e9 et robustesse<\/strong>, tout en garantissant un grand confort d&rsquo;utilisation.<\/p>\n<h2 data-start=\"1241\" data-end=\"1264\">Fiche technique<\/h2>\n<ul data-start=\"1266\" data-end=\"1702\">\n<li class=\"\" data-start=\"1266\" data-end=\"1296\">\n<p class=\"\" data-start=\"1268\" data-end=\"1296\"><strong data-start=\"1268\" data-end=\"1280\">Mod\u00e8le :<\/strong> RC9600 WX-390<\/p>\n<\/li>\n<li class=\"\" data-start=\"1297\" data-end=\"1336\">\n<p class=\"\" data-start=\"1299\" data-end=\"1336\"><strong data-start=\"1299\" data-end=\"1311\">Moteur :<\/strong> Essence 4 temps, 13 HP<\/p>\n<\/li>\n<li class=\"\" data-start=\"1337\" data-end=\"1364\">\n<p class=\"\" data-start=\"1339\" data-end=\"1364\"><strong data-start=\"1339\" data-end=\"1354\">Cylindr\u00e9e :<\/strong> 389 cm\u00b3<\/p>\n<\/li>\n<li class=\"\" data-start=\"1365\" data-end=\"1416\">\n<p class=\"\" data-start=\"1367\" data-end=\"1416\"><strong data-start=\"1367\" data-end=\"1393\">Type de transmission :<\/strong> Engrenages renforc\u00e9s<\/p>\n<\/li>\n<li class=\"\" data-start=\"1417\" data-end=\"1453\">\n<p class=\"\" data-start=\"1419\" data-end=\"1453\"><strong data-start=\"1419\" data-end=\"1443\">Largeur de travail :<\/strong> 1100 mm<\/p>\n<\/li>\n<li class=\"\" data-start=\"1454\" data-end=\"1500\">\n<p class=\"\" data-start=\"1456\" data-end=\"1500\"><strong data-start=\"1456\" data-end=\"1483\">Profondeur de travail :<\/strong> Jusqu\u2019\u00e0 300 mm<\/p>\n<\/li>\n<li class=\"\" data-start=\"1501\" data-end=\"1541\">\n<p class=\"\" data-start=\"1503\" data-end=\"1541\"><strong data-start=\"1503\" data-end=\"1517\">Vitesses :<\/strong> Avant x2 \/ Arri\u00e8re x1<\/p>\n<\/li>\n<li class=\"\" data-start=\"1542\" data-end=\"1592\">\n<p class=\"\" data-start=\"1544\" data-end=\"1592\"><strong data-start=\"1544\" data-end=\"1555\">Roues :<\/strong> Pneumatiques crant\u00e9es grand format<\/p>\n<\/li>\n<li class=\"\" data-start=\"1593\" data-end=\"1636\">\n<p class=\"\" data-start=\"1595\" data-end=\"1636\"><strong data-start=\"1595\" data-end=\"1610\">D\u00e9marrage :<\/strong> Lanceur manuel renforc\u00e9<\/p>\n<\/li>\n<li class=\"\" data-start=\"1637\" data-end=\"1679\">\n<p class=\"\" data-start=\"1639\" data-end=\"1679\"><strong data-start=\"1639\" data-end=\"1663\">Capacit\u00e9 r\u00e9servoir :<\/strong> 6,5 L essence<\/p>\n<\/li>\n<\/ul>\n<h2>Ergonomie et maniabilit\u00e9<\/h2>\n<p>Ce motoculteur a \u00e9t\u00e9 sp\u00e9cialement con\u00e7u pour allier puissance, fiabilit\u00e9 et facilit\u00e9 d\u2019utilisation. En effet, il convient aussi bien aux professionnels qu\u2019aux particuliers qui recherchent un outil solide pour travailler diff\u00e9rents types de sols. Que le terrain soit meuble ou tr\u00e8s dur, il assure un travail efficace sans trop d\u2019effort. Gr\u00e2ce \u00e0 son moteur essence de 13 chevaux, il permet de travailler en profondeur tout en gardant un bon rythme. De plus, son ch\u00e2ssis renforc\u00e9 apporte une grande solidit\u00e9, tandis que ses grandes roues crant\u00e9es assurent une bonne adh\u00e9rence, m\u00eame sur sol humide ou irr\u00e9gulier.<\/p>\n<h2 data-start=\"2011\" data-end=\"2038\">Usage et performance<\/h2>\n<p class=\"\" data-start=\"2040\" data-end=\"2085\">Ce Motoculteur essence 13HP KIBOR est parfaitement adapt\u00e9 pour :<\/p>\n<ul data-start=\"2086\" data-end=\"2283\">\n<li class=\"\" data-start=\"2086\" data-end=\"2144\">\n<p class=\"\" data-start=\"2088\" data-end=\"2144\">Travailler de <strong data-start=\"2102\" data-end=\"2144\">grandes surfaces agricoles ou potagers<\/strong><\/p>\n<\/li>\n<li class=\"\" data-start=\"2145\" data-end=\"2195\">\n<p class=\"\" data-start=\"2147\" data-end=\"2195\"><strong data-start=\"2147\" data-end=\"2195\">Pr\u00e9parer les sols avant semis ou plantations<\/strong><\/p>\n<\/li>\n<li class=\"\" data-start=\"2196\" data-end=\"2241\">\n<p class=\"\" data-start=\"2198\" data-end=\"2241\"><strong data-start=\"2198\" data-end=\"2241\">D\u00e9compacter les sols lourds et argileux<\/strong><\/p>\n<\/li>\n<li class=\"\" data-start=\"2242\" data-end=\"2283\">\n<p class=\"\" data-start=\"2244\" data-end=\"2283\"><strong data-start=\"2244\" data-end=\"2283\">Entretenir les terres toute l\u2019ann\u00e9e<\/strong><\/p>\n<\/li>\n<\/ul>\n<p>Son <strong data-start=\"2289\" data-end=\"2316\">moteur puissant de 13HP<\/strong> permet d\u2019atteindre une <strong data-start=\"2340\" data-end=\"2374\">profondeur de travail efficace<\/strong>, tout en garantissant une <strong data-start=\"2401\" data-end=\"2427\">dur\u00e9e de vie prolong\u00e9e<\/strong> m\u00eame en usage quotidien.<\/p>\n<h2>Pourquoi choisir le motoculteur KIBOR RC9600 ?<\/h2>\n<p>Moteur essence robuste et performant<br data-start=\"2552\" data-end=\"2555\" \/>\u2714\ufe0f Largeur de travail id\u00e9ale pour grands terrains<br data-start=\"2604\" data-end=\"2607\" \/>\u2714\ufe0f Conception renforc\u00e9e, adapt\u00e9e aux usages intensifs<br data-start=\"2660\" data-end=\"2663\" \/>\u2714\ufe0f Tr\u00e8s bon rapport puissance\/prix<br data-start=\"2697\" data-end=\"2700\" \/>\u2714\ufe0f D\u00e9marrage facile, prise en main rapide<\/p>\n","protected":false},"excerpt":{"rendered":"<p><br data-mce-bogus=\"1\"><\/p>\n","protected":false},"featured_media":11741,"template":"","meta":[],"product_brand":[],"product_cat":[347],"product_tag":[1951,1950],"class_list":{"0":"post-11740","1":"product","2":"type-product","3":"status-publish","4":"has-post-thumbnail","6":"product_cat-jardinage","7":"product_tag-kibor-wk-390-13hp","8":"product_tag-motoculteur-essence-13-chevaux","10":"first","11":"instock","12":"taxable","13":"shipping-taxable","14":"purchasable","15":"product-type-simple"},"yoast_head":"<!-- This site is optimized with the Yoast SEO Premium plugin v20.0 (Yoast SEO v27.4) - https:\/\/yoast.com\/product\/yoast-seo-premium-wordpress\/ -->\n<title>Motoculteur essence 13HP KIBOR - DEKKAL<\/title>\n<meta name=\"description\" content=\"R\u00e9parez vos sols avec puissance gr\u00e2ce au Motoculteur essence 13HP KIBOR. Commandez d\u00e8s aujourd&#039;hui ou contactez-nous 0561792859.\" \/>\n<meta name=\"robots\" content=\"index, follow, max-snippet:-1, max-image-preview:large, max-video-preview:-1\" \/>\n<link rel=\"canonical\" href=\"https:\/\/dekkal-quincaillerie.dz\/fr\/produit\/motoculteur-essence-13hp-kibor\/\" \/>\n<script type=\"application\/ld+json\" class=\"yoast-schema-graph\">{\"@context\":\"https:\\\/\\\/schema.org\",\"@graph\":[{\"@type\":\"WebPage\",\"@id\":\"https:\\\/\\\/dekkal-quincaillerie.dz\\\/fr\\\/produit\\\/motoculteur-essence-13hp-kibor\\\/\",\"url\":\"https:\\\/\\\/dekkal-quincaillerie.dz\\\/fr\\\/produit\\\/motoculteur-essence-13hp-kibor\\\/\",\"name\":\"Motoculteur essence 13HP KIBOR - DEKKAL\",\"isPartOf\":{\"@id\":\"https:\\\/\\\/dekkal-quincaillerie.dz\\\/fr\\\/#website\"},\"primaryImageOfPage\":{\"@id\":\"https:\\\/\\\/dekkal-quincaillerie.dz\\\/fr\\\/produit\\\/motoculteur-essence-13hp-kibor\\\/#primaryimage\"},\"image\":{\"@id\":\"https:\\\/\\\/dekkal-quincaillerie.dz\\\/fr\\\/produit\\\/motoculteur-essence-13hp-kibor\\\/#primaryimage\"},\"thumbnailUrl\":\"https:\\\/\\\/dekkal-quincaillerie.dz\\\/fr\\\/wp-content\\\/uploads\\\/2025\\\/05\\\/1000030402.avif\",\"datePublished\":\"2025-05-20T07:29:49+00:00\",\"dateModified\":\"2025-05-20T07:29:50+00:00\",\"description\":\"R\u00e9parez vos sols avec puissance gr\u00e2ce au Motoculteur essence 13HP KIBOR. Commandez d\u00e8s aujourd'hui ou contactez-nous 0561792859.\",\"breadcrumb\":{\"@id\":\"https:\\\/\\\/dekkal-quincaillerie.dz\\\/fr\\\/produit\\\/motoculteur-essence-13hp-kibor\\\/#breadcrumb\"},\"inLanguage\":\"fr-FR\",\"potentialAction\":[{\"@type\":\"ReadAction\",\"target\":[\"https:\\\/\\\/dekkal-quincaillerie.dz\\\/fr\\\/produit\\\/motoculteur-essence-13hp-kibor\\\/\"]}]},{\"@type\":\"ImageObject\",\"inLanguage\":\"fr-FR\",\"@id\":\"https:\\\/\\\/dekkal-quincaillerie.dz\\\/fr\\\/produit\\\/motoculteur-essence-13hp-kibor\\\/#primaryimage\",\"url\":\"https:\\\/\\\/dekkal-quincaillerie.dz\\\/fr\\\/wp-content\\\/uploads\\\/2025\\\/05\\\/1000030402.avif\",\"contentUrl\":\"https:\\\/\\\/dekkal-quincaillerie.dz\\\/fr\\\/wp-content\\\/uploads\\\/2025\\\/05\\\/1000030402.avif\",\"width\":470,\"height\":470,\"caption\":\"Motoculteur essence 13HP KIBOR\"},{\"@type\":\"BreadcrumbList\",\"@id\":\"https:\\\/\\\/dekkal-quincaillerie.dz\\\/fr\\\/produit\\\/motoculteur-essence-13hp-kibor\\\/#breadcrumb\",\"itemListElement\":[{\"@type\":\"ListItem\",\"position\":1,\"name\":\"Accueil\",\"item\":\"https:\\\/\\\/dekkal-quincaillerie.dz\\\/fr\\\/\"},{\"@type\":\"ListItem\",\"position\":2,\"name\":\"Boutique\",\"item\":\"https:\\\/\\\/dekkal-quincaillerie.dz\\\/fr\\\/boutique\\\/\"},{\"@type\":\"ListItem\",\"position\":3,\"name\":\"MOTOCULTEUR ESSENCE 13HP RC9600 WX-390 KIBOR\"}]},{\"@type\":\"WebSite\",\"@id\":\"https:\\\/\\\/dekkal-quincaillerie.dz\\\/fr\\\/#website\",\"url\":\"https:\\\/\\\/dekkal-quincaillerie.dz\\\/fr\\\/\",\"name\":\"DEKKAL\",\"description\":\"\",\"publisher\":{\"@id\":\"https:\\\/\\\/dekkal-quincaillerie.dz\\\/fr\\\/#organization\"},\"potentialAction\":[{\"@type\":\"SearchAction\",\"target\":{\"@type\":\"EntryPoint\",\"urlTemplate\":\"https:\\\/\\\/dekkal-quincaillerie.dz\\\/fr\\\/?s={search_term_string}\"},\"query-input\":{\"@type\":\"PropertyValueSpecification\",\"valueRequired\":true,\"valueName\":\"search_term_string\"}}],\"inLanguage\":\"fr-FR\"},{\"@type\":\"Organization\",\"@id\":\"https:\\\/\\\/dekkal-quincaillerie.dz\\\/fr\\\/#organization\",\"name\":\"DEKKAL QUINCAILLERIE\",\"url\":\"https:\\\/\\\/dekkal-quincaillerie.dz\\\/fr\\\/\",\"logo\":{\"@type\":\"ImageObject\",\"inLanguage\":\"fr-FR\",\"@id\":\"https:\\\/\\\/dekkal-quincaillerie.dz\\\/fr\\\/#\\\/schema\\\/logo\\\/image\\\/\",\"url\":\"https:\\\/\\\/dekkal-quincaillerie.dz\\\/fr\\\/wp-content\\\/uploads\\\/2022\\\/03\\\/image_2022-03-19_172411.png\",\"contentUrl\":\"https:\\\/\\\/dekkal-quincaillerie.dz\\\/fr\\\/wp-content\\\/uploads\\\/2022\\\/03\\\/image_2022-03-19_172411.png\",\"width\":851,\"height\":315,\"caption\":\"DEKKAL QUINCAILLERIE\"},\"image\":{\"@id\":\"https:\\\/\\\/dekkal-quincaillerie.dz\\\/fr\\\/#\\\/schema\\\/logo\\\/image\\\/\"},\"sameAs\":[\"https:\\\/\\\/www.facebook.com\\\/ets.dekkal.1\",\"https:\\\/\\\/www.instagram.com\\\/ets.dekkal\\\/\"]}]}<\/script>\n<!-- \/ Yoast SEO Premium plugin. -->","yoast_head_json":{"title":"Motoculteur essence 13HP KIBOR - DEKKAL","description":"R\u00e9parez vos sols avec puissance gr\u00e2ce au Motoculteur essence 13HP KIBOR. Commandez d\u00e8s aujourd'hui ou contactez-nous 0561792859.","robots":{"index":"index","follow":"follow","max-snippet":"max-snippet:-1","max-image-preview":"max-image-preview:large","max-video-preview":"max-video-preview:-1"},"canonical":"https:\/\/dekkal-quincaillerie.dz\/fr\/produit\/motoculteur-essence-13hp-kibor\/","schema":{"@context":"https:\/\/schema.org","@graph":[{"@type":"WebPage","@id":"https:\/\/dekkal-quincaillerie.dz\/fr\/produit\/motoculteur-essence-13hp-kibor\/","url":"https:\/\/dekkal-quincaillerie.dz\/fr\/produit\/motoculteur-essence-13hp-kibor\/","name":"Motoculteur essence 13HP KIBOR - DEKKAL","isPartOf":{"@id":"https:\/\/dekkal-quincaillerie.dz\/fr\/#website"},"primaryImageOfPage":{"@id":"https:\/\/dekkal-quincaillerie.dz\/fr\/produit\/motoculteur-essence-13hp-kibor\/#primaryimage"},"image":{"@id":"https:\/\/dekkal-quincaillerie.dz\/fr\/produit\/motoculteur-essence-13hp-kibor\/#primaryimage"},"thumbnailUrl":"https:\/\/dekkal-quincaillerie.dz\/fr\/wp-content\/uploads\/2025\/05\/1000030402.avif","datePublished":"2025-05-20T07:29:49+00:00","dateModified":"2025-05-20T07:29:50+00:00","description":"R\u00e9parez vos sols avec puissance gr\u00e2ce au Motoculteur essence 13HP KIBOR. Commandez d\u00e8s aujourd'hui ou contactez-nous 0561792859.","breadcrumb":{"@id":"https:\/\/dekkal-quincaillerie.dz\/fr\/produit\/motoculteur-essence-13hp-kibor\/#breadcrumb"},"inLanguage":"fr-FR","potentialAction":[{"@type":"ReadAction","target":["https:\/\/dekkal-quincaillerie.dz\/fr\/produit\/motoculteur-essence-13hp-kibor\/"]}]},{"@type":"ImageObject","inLanguage":"fr-FR","@id":"https:\/\/dekkal-quincaillerie.dz\/fr\/produit\/motoculteur-essence-13hp-kibor\/#primaryimage","url":"https:\/\/dekkal-quincaillerie.dz\/fr\/wp-content\/uploads\/2025\/05\/1000030402.avif","contentUrl":"https:\/\/dekkal-quincaillerie.dz\/fr\/wp-content\/uploads\/2025\/05\/1000030402.avif","width":470,"height":470,"caption":"Motoculteur essence 13HP KIBOR"},{"@type":"BreadcrumbList","@id":"https:\/\/dekkal-quincaillerie.dz\/fr\/produit\/motoculteur-essence-13hp-kibor\/#breadcrumb","itemListElement":[{"@type":"ListItem","position":1,"name":"Accueil","item":"https:\/\/dekkal-quincaillerie.dz\/fr\/"},{"@type":"ListItem","position":2,"name":"Boutique","item":"https:\/\/dekkal-quincaillerie.dz\/fr\/boutique\/"},{"@type":"ListItem","position":3,"name":"MOTOCULTEUR ESSENCE 13HP RC9600 WX-390 KIBOR"}]},{"@type":"WebSite","@id":"https:\/\/dekkal-quincaillerie.dz\/fr\/#website","url":"https:\/\/dekkal-quincaillerie.dz\/fr\/","name":"DEKKAL","description":"","publisher":{"@id":"https:\/\/dekkal-quincaillerie.dz\/fr\/#organization"},"potentialAction":[{"@type":"SearchAction","target":{"@type":"EntryPoint","urlTemplate":"https:\/\/dekkal-quincaillerie.dz\/fr\/?s={search_term_string}"},"query-input":{"@type":"PropertyValueSpecification","valueRequired":true,"valueName":"search_term_string"}}],"inLanguage":"fr-FR"},{"@type":"Organization","@id":"https:\/\/dekkal-quincaillerie.dz\/fr\/#organization","name":"DEKKAL QUINCAILLERIE","url":"https:\/\/dekkal-quincaillerie.dz\/fr\/","logo":{"@type":"ImageObject","inLanguage":"fr-FR","@id":"https:\/\/dekkal-quincaillerie.dz\/fr\/#\/schema\/logo\/image\/","url":"https:\/\/dekkal-quincaillerie.dz\/fr\/wp-content\/uploads\/2022\/03\/image_2022-03-19_172411.png","contentUrl":"https:\/\/dekkal-quincaillerie.dz\/fr\/wp-content\/uploads\/2022\/03\/image_2022-03-19_172411.png","width":851,"height":315,"caption":"DEKKAL QUINCAILLERIE"},"image":{"@id":"https:\/\/dekkal-quincaillerie.dz\/fr\/#\/schema\/logo\/image\/"},"sameAs":["https:\/\/www.facebook.com\/ets.dekkal.1","https:\/\/www.instagram.com\/ets.dekkal\/"]}]}},"_links":{"self":[{"href":"https:\/\/dekkal-quincaillerie.dz\/fr\/wp-json\/wp\/v2\/product\/11740","targetHints":{"allow":["GET"]}}],"collection":[{"href":"https:\/\/dekkal-quincaillerie.dz\/fr\/wp-json\/wp\/v2\/product"}],"about":[{"href":"https:\/\/dekkal-quincaillerie.dz\/fr\/wp-json\/wp\/v2\/types\/product"}],"wp:featuredmedia":[{"embeddable":true,"href":"https:\/\/dekkal-quincaillerie.dz\/fr\/wp-json\/wp\/v2\/media\/11741"}],"wp:attachment":[{"href":"https:\/\/dekkal-quincaillerie.dz\/fr\/wp-json\/wp\/v2\/media?parent=11740"}],"wp:term":[{"taxonomy":"product_brand","embeddable":true,"href":"https:\/\/dekkal-quincaillerie.dz\/fr\/wp-json\/wp\/v2\/product_brand?post=11740"},{"taxonomy":"product_cat","embeddable":true,"href":"https:\/\/dekkal-quincaillerie.dz\/fr\/wp-json\/wp\/v2\/product_cat?post=11740"},{"taxonomy":"product_tag","embeddable":true,"href":"https:\/\/dekkal-quincaillerie.dz\/fr\/wp-json\/wp\/v2\/product_tag?post=11740"}],"curies":[{"name":"wp","href":"https:\/\/api.w.org\/{rel}","templated":true}]}}