{"id":11641,"date":"2025-05-20T09:03:02","date_gmt":"2025-05-20T09:03:02","guid":{"rendered":"https:\/\/dekkal-quincaillerie.dz\/fr\/?post_type=product&#038;p=11641"},"modified":"2025-05-20T09:03:03","modified_gmt":"2025-05-20T09:03:03","slug":"meuleuse-angulaire-total","status":"publish","type":"product","link":"https:\/\/dekkal-quincaillerie.dz\/fr\/produit\/meuleuse-angulaire-total\/","title":{"rendered":"MEULEUSE ANGULAIRE \u00d8 230MM 2200W TG12223026 TOTAL"},"content":{"rendered":"<h1>Meuleuse Angulaire TOTAL : Puissance et performance au service de vos travaux de coupe et de meulage \u2699\ufe0f<\/h1>\n<p>La <strong data-start=\"335\" data-end=\"374\">meuleuse angulaire TOTAL TG12223026<\/strong> est l&rsquo;outil id\u00e9al pour tous les travaux de coupe, de pon\u00e7age et d\u2019\u00e9barbage sur m\u00e9tal, b\u00e9ton ou pierre. Dot\u00e9e d\u2019un moteur haute performance de <strong data-start=\"517\" data-end=\"526\">2200W<\/strong>, elle allie robustesse, puissance et pr\u00e9cision pour garantir des r\u00e9sultats professionnels, m\u00eame dans les conditions les plus exigeantes. Con\u00e7ue pour les artisans comme pour les bricoleurs avertis, cette meuleuse \u00d8 230 mm est un indispensable de l\u2019outillage \u00e9lectroportatif.<\/p>\n<h2><strong data-start=\"812\" data-end=\"845\">Caract\u00e9ristiques techniques :<\/strong><\/h2>\n<ul>\n<li><strong>Nom du produit :<\/strong> Meuleuse Angulaire<\/li>\n<li><strong>Fabricant :<\/strong> TOTAL<\/li>\n<li><strong>R\u00e9f\u00e9rence :<\/strong> TG1223026<\/li>\n<li><strong>Puissance :<\/strong> 2200W<\/li>\n<li><strong>Tension :<\/strong> 220-240V ~ 50\/60Hz<\/li>\n<li><strong data-start=\"911\" data-end=\"933\">Diam\u00e8tre du disque<\/strong> : \u00d8 230 mm<\/li>\n<li><strong>Accessoire inclus :<\/strong> Un jeu de charbon de rechange, une cl\u00e9 hexagonale, une cl\u00e9 de serrage, une poign\u00e9e auxiliaire.<\/li>\n<li><strong data-start=\"949\" data-end=\"967\">Vitesse \u00e0 vide<\/strong> : 6600 tr\/min<\/li>\n<li><strong data-start=\"986\" data-end=\"1009\">Filetage de l&rsquo;arbre<\/strong> : M14<\/li>\n<li><strong data-start=\"1020\" data-end=\"1040\">Poign\u00e9e lat\u00e9rale<\/strong> : 3 positions<\/li>\n<\/ul>\n<h3 data-start=\"1407\" data-end=\"1452\"><strong data-start=\"1414\" data-end=\"1452\">Ergonomie et confort d\u2019utilisation<\/strong><\/h3>\n<p class=\"\" data-start=\"1454\" data-end=\"1779\">Gr\u00e2ce \u00e0 sa <strong data-start=\"1465\" data-end=\"1513\">poign\u00e9e lat\u00e9rale r\u00e9glable en trois positions<\/strong>, la TG12223026 s\u2019adapte facilement aux besoins de chaque t\u00e2che. Sa conception compacte et \u00e9quilibr\u00e9e r\u00e9duit la fatigue en usage prolong\u00e9. Le <strong data-start=\"1655\" data-end=\"1682\">rev\u00eatement antid\u00e9rapant<\/strong> assure une excellente prise en main, m\u00eame avec des gants ou dans des environnements poussi\u00e9reux.<\/p>\n<p class=\"\" data-start=\"1781\" data-end=\"1905\">Le <strong data-start=\"1784\" data-end=\"1805\">carter orientable<\/strong> permet de travailler en toute s\u00e9curit\u00e9, tout en assurant une bonne visibilit\u00e9 sur la zone de coupe.<\/p>\n<p data-start=\"1781\" data-end=\"1905\">\ud83d\udd12 <strong data-start=\"2393\" data-end=\"2418\">S\u00e9curit\u00e9 et Fiabilit\u00e9<\/strong><\/p>\n<p class=\"\" data-start=\"2420\" data-end=\"2639\">La meuleuse TG12223026 est dot\u00e9e d\u2019un <strong data-start=\"2458\" data-end=\"2486\">interrupteur de s\u00e9curit\u00e9<\/strong> pour \u00e9viter les d\u00e9marrages accidentels, ainsi que d\u2019un <strong data-start=\"2542\" data-end=\"2576\">carter de protection ajustable<\/strong>, garantissant la s\u00e9curit\u00e9 de l\u2019utilisateur pendant le travail.<\/p>\n<p class=\"\" data-start=\"2641\" data-end=\"2803\">Sa <strong data-start=\"2644\" data-end=\"2668\">construction robuste<\/strong> et son <strong data-start=\"2676\" data-end=\"2715\">syst\u00e8me de refroidissement optimis\u00e9<\/strong> assurent une long\u00e9vit\u00e9 accrue et une fiabilit\u00e9 \u00e0 toute \u00e9preuve, m\u00eame en usage intensif.<\/p>\n<h2 class=\"\" data-start=\"2810\" data-end=\"2845\"><strong data-start=\"2816\" data-end=\"2845\">Performance et Durabilit\u00e9<\/strong><\/h2>\n<p class=\"\" data-start=\"2847\" data-end=\"3122\">Avec ses <strong data-start=\"2856\" data-end=\"2871\">6600 tr\/min<\/strong> \u00e0 vide, cette meuleuse offre une vitesse de travail \u00e9lev\u00e9e, id\u00e9ale pour les chantiers qui exigent productivit\u00e9 et pr\u00e9cision. Sa <strong data-start=\"3000\" data-end=\"3022\">conception robuste<\/strong> permet une utilisation prolong\u00e9e sans perte de puissance, m\u00eame lors des coupes les plus exigeantes.<\/p>\n<p class=\"\" data-start=\"3124\" data-end=\"3231\">La <strong data-start=\"3127\" data-end=\"3147\">TG12223026 TOTAL<\/strong> est un outil con\u00e7u pour durer, combinant <strong data-start=\"3189\" data-end=\"3230\">efficacit\u00e9, r\u00e9sistance et maniabilit\u00e9<\/strong>.<\/p>\n","protected":false},"excerpt":{"rendered":"<p>Meuleuse Angulaire TOTAL : Puissance et performance au service de vos travaux de coupe et de meulage \u2699\ufe0f La meuleuse angulaire TOTAL TG12223026 est l&rsquo;outil id\u00e9al pour tous les travaux de coupe, de pon\u00e7age et d\u2019\u00e9barbage sur m\u00e9tal, b\u00e9ton ou pierre. Dot\u00e9e d\u2019un moteur haute performance de 2200W, elle allie robustesse, puissance et pr\u00e9cision pour [&hellip;]<\/p>\n","protected":false},"featured_media":11659,"template":"","meta":[],"product_brand":[],"product_cat":[204],"product_tag":[1198,1911,1910],"class_list":{"0":"post-11641","1":"product","2":"type-product","3":"status-publish","4":"has-post-thumbnail","6":"product_cat-batiment","7":"product_tag-meuleuse-angulaire","8":"product_tag-meuleuse-pas-chere","9":"product_tag-meuleuse-total","11":"first","12":"instock","13":"taxable","14":"shipping-taxable","15":"purchasable","16":"product-type-simple"},"yoast_head":"<!-- This site is optimized with the Yoast SEO Premium plugin v20.0 (Yoast SEO v27.4) - https:\/\/yoast.com\/product\/yoast-seo-premium-wordpress\/ -->\n<title>meuleuse angulaire TOTAL - DEKKAL<\/title>\n<meta name=\"description\" content=\"d\u00e9couvrez notre meuleuse angulaire TOTAL, l&#039;outil id\u00e9al pour tous vos travaux de coupage. contactez-nous au 0561792859. livraison disponible\" \/>\n<meta name=\"robots\" content=\"index, follow, max-snippet:-1, max-image-preview:large, max-video-preview:-1\" \/>\n<link rel=\"canonical\" href=\"https:\/\/dekkal-quincaillerie.dz\/fr\/produit\/meuleuse-angulaire-total\/\" \/>\n<script type=\"application\/ld+json\" class=\"yoast-schema-graph\">{\"@context\":\"https:\\\/\\\/schema.org\",\"@graph\":[{\"@type\":\"WebPage\",\"@id\":\"https:\\\/\\\/dekkal-quincaillerie.dz\\\/fr\\\/produit\\\/meuleuse-angulaire-total\\\/\",\"url\":\"https:\\\/\\\/dekkal-quincaillerie.dz\\\/fr\\\/produit\\\/meuleuse-angulaire-total\\\/\",\"name\":\"meuleuse angulaire TOTAL - DEKKAL\",\"isPartOf\":{\"@id\":\"https:\\\/\\\/dekkal-quincaillerie.dz\\\/fr\\\/#website\"},\"primaryImageOfPage\":{\"@id\":\"https:\\\/\\\/dekkal-quincaillerie.dz\\\/fr\\\/produit\\\/meuleuse-angulaire-total\\\/#primaryimage\"},\"image\":{\"@id\":\"https:\\\/\\\/dekkal-quincaillerie.dz\\\/fr\\\/produit\\\/meuleuse-angulaire-total\\\/#primaryimage\"},\"thumbnailUrl\":\"https:\\\/\\\/dekkal-quincaillerie.dz\\\/fr\\\/wp-content\\\/uploads\\\/2025\\\/05\\\/TG12223026_6b7e7612-6ac5-4aa5-bc33-4aa07c745523_1200x.avif\",\"datePublished\":\"2025-05-20T09:03:02+00:00\",\"dateModified\":\"2025-05-20T09:03:03+00:00\",\"description\":\"d\u00e9couvrez notre meuleuse angulaire TOTAL, l'outil id\u00e9al pour tous vos travaux de coupage. contactez-nous au 0561792859. livraison disponible\",\"breadcrumb\":{\"@id\":\"https:\\\/\\\/dekkal-quincaillerie.dz\\\/fr\\\/produit\\\/meuleuse-angulaire-total\\\/#breadcrumb\"},\"inLanguage\":\"fr-FR\",\"potentialAction\":[{\"@type\":\"ReadAction\",\"target\":[\"https:\\\/\\\/dekkal-quincaillerie.dz\\\/fr\\\/produit\\\/meuleuse-angulaire-total\\\/\"]}]},{\"@type\":\"ImageObject\",\"inLanguage\":\"fr-FR\",\"@id\":\"https:\\\/\\\/dekkal-quincaillerie.dz\\\/fr\\\/produit\\\/meuleuse-angulaire-total\\\/#primaryimage\",\"url\":\"https:\\\/\\\/dekkal-quincaillerie.dz\\\/fr\\\/wp-content\\\/uploads\\\/2025\\\/05\\\/TG12223026_6b7e7612-6ac5-4aa5-bc33-4aa07c745523_1200x.avif\",\"contentUrl\":\"https:\\\/\\\/dekkal-quincaillerie.dz\\\/fr\\\/wp-content\\\/uploads\\\/2025\\\/05\\\/TG12223026_6b7e7612-6ac5-4aa5-bc33-4aa07c745523_1200x.avif\",\"width\":1200,\"height\":698,\"caption\":\"MEULEUSE ANGULAIRE \u00d8 230MM 2200W TG12223026 TOTAL\"},{\"@type\":\"BreadcrumbList\",\"@id\":\"https:\\\/\\\/dekkal-quincaillerie.dz\\\/fr\\\/produit\\\/meuleuse-angulaire-total\\\/#breadcrumb\",\"itemListElement\":[{\"@type\":\"ListItem\",\"position\":1,\"name\":\"Accueil\",\"item\":\"https:\\\/\\\/dekkal-quincaillerie.dz\\\/fr\\\/\"},{\"@type\":\"ListItem\",\"position\":2,\"name\":\"Boutique\",\"item\":\"https:\\\/\\\/dekkal-quincaillerie.dz\\\/fr\\\/boutique\\\/\"},{\"@type\":\"ListItem\",\"position\":3,\"name\":\"MEULEUSE ANGULAIRE \u00d8 230MM 2200W TG12223026 TOTAL\"}]},{\"@type\":\"WebSite\",\"@id\":\"https:\\\/\\\/dekkal-quincaillerie.dz\\\/fr\\\/#website\",\"url\":\"https:\\\/\\\/dekkal-quincaillerie.dz\\\/fr\\\/\",\"name\":\"DEKKAL\",\"description\":\"\",\"publisher\":{\"@id\":\"https:\\\/\\\/dekkal-quincaillerie.dz\\\/fr\\\/#organization\"},\"potentialAction\":[{\"@type\":\"SearchAction\",\"target\":{\"@type\":\"EntryPoint\",\"urlTemplate\":\"https:\\\/\\\/dekkal-quincaillerie.dz\\\/fr\\\/?s={search_term_string}\"},\"query-input\":{\"@type\":\"PropertyValueSpecification\",\"valueRequired\":true,\"valueName\":\"search_term_string\"}}],\"inLanguage\":\"fr-FR\"},{\"@type\":\"Organization\",\"@id\":\"https:\\\/\\\/dekkal-quincaillerie.dz\\\/fr\\\/#organization\",\"name\":\"DEKKAL QUINCAILLERIE\",\"url\":\"https:\\\/\\\/dekkal-quincaillerie.dz\\\/fr\\\/\",\"logo\":{\"@type\":\"ImageObject\",\"inLanguage\":\"fr-FR\",\"@id\":\"https:\\\/\\\/dekkal-quincaillerie.dz\\\/fr\\\/#\\\/schema\\\/logo\\\/image\\\/\",\"url\":\"https:\\\/\\\/dekkal-quincaillerie.dz\\\/fr\\\/wp-content\\\/uploads\\\/2022\\\/03\\\/image_2022-03-19_172411.png\",\"contentUrl\":\"https:\\\/\\\/dekkal-quincaillerie.dz\\\/fr\\\/wp-content\\\/uploads\\\/2022\\\/03\\\/image_2022-03-19_172411.png\",\"width\":851,\"height\":315,\"caption\":\"DEKKAL QUINCAILLERIE\"},\"image\":{\"@id\":\"https:\\\/\\\/dekkal-quincaillerie.dz\\\/fr\\\/#\\\/schema\\\/logo\\\/image\\\/\"},\"sameAs\":[\"https:\\\/\\\/www.facebook.com\\\/ets.dekkal.1\",\"https:\\\/\\\/www.instagram.com\\\/ets.dekkal\\\/\"]}]}<\/script>\n<!-- \/ Yoast SEO Premium plugin. -->","yoast_head_json":{"title":"meuleuse angulaire TOTAL - DEKKAL","description":"d\u00e9couvrez notre meuleuse angulaire TOTAL, l'outil id\u00e9al pour tous vos travaux de coupage. contactez-nous au 0561792859. livraison disponible","robots":{"index":"index","follow":"follow","max-snippet":"max-snippet:-1","max-image-preview":"max-image-preview:large","max-video-preview":"max-video-preview:-1"},"canonical":"https:\/\/dekkal-quincaillerie.dz\/fr\/produit\/meuleuse-angulaire-total\/","schema":{"@context":"https:\/\/schema.org","@graph":[{"@type":"WebPage","@id":"https:\/\/dekkal-quincaillerie.dz\/fr\/produit\/meuleuse-angulaire-total\/","url":"https:\/\/dekkal-quincaillerie.dz\/fr\/produit\/meuleuse-angulaire-total\/","name":"meuleuse angulaire TOTAL - DEKKAL","isPartOf":{"@id":"https:\/\/dekkal-quincaillerie.dz\/fr\/#website"},"primaryImageOfPage":{"@id":"https:\/\/dekkal-quincaillerie.dz\/fr\/produit\/meuleuse-angulaire-total\/#primaryimage"},"image":{"@id":"https:\/\/dekkal-quincaillerie.dz\/fr\/produit\/meuleuse-angulaire-total\/#primaryimage"},"thumbnailUrl":"https:\/\/dekkal-quincaillerie.dz\/fr\/wp-content\/uploads\/2025\/05\/TG12223026_6b7e7612-6ac5-4aa5-bc33-4aa07c745523_1200x.avif","datePublished":"2025-05-20T09:03:02+00:00","dateModified":"2025-05-20T09:03:03+00:00","description":"d\u00e9couvrez notre meuleuse angulaire TOTAL, l'outil id\u00e9al pour tous vos travaux de coupage. contactez-nous au 0561792859. livraison disponible","breadcrumb":{"@id":"https:\/\/dekkal-quincaillerie.dz\/fr\/produit\/meuleuse-angulaire-total\/#breadcrumb"},"inLanguage":"fr-FR","potentialAction":[{"@type":"ReadAction","target":["https:\/\/dekkal-quincaillerie.dz\/fr\/produit\/meuleuse-angulaire-total\/"]}]},{"@type":"ImageObject","inLanguage":"fr-FR","@id":"https:\/\/dekkal-quincaillerie.dz\/fr\/produit\/meuleuse-angulaire-total\/#primaryimage","url":"https:\/\/dekkal-quincaillerie.dz\/fr\/wp-content\/uploads\/2025\/05\/TG12223026_6b7e7612-6ac5-4aa5-bc33-4aa07c745523_1200x.avif","contentUrl":"https:\/\/dekkal-quincaillerie.dz\/fr\/wp-content\/uploads\/2025\/05\/TG12223026_6b7e7612-6ac5-4aa5-bc33-4aa07c745523_1200x.avif","width":1200,"height":698,"caption":"MEULEUSE ANGULAIRE \u00d8 230MM 2200W TG12223026 TOTAL"},{"@type":"BreadcrumbList","@id":"https:\/\/dekkal-quincaillerie.dz\/fr\/produit\/meuleuse-angulaire-total\/#breadcrumb","itemListElement":[{"@type":"ListItem","position":1,"name":"Accueil","item":"https:\/\/dekkal-quincaillerie.dz\/fr\/"},{"@type":"ListItem","position":2,"name":"Boutique","item":"https:\/\/dekkal-quincaillerie.dz\/fr\/boutique\/"},{"@type":"ListItem","position":3,"name":"MEULEUSE ANGULAIRE \u00d8 230MM 2200W TG12223026 TOTAL"}]},{"@type":"WebSite","@id":"https:\/\/dekkal-quincaillerie.dz\/fr\/#website","url":"https:\/\/dekkal-quincaillerie.dz\/fr\/","name":"DEKKAL","description":"","publisher":{"@id":"https:\/\/dekkal-quincaillerie.dz\/fr\/#organization"},"potentialAction":[{"@type":"SearchAction","target":{"@type":"EntryPoint","urlTemplate":"https:\/\/dekkal-quincaillerie.dz\/fr\/?s={search_term_string}"},"query-input":{"@type":"PropertyValueSpecification","valueRequired":true,"valueName":"search_term_string"}}],"inLanguage":"fr-FR"},{"@type":"Organization","@id":"https:\/\/dekkal-quincaillerie.dz\/fr\/#organization","name":"DEKKAL QUINCAILLERIE","url":"https:\/\/dekkal-quincaillerie.dz\/fr\/","logo":{"@type":"ImageObject","inLanguage":"fr-FR","@id":"https:\/\/dekkal-quincaillerie.dz\/fr\/#\/schema\/logo\/image\/","url":"https:\/\/dekkal-quincaillerie.dz\/fr\/wp-content\/uploads\/2022\/03\/image_2022-03-19_172411.png","contentUrl":"https:\/\/dekkal-quincaillerie.dz\/fr\/wp-content\/uploads\/2022\/03\/image_2022-03-19_172411.png","width":851,"height":315,"caption":"DEKKAL QUINCAILLERIE"},"image":{"@id":"https:\/\/dekkal-quincaillerie.dz\/fr\/#\/schema\/logo\/image\/"},"sameAs":["https:\/\/www.facebook.com\/ets.dekkal.1","https:\/\/www.instagram.com\/ets.dekkal\/"]}]}},"_links":{"self":[{"href":"https:\/\/dekkal-quincaillerie.dz\/fr\/wp-json\/wp\/v2\/product\/11641","targetHints":{"allow":["GET"]}}],"collection":[{"href":"https:\/\/dekkal-quincaillerie.dz\/fr\/wp-json\/wp\/v2\/product"}],"about":[{"href":"https:\/\/dekkal-quincaillerie.dz\/fr\/wp-json\/wp\/v2\/types\/product"}],"wp:featuredmedia":[{"embeddable":true,"href":"https:\/\/dekkal-quincaillerie.dz\/fr\/wp-json\/wp\/v2\/media\/11659"}],"wp:attachment":[{"href":"https:\/\/dekkal-quincaillerie.dz\/fr\/wp-json\/wp\/v2\/media?parent=11641"}],"wp:term":[{"taxonomy":"product_brand","embeddable":true,"href":"https:\/\/dekkal-quincaillerie.dz\/fr\/wp-json\/wp\/v2\/product_brand?post=11641"},{"taxonomy":"product_cat","embeddable":true,"href":"https:\/\/dekkal-quincaillerie.dz\/fr\/wp-json\/wp\/v2\/product_cat?post=11641"},{"taxonomy":"product_tag","embeddable":true,"href":"https:\/\/dekkal-quincaillerie.dz\/fr\/wp-json\/wp\/v2\/product_tag?post=11641"}],"curies":[{"name":"wp","href":"https:\/\/api.w.org\/{rel}","templated":true}]}}